{"id":46829,"date":"2022-12-23T14:02:30","date_gmt":"2022-12-23T13:02:30","guid":{"rendered":"https:\/\/mondevanille.com\/?post_type=product&#038;p=46829"},"modified":"2025-10-21T21:26:17","modified_gmt":"2025-10-21T19:26:17","slug":"gousse-de-comores-professionnel","status":"publish","type":"product","link":"https:\/\/mondevanille.com\/es\/producto\/gousse-de-comores-professionnel\/","title":{"rendered":"Vaina de vainilla Comoras PROFESIONAL"},"content":{"rendered":"<p>Beneficiaria de la denominaci\u00f3n Bourbon, la vainilla de Comoras nos ofrece notas arom\u00e1ticas fuertemente floridas y embriagadoras con un contenido inigualable de vainillina del 2%. Vanille polyvalente avec son c\u00f4t\u00e9 moins sucr\u00e9 et plus brut que Madagascar, elle convient \u00e0 tout type de recette.<br \/>\nNos prix sont TTC - Franco de Port France \u00e0 partir de 50 euro d&#8217;achat.<\/p>\n<p><em><strong>Encuentre las Fichas T\u00e9cnicas, el Certificado Org\u00e1nico y los Boletines de An\u00e1lisis en la pesta\u00f1a \u00abCOMPROMISO DE CALIDAD\u00bb de nuestra web.<\/strong><\/em><\/p>\n","protected":false},"excerpt":{"rendered":"<p>Beneficiaria de la denominaci\u00f3n Bourbon, la vainilla de Comoras nos ofrece notas arom\u00e1ticas fuertemente floridas y embriagadoras con un contenido inigualable de vainillina del 2%. Una vainilla vers\u00e1til con un lado menos dulce y m\u00e1s crudo que la de Madagascar, es adecuada para todo tipo de recetas.<\/p>\n<p>Nuestras ofertas: Envasado econ\u00f3mico en bolsas de vac\u00edo de 0,250 kg a 25 kg.<br \/>\nOrigen garantizado. Cumple la norma afnor 5565-1.<br \/>\nNuestros precios incluyen IVA - Entrega gratuita Francia a partir de 50 euros de compra. <\/p>\n","protected":false},"featured_media":46977,"template":"","meta":[],"product_brand":[],"product_cat":[670],"product_tag":[],"class_list":{"0":"post-46829","1":"product","2":"type-product","3":"status-publish","4":"has-post-thumbnail","6":"product_cat-profesionales","8":"first","9":"outofstock","10":"taxable","11":"shipping-taxable","12":"purchasable","13":"product-type-variable","14":"has-default-attributes","15":"wvs-archive-product-wrapper"},"aioseo_notices":[],"_links":{"self":[{"href":"https:\/\/mondevanille.com\/es\/wp-json\/wp\/v2\/product\/46829","targetHints":{"allow":["GET"]}}],"collection":[{"href":"https:\/\/mondevanille.com\/es\/wp-json\/wp\/v2\/product"}],"about":[{"href":"https:\/\/mondevanille.com\/es\/wp-json\/wp\/v2\/types\/product"}],"wp:featuredmedia":[{"embeddable":true,"href":"https:\/\/mondevanille.com\/es\/wp-json\/wp\/v2\/media\/46977"}],"wp:attachment":[{"href":"https:\/\/mondevanille.com\/es\/wp-json\/wp\/v2\/media?parent=46829"}],"wp:term":[{"taxonomy":"product_brand","embeddable":true,"href":"https:\/\/mondevanille.com\/es\/wp-json\/wp\/v2\/product_brand?post=46829"},{"taxonomy":"product_cat","embeddable":true,"href":"https:\/\/mondevanille.com\/es\/wp-json\/wp\/v2\/product_cat?post=46829"},{"taxonomy":"product_tag","embeddable":true,"href":"https:\/\/mondevanille.com\/es\/wp-json\/wp\/v2\/product_tag?post=46829"}],"curies":[{"name":"wp","href":"https:\/\/api.w.org\/{rel}","templated":true}]}}