{"id":47092,"date":"2022-12-23T14:21:15","date_gmt":"2022-12-23T13:21:15","guid":{"rendered":"https:\/\/mondevanille.com\/?post_type=product&#038;p=47092"},"modified":"2025-03-21T10:04:34","modified_gmt":"2025-03-21T09:04:34","slug":"clavo-de-nueva-caledonia-profesional","status":"publish","type":"product","link":"https:\/\/mondevanille.com\/es\/producto\/clavo-de-nueva-caledonia-profesional\/","title":{"rendered":"Vaina de vainilla <br>Nueva Caledonia <br>PROFESIONAL"},"content":{"rendered":"<p>Nuestras ofertas : Envasado econ\u00f3mico en bolsas de vac\u00edo de 0,250 kg a 25 kg.<\/p>\n<p>Origen garantizado. Afnor 5565-1 compatible.<\/p>\n<p>Nuestros precios incluyen el IVA - env\u00edo gratuito en Francia para pedidos de 50 euros o m\u00e1s.<\/p>\n<p><em><strong>Encuentre las Fichas T\u00e9cnicas, el Certificado Org\u00e1nico y los Boletines de An\u00e1lisis en la pesta\u00f1a \u00abCOMPROMISO DE CALIDAD\u00bb de nuestra web.<\/strong><\/em><\/p>\n","protected":false},"excerpt":{"rendered":"<p>Nuestras ofertas : Envasado econ\u00f3mico en bolsas de vac\u00edo de 0,250 kg a 25 kg.<\/p>\n<p>Origen garantizado. Afnor 5565-1 compatible.<\/p>\n<p>Nuestros precios incluyen el IVA - env\u00edo gratuito en Francia para pedidos de 50 euros o m\u00e1s.<\/p>\n<p>&nbsp;<\/p>\n","protected":false},"featured_media":54960,"template":"","meta":[],"product_brand":[],"product_cat":[670],"product_tag":[],"class_list":{"0":"post-47092","1":"product","2":"type-product","3":"status-publish","4":"has-post-thumbnail","6":"product_cat-profesionales","8":"first","9":"instock","10":"taxable","11":"shipping-taxable","12":"purchasable","13":"product-type-variable","14":"wvs-archive-product-wrapper"},"aioseo_notices":[],"_links":{"self":[{"href":"https:\/\/mondevanille.com\/es\/wp-json\/wp\/v2\/product\/47092","targetHints":{"allow":["GET"]}}],"collection":[{"href":"https:\/\/mondevanille.com\/es\/wp-json\/wp\/v2\/product"}],"about":[{"href":"https:\/\/mondevanille.com\/es\/wp-json\/wp\/v2\/types\/product"}],"wp:featuredmedia":[{"embeddable":true,"href":"https:\/\/mondevanille.com\/es\/wp-json\/wp\/v2\/media\/54960"}],"wp:attachment":[{"href":"https:\/\/mondevanille.com\/es\/wp-json\/wp\/v2\/media?parent=47092"}],"wp:term":[{"taxonomy":"product_brand","embeddable":true,"href":"https:\/\/mondevanille.com\/es\/wp-json\/wp\/v2\/product_brand?post=47092"},{"taxonomy":"product_cat","embeddable":true,"href":"https:\/\/mondevanille.com\/es\/wp-json\/wp\/v2\/product_cat?post=47092"},{"taxonomy":"product_tag","embeddable":true,"href":"https:\/\/mondevanille.com\/es\/wp-json\/wp\/v2\/product_tag?post=47092"}],"curies":[{"name":"wp","href":"https:\/\/api.w.org\/{rel}","templated":true}]}}