{"id":47221,"date":"2022-12-23T15:23:20","date_gmt":"2022-12-23T14:23:20","guid":{"rendered":"https:\/\/mondevanille.com\/?post_type=product&#038;p=47221"},"modified":"2026-04-08T11:59:00","modified_gmt":"2026-04-08T09:59:00","slug":"gousse-ile-de-la-reunion-professionnel","status":"publish","type":"product","link":"https:\/\/mondevanille.com\/es\/producto\/gousse-ile-de-la-reunion-professionnel\/","title":{"rendered":"Vaina de vainilla <br>Isla Reuni\u00f3n <br>PROFESSIONNEL"},"content":{"rendered":"<p>Vainilla Isla Reuni\u00f3n<\/p>\n<div class=\"elementor-element elementor-element-b1c818d elementor-widget elementor-widget-heading\" data-id=\"b1c818d\" data-element_type=\"widget\" data-e-type=\"widget\" data-widget_type=\"heading.default\">\n<div class=\"elementor-widget-container\">\n<p class=\"elementor-heading-title elementor-size-default\">Borb\u00f3n Franc\u00e9s - (Oc\u00e9ano \u00cdndico)<\/p>\n<\/div>\n<\/div>\n<div class=\"elementor-element elementor-element-08c3ba9 elementor-widget elementor-widget-text-editor\" data-id=\"08c3ba9\" data-element_type=\"widget\" data-e-type=\"widget\" data-widget_type=\"text-editor.default\">\n<div class=\"elementor-widget-container\">\n<p>Diferencias significativas de aroma seg\u00fan el productor, las vainas ricas en granos negros son generalmente m\u00e1s finas que las de Madagascar o Comores, con un aroma t\u00edpico de las vainillas Planifolia (achocolatado, especiado).<\/p>\n<p><em><strong>Aplicaciones recomendadas<\/strong><\/em> Pescados, carnes blancas, compotas, macedonias.<\/p>\n<\/div>\n<\/div>\n<p>Nuestras ofertas: Envasado econ\u00f3mico en bolsas de vac\u00edo de 0,250 kg a 25 kg.<br \/>\nOrigen garantizado. Cumple la norma afnor 5565-1.<br \/>\nNuestros precios incluyen IVA - Entrega gratuita Francia a partir de 50 euros de compra. <\/p>\n<p><em><strong><a title=\"Fichas t\u00e9cnicas\" href=\"https:\/\/mondevanille.com\/es\/hojas-de-datos\/\">Las Fichas T\u00e9cnicas<\/a>, los Certificados Ecol\u00f3gicos y los Boletines de An\u00e1lisis se encuentran en la secci\u00f3n \u00abCOMPROMISO DE CALIDAD\u00bb de nuestro sitio web.  <\/strong><\/em><\/p>\n","protected":false},"excerpt":{"rendered":"<p>Nuestras ofertas : Envasado econ\u00f3mico en bolsas de vac\u00edo de 0,250 kg a 25 kg.<\/p>\n<p>Origen garantizado. Afnor 5565-1 compatible.<\/p>\n<p>Nuestros precios incluyen el IVA - env\u00edo gratuito en Francia para pedidos de 50 euros o m\u00e1s.<\/p>\n<p>Tambi\u00e9n disponible en<span style=\"color: #993300;\"> <a style=\"color: #993300;\" title=\"Org\u00e1nica - Vainilla por kilo\" href=\"https:\/\/mondevanille.com\/produit\/vanille-au-kilo-bio\/\">&gt;&gt;BIO&lt;&lt;<\/a><\/span><\/p>\n","protected":false},"featured_media":10842,"template":"","meta":[],"product_brand":[],"product_cat":[670],"product_tag":[],"class_list":{"0":"post-47221","1":"product","2":"type-product","3":"status-publish","4":"has-post-thumbnail","6":"product_cat-profesionales","8":"first","9":"outofstock","10":"taxable","11":"shipping-taxable","12":"purchasable","13":"product-type-variable","14":"has-default-attributes","15":"wvs-archive-product-wrapper"},"aioseo_notices":[],"_links":{"self":[{"href":"https:\/\/mondevanille.com\/es\/wp-json\/wp\/v2\/product\/47221","targetHints":{"allow":["GET"]}}],"collection":[{"href":"https:\/\/mondevanille.com\/es\/wp-json\/wp\/v2\/product"}],"about":[{"href":"https:\/\/mondevanille.com\/es\/wp-json\/wp\/v2\/types\/product"}],"wp:featuredmedia":[{"embeddable":true,"href":"https:\/\/mondevanille.com\/es\/wp-json\/wp\/v2\/media\/10842"}],"wp:attachment":[{"href":"https:\/\/mondevanille.com\/es\/wp-json\/wp\/v2\/media?parent=47221"}],"wp:term":[{"taxonomy":"product_brand","embeddable":true,"href":"https:\/\/mondevanille.com\/es\/wp-json\/wp\/v2\/product_brand?post=47221"},{"taxonomy":"product_cat","embeddable":true,"href":"https:\/\/mondevanille.com\/es\/wp-json\/wp\/v2\/product_cat?post=47221"},{"taxonomy":"product_tag","embeddable":true,"href":"https:\/\/mondevanille.com\/es\/wp-json\/wp\/v2\/product_tag?post=47221"}],"curies":[{"name":"wp","href":"https:\/\/api.w.org\/{rel}","templated":true}]}}