{"id":47492,"date":"2022-12-30T10:12:00","date_gmt":"2022-12-30T09:12:00","guid":{"rendered":"https:\/\/mondevanille.com\/?post_type=product&#038;p=47492"},"modified":"2025-11-25T11:40:08","modified_gmt":"2025-11-25T10:40:08","slug":"caja-de-metal-2","status":"publish","type":"product","link":"https:\/\/mondevanille.com\/es\/producto\/caja-de-metal-2\/","title":{"rendered":"Caja de metal"},"content":{"rendered":"<p>Vaina de <a href=\"https:\/\/fr.wikipedia.org\/wiki\/Vanille\">vainilla<\/a> Se entrega en una lata met\u00e1lica para su mejor conservaci\u00f3n.<\/p>\n<p>Vainas de vainilla negra de calidad, refinadas, para un desarrollo \u00f3ptimo del sabor. Nuestra gama incluye vainillas de Madagascar, Pap\u00faa Nueva Guinea, M\u00e9xico, Comoras y Tahit\u00ed. <\/p>\n<p>Envasado en una bolsa de vac\u00edo y una caja met\u00e1lica.<\/p>\n<p>Tambi\u00e9n te ofrecemos nuestra gama Bocal:<\/p>\n<p><a title=\"Bote de vainilla en polvo y az\u00facar\" href=\"https:\/\/mondevanille.com\/es\/producto\/frasco\/\" target=\"_blank\" rel=\"noopener\"><img decoding=\"async\" class=\" wp-image-60936\" src=\"https:\/\/mondevanille.com\/wp-content\/uploads\/2022\/02\/Bocal-presentation-2025-2.webp\" alt=\"Bote Vaina de vainilla Az\u00facar en polvo\" width=\"144\" height=\"192\"><\/a><\/p>\n<p><em><strong>Encuentre las Fichas T\u00e9cnicas, el Certificado Org\u00e1nico y los Boletines de An\u00e1lisis en la pesta\u00f1a \u00abCOMPROMISO DE CALIDAD\u00bb de nuestra web.<\/strong><\/em><\/p>\n<p>Empresa familiar francesa desde hace dos generaciones, la vainilla es nuestro negocio y nuestra pasi\u00f3n.<\/p>\n<p>Creado espec\u00edficamente para la distribuci\u00f3n al por menor de vainilla de alta calidad de todos los or\u00edgenes, LE MONDE DE LA VANILLE distribuye sus productos principalmente en Francia, pero tambi\u00e9n a trav\u00e9s de su red de distribuci\u00f3n en m\u00e1s de treinta pa\u00edses (Italia, Inglaterra, B\u00e9lgica, Alemania, Espa\u00f1a, Suiza, Dinamarca, Suecia, Corea del Sur, Taiw\u00e1n, Finlandia, Austria, etc.).<\/p>\n<p>Nuestras Vainillas del Mundo proceden de Madagascar, M\u00e9xico, Tahit\u00ed, Pap\u00faa Nueva Guinea, India&#8230;<\/p>\n","protected":false},"excerpt":{"rendered":"<p>Se suministra en una caja met\u00e1lica para su mejor conservaci\u00f3n.<\/p>\n<p>Calidad negra, no partida. Vainilla refinada para un desarrollo \u00f3ptimo del aroma.<\/p>\n<p>Embalaje: caja met\u00e1lica + bolsa de vac\u00edo<\/p>\n","protected":false},"featured_media":42923,"template":"","meta":[],"product_brand":[],"product_cat":[346,278,348,783,670],"product_tag":[],"class_list":{"0":"post-47492","1":"product","2":"type-product","3":"status-publish","4":"has-post-thumbnail","6":"product_cat-acondicionamiento","7":"product_cat-caja-de-metal","8":"product_cat-cajas","9":"product_cat-ofrecer","10":"product_cat-profesionales","12":"first","13":"instock","14":"sale","15":"taxable","16":"shipping-taxable","17":"purchasable","18":"product-type-variable","19":"wvs-archive-product-wrapper"},"aioseo_notices":[],"_links":{"self":[{"href":"https:\/\/mondevanille.com\/es\/wp-json\/wp\/v2\/product\/47492","targetHints":{"allow":["GET"]}}],"collection":[{"href":"https:\/\/mondevanille.com\/es\/wp-json\/wp\/v2\/product"}],"about":[{"href":"https:\/\/mondevanille.com\/es\/wp-json\/wp\/v2\/types\/product"}],"wp:featuredmedia":[{"embeddable":true,"href":"https:\/\/mondevanille.com\/es\/wp-json\/wp\/v2\/media\/42923"}],"wp:attachment":[{"href":"https:\/\/mondevanille.com\/es\/wp-json\/wp\/v2\/media?parent=47492"}],"wp:term":[{"taxonomy":"product_brand","embeddable":true,"href":"https:\/\/mondevanille.com\/es\/wp-json\/wp\/v2\/product_brand?post=47492"},{"taxonomy":"product_cat","embeddable":true,"href":"https:\/\/mondevanille.com\/es\/wp-json\/wp\/v2\/product_cat?post=47492"},{"taxonomy":"product_tag","embeddable":true,"href":"https:\/\/mondevanille.com\/es\/wp-json\/wp\/v2\/product_tag?post=47492"}],"curies":[{"name":"wp","href":"https:\/\/api.w.org\/{rel}","templated":true}]}}