{"id":47634,"date":"2022-12-30T11:41:00","date_gmt":"2022-12-30T10:41:00","guid":{"rendered":"https:\/\/mondevanille.com\/?post_type=product&#038;p=47634"},"modified":"2026-04-08T12:23:23","modified_gmt":"2026-04-08T10:23:23","slug":"coffret-10-tubes-de-vanille-professionnel","status":"publish","type":"product","link":"https:\/\/mondevanille.com\/es\/producto\/coffret-10-tubes-de-vanille-professionnel\/","title":{"rendered":"Caja expositora <br>10 Tubos de Vainilla <br> Vaina de vainilla - Polvo - Extracto"},"content":{"rendered":"<p>Contiene 1 caja\/display de cart\u00f3n \u00abLe Monde de la Vanille\u00bb.<br \/>\n10 tubos de vainilla serigrafiados o etiquetados con tapones de aluminio a prueba de manipulaciones.<\/p>\n<p>La vainilla y la cantidad var\u00edan seg\u00fan el producto.<\/p>\n<p><em><strong>Puedes encontrar <a title=\"Fichas t\u00e9cnicas\" href=\"https:\/\/mondevanille.com\/es\/hojas-de-datos\/\">las Fichas T\u00e9cnicas<\/a>, el Certificado Ecol\u00f3gico y los Boletines de An\u00e1lisis en la secci\u00f3n \u00abCOMPROMISO DE CALIDAD\u00bb de nuestro sitio web.<\/strong><\/em><\/p>\n","protected":false},"excerpt":{"rendered":"<p>Contiene 1 caja\/display de cart\u00f3n \u00abLe Monde de la Vanille\u00bb.<br \/>\n10 tubos de vainilla serigrafiados o etiquetados con tapones de aluminio a prueba de manipulaciones.<\/p>\n<p>La vainilla y la cantidad var\u00edan seg\u00fan el producto.<\/p>\n<p><em><strong>Puedes encontrar las Fichas T\u00e9cnicas, el Certificado Ecol\u00f3gico y los Boletines de An\u00e1lisis en la secci\u00f3n \u00abCOMPROMISO DE CALIDAD\u00bb de nuestro sitio web.<\/strong><\/em><\/p>\n","protected":false},"featured_media":9646,"template":"","meta":[],"product_brand":[],"product_cat":[778,348,670],"product_tag":[],"class_list":{"0":"post-47634","1":"product","2":"type-product","3":"status-publish","4":"has-post-thumbnail","6":"product_cat-caja","7":"product_cat-cajas","8":"product_cat-profesionales","10":"first","11":"instock","12":"taxable","13":"shipping-taxable","14":"purchasable","15":"product-type-variable","16":"wvs-archive-product-wrapper"},"aioseo_notices":[],"_links":{"self":[{"href":"https:\/\/mondevanille.com\/es\/wp-json\/wp\/v2\/product\/47634","targetHints":{"allow":["GET"]}}],"collection":[{"href":"https:\/\/mondevanille.com\/es\/wp-json\/wp\/v2\/product"}],"about":[{"href":"https:\/\/mondevanille.com\/es\/wp-json\/wp\/v2\/types\/product"}],"wp:featuredmedia":[{"embeddable":true,"href":"https:\/\/mondevanille.com\/es\/wp-json\/wp\/v2\/media\/9646"}],"wp:attachment":[{"href":"https:\/\/mondevanille.com\/es\/wp-json\/wp\/v2\/media?parent=47634"}],"wp:term":[{"taxonomy":"product_brand","embeddable":true,"href":"https:\/\/mondevanille.com\/es\/wp-json\/wp\/v2\/product_brand?post=47634"},{"taxonomy":"product_cat","embeddable":true,"href":"https:\/\/mondevanille.com\/es\/wp-json\/wp\/v2\/product_cat?post=47634"},{"taxonomy":"product_tag","embeddable":true,"href":"https:\/\/mondevanille.com\/es\/wp-json\/wp\/v2\/product_tag?post=47634"}],"curies":[{"name":"wp","href":"https:\/\/api.w.org\/{rel}","templated":true}]}}