{"id":48416,"date":"2023-01-11T16:57:11","date_gmt":"2023-01-11T15:57:11","guid":{"rendered":"https:\/\/mondevanille.com\/?post_type=product&#038;p=48416"},"modified":"2026-01-29T17:51:33","modified_gmt":"2026-01-29T16:51:33","slug":"vainas-de-vainilla-tahitiprofessional","status":"publish","type":"product","link":"https:\/\/mondevanille.com\/es\/producto\/vainas-de-vainilla-tahitiprofessional\/","title":{"rendered":"Vaina de vainilla <br>de Tahiti<br>PROFESSIONNEL"},"content":{"rendered":"<p>La vainilla <a href=\"https:\/\/fr.wikipedia.org\/wiki\/Tahiti\" target=\"_blank\" rel=\"noopener\">de Tahit\u00ed<\/a><em>\u00abVanilla Tahitensis<\/em>\u00bb es un producto excepcional.<\/p>\n<hr>\n<p>Vainas grasas, aceitosas, arrugadas, de color brillante, aroma embriagadoramente dulce, notas de ciruelas pasas con un ligero matiz de caramelo seg\u00fan el lote. Muy buena resistencia de las vainas al paso del tiempo con un peso medio muy superior a las variedades \u00abPlanifolia\u00bb. Mejor reservarlo para los postres. Origen garantizado. Afnor 5565-1 compatible.<\/p>\n<p>Nuestras ofertas : Envasado econ\u00f3mico en bolsas de vac\u00edo de 0,250 kg a 25 kg.<\/p>\n<p>Origen garantizado. Afnor 5565-1 compatible.<\/p>\n<p>Nuestros precios incluyen el IVA - env\u00edo gratuito en Francia para pedidos de 50 euros o m\u00e1s.<\/p>\n<p><em><strong><a title=\"Fichas t\u00e9cnicas\" href=\"https:\/\/mondevanille.com\/es\/hojas-de-datos\/\" target=\"_blank\" rel=\"noopener\">Las Fichas T\u00e9cnicas<\/a>, los Certificados Ecol\u00f3gicos y los Boletines de An\u00e1lisis se encuentran en la secci\u00f3n \u00abCOMPROMISO DE CALIDAD\u00bb de nuestro sitio web.<\/strong><\/em><\/p>\n<p><img decoding=\"async\" class=\"wp-image-63239 aligncenter\" src=\"https:\/\/mondevanille.com\/wp-content\/uploads\/2022\/02\/tahiti-2.webp\" alt=\"Vainilla de Tahit\u00ed\" width=\"128\" height=\"126\" srcset=\"https:\/\/mondevanille.com\/wp-content\/uploads\/2022\/02\/tahiti-2.webp 471w, https:\/\/mondevanille.com\/wp-content\/uploads\/2022\/02\/tahiti-2-50x50.webp 50w, https:\/\/mondevanille.com\/wp-content\/uploads\/2022\/02\/tahiti-2-64x63.webp 64w\" sizes=\"(max-width: 128px) 100vw, 128px\" \/><\/p>\n","protected":false},"excerpt":{"rendered":"<p>La vainilla de Tahit\u00ed<em>\u00abVanilla Tahitensis<\/em>\u00bb es un producto excepcional.<\/p>\n<hr>\n<p>Vainas grasas, aceitosas, arrugadas, de color brillante, aroma embriagadoramente dulce, notas de ciruelas pasas con un ligero matiz de caramelo seg\u00fan el lote. Muy buena resistencia de las vainas al paso del tiempo con un peso medio muy superior a las variedades \u00abPlanifolia\u00bb. Mejor reservarlo para los postres. Origen garantizado. Afnor 5565-1 compatible.<\/p>\n<p><a title=\"vainilla de Tahit\u00ed\" href=\"https:\/\/mondevanille.com\/es\/producto\/tahiti-vainilla\/\"><span style=\"color: #ff0000;\"><strong>&gt;&gt;Otras ofertas disponibles aqu\u00ed&lt;&lt;<\/strong><\/span><\/a><\/p>\n","protected":false},"featured_media":47869,"template":"","meta":[],"product_brand":[],"product_cat":[670,315,515],"product_tag":[],"class_list":{"0":"post-48416","1":"product","2":"type-product","3":"status-publish","4":"has-post-thumbnail","6":"product_cat-profesionales","7":"product_cat-tahiti-es","8":"product_cat-vainilla-frances","10":"first","11":"instock","12":"sale","13":"taxable","14":"shipping-taxable","15":"purchasable","16":"product-type-variable","17":"wvs-archive-product-wrapper"},"aioseo_notices":[],"_links":{"self":[{"href":"https:\/\/mondevanille.com\/es\/wp-json\/wp\/v2\/product\/48416","targetHints":{"allow":["GET"]}}],"collection":[{"href":"https:\/\/mondevanille.com\/es\/wp-json\/wp\/v2\/product"}],"about":[{"href":"https:\/\/mondevanille.com\/es\/wp-json\/wp\/v2\/types\/product"}],"wp:featuredmedia":[{"embeddable":true,"href":"https:\/\/mondevanille.com\/es\/wp-json\/wp\/v2\/media\/47869"}],"wp:attachment":[{"href":"https:\/\/mondevanille.com\/es\/wp-json\/wp\/v2\/media?parent=48416"}],"wp:term":[{"taxonomy":"product_brand","embeddable":true,"href":"https:\/\/mondevanille.com\/es\/wp-json\/wp\/v2\/product_brand?post=48416"},{"taxonomy":"product_cat","embeddable":true,"href":"https:\/\/mondevanille.com\/es\/wp-json\/wp\/v2\/product_cat?post=48416"},{"taxonomy":"product_tag","embeddable":true,"href":"https:\/\/mondevanille.com\/es\/wp-json\/wp\/v2\/product_tag?post=48416"}],"curies":[{"name":"wp","href":"https:\/\/api.w.org\/{rel}","templated":true}]}}