{"id":50318,"date":"2023-04-11T16:40:03","date_gmt":"2023-04-11T14:40:03","guid":{"rendered":"https:\/\/mondevanille.com\/produit\/vainilla-comoros-mayotte\/"},"modified":"2025-07-18T15:47:55","modified_gmt":"2025-07-18T13:47:55","slug":"vainilla-comoros-mayotte","status":"publish","type":"product","link":"https:\/\/mondevanille.com\/es\/producto\/vainilla-comoros-mayotte\/","title":{"rendered":"Vainilla de las Comoras - <br>MAYOTTE<br>"},"content":{"rendered":"<p>Mayotte es un archipi\u00e9lago del oc\u00e9ano \u00cdndico situado entre Madagascar y la costa de Mozambique. Es un departamento y una regi\u00f3n franceses, aunque la cultura tradicional de Mayotte se acerca m\u00e1s a la de las vecinas islas Comores.<\/p>\n<p>El color y el aroma son los cl\u00e1sicos de la vainilla Bourbon del Oc\u00e9ano \u00cdndico, pero menos achocolatados que los de la producci\u00f3n malgache.<br \/>\nLas notas de salida c\u00e1lidas y caramelizadas y un ligero fondo floral hacen de esta vainilla muy fina un acompa\u00f1amiento perfecto para un postre (natillas) o un plato principal (carne blanca, pescado).<\/p>\n<p>Origen garantizado. Afnor 5565-1 compatible.<\/p>\n<p>Nuestros precios incluyen el IVA. Env\u00edo gratuito en Francia para pedidos superiores a 50 euros.<\/p>\n","protected":false},"excerpt":{"rendered":"<p>El color y el aroma son los cl\u00e1sicos de la Vainilla Bourbon del Oc\u00e9ano \u00cdndico, pero menos <em>achocolatados<\/em> que los de la producci\u00f3n malgache.<br \/>\nUnas notas de salida c\u00e1lidas y caramelizadas y un ligero fondo floral hacen de esta fin\u00edsima Vainilla un acompa\u00f1amiento perfecto para un postre (natillas) o un plato principal (carne blanca, pescado).<\/p>\n","protected":false},"featured_media":50400,"template":"","meta":[],"product_brand":[],"product_cat":[823,515],"product_tag":[],"class_list":{"0":"post-50318","1":"product","2":"type-product","3":"status-publish","4":"has-post-thumbnail","6":"product_cat-mayotte-es","7":"product_cat-vainilla-frances","9":"first","10":"outofstock","11":"taxable","12":"shipping-taxable","13":"purchasable","14":"product-type-variable","15":"wvs-archive-product-wrapper"},"aioseo_notices":[],"_links":{"self":[{"href":"https:\/\/mondevanille.com\/es\/wp-json\/wp\/v2\/product\/50318","targetHints":{"allow":["GET"]}}],"collection":[{"href":"https:\/\/mondevanille.com\/es\/wp-json\/wp\/v2\/product"}],"about":[{"href":"https:\/\/mondevanille.com\/es\/wp-json\/wp\/v2\/types\/product"}],"wp:featuredmedia":[{"embeddable":true,"href":"https:\/\/mondevanille.com\/es\/wp-json\/wp\/v2\/media\/50400"}],"wp:attachment":[{"href":"https:\/\/mondevanille.com\/es\/wp-json\/wp\/v2\/media?parent=50318"}],"wp:term":[{"taxonomy":"product_brand","embeddable":true,"href":"https:\/\/mondevanille.com\/es\/wp-json\/wp\/v2\/product_brand?post=50318"},{"taxonomy":"product_cat","embeddable":true,"href":"https:\/\/mondevanille.com\/es\/wp-json\/wp\/v2\/product_cat?post=50318"},{"taxonomy":"product_tag","embeddable":true,"href":"https:\/\/mondevanille.com\/es\/wp-json\/wp\/v2\/product_tag?post=50318"}],"curies":[{"name":"wp","href":"https:\/\/api.w.org\/{rel}","templated":true}]}}