{"id":50695,"date":"2023-04-25T12:18:49","date_gmt":"2023-04-25T10:18:49","guid":{"rendered":"https:\/\/mondevanille.com\/produit\/uganda-vanilla-pod\/"},"modified":"2025-07-18T15:30:52","modified_gmt":"2025-07-18T13:30:52","slug":"uganda-vanilla-pod","status":"publish","type":"product","link":"https:\/\/mondevanille.com\/es\/producto\/uganda-vanilla-pod\/","title":{"rendered":"<br>Vainilla de UGANDA<br>"},"content":{"rendered":"<p>Peque\u00f1o pa\u00eds africano sin salida al mar situado al noroeste de Madagascar, la vainilla de Uganda tiene el mismo perfil arom\u00e1tico que las vainillas producidas en el oc\u00e9ano \u00cdndico. Los granos son especiados y amaderados, con notas de regaliz, que recuerdan a la vainilla de las Comoras, con un sabor c\u00e1lido y dulce, t\u00edpico de la vainilla Planifolia. El lote propuesto tiene un contenido de vainillina del 2,1% (humedad 37,5%).<\/p>\n<p>Para saber m\u00e1s, lee nuestro art\u00edculo <span style=\"color: #993300;\"><a style=\"color: #993300;\" title=\"\u00bfQu\u00e9 vainilla elegir?\" href=\"https:\/\/mondevanille.com\/es\/que-vanilla-escoge\/\"><strong>&gt;aqu\u00ed&lt;<\/strong><\/a><\/span><\/p>\n","protected":false},"excerpt":{"rendered":"<p>Peque\u00f1o pa\u00eds africano sin salida al mar situado al noroeste de Madagascar, la vainilla de Uganda tiene el mismo perfil arom\u00e1tico que las vainillas producidas en el oc\u00e9ano \u00cdndico. Los granos son especiados y amaderados, con notas de regaliz, que recuerdan a la vainilla de las Comoras, con un sabor c\u00e1lido y dulce, t\u00edpico de la vainilla Planifolia.<\/p>\n","protected":false},"featured_media":59868,"template":"","meta":[],"product_brand":[],"product_cat":[210,670,818],"product_tag":[],"class_list":{"0":"post-50695","1":"product","2":"type-product","3":"status-publish","4":"has-post-thumbnail","6":"product_cat-nuestro-confidencial","7":"product_cat-profesionales","8":"product_cat-uganda-es","10":"first","11":"outofstock","12":"taxable","13":"shipping-taxable","14":"purchasable","15":"product-type-variable","16":"wvs-archive-product-wrapper"},"aioseo_notices":[],"_links":{"self":[{"href":"https:\/\/mondevanille.com\/es\/wp-json\/wp\/v2\/product\/50695","targetHints":{"allow":["GET"]}}],"collection":[{"href":"https:\/\/mondevanille.com\/es\/wp-json\/wp\/v2\/product"}],"about":[{"href":"https:\/\/mondevanille.com\/es\/wp-json\/wp\/v2\/types\/product"}],"wp:featuredmedia":[{"embeddable":true,"href":"https:\/\/mondevanille.com\/es\/wp-json\/wp\/v2\/media\/59868"}],"wp:attachment":[{"href":"https:\/\/mondevanille.com\/es\/wp-json\/wp\/v2\/media?parent=50695"}],"wp:term":[{"taxonomy":"product_brand","embeddable":true,"href":"https:\/\/mondevanille.com\/es\/wp-json\/wp\/v2\/product_brand?post=50695"},{"taxonomy":"product_cat","embeddable":true,"href":"https:\/\/mondevanille.com\/es\/wp-json\/wp\/v2\/product_cat?post=50695"},{"taxonomy":"product_tag","embeddable":true,"href":"https:\/\/mondevanille.com\/es\/wp-json\/wp\/v2\/product_tag?post=50695"}],"curies":[{"name":"wp","href":"https:\/\/api.w.org\/{rel}","templated":true}]}}