{"id":53349,"date":"2023-11-16T16:26:34","date_gmt":"2023-11-16T15:26:34","guid":{"rendered":"https:\/\/mondevanille.com\/?post_type=product&#038;p=53349"},"modified":"2025-06-05T09:16:45","modified_gmt":"2025-06-05T07:16:45","slug":"especial-bocaux-poudre-madagascar-sucre-roux-a-la-vanille-bourbon","status":"publish","type":"product","link":"https:\/\/mondevanille.com\/es\/producto\/especial-bocaux-poudre-madagascar-sucre-roux-a-la-vanille-bourbon\/","title":{"rendered":"BOCAUX ESPECIAL <br> Vainilla en polvo <br>+ Az\u00facar moreno a la vainilla <br>=70g Extracto de Vainilla Bourbon de Madagascar<br>\u00a1GRATIS!"},"content":{"rendered":"<p>Oferta de vainilla en polvo y az\u00facar<\/p>\n<p>Compra 1 tarro de Vainilla Bourbon de Madagascar en polvo y 1 tarro de Az\u00facar Moreno con Vainilla y ll\u00e9vate GRATIS un tubo de 70 g de extracto de Vainilla Bourbon de Madagascar.<br \/>\nEl envase de cristal es ideal para tener a mano la vainilla perfectamente conservada.<\/p>\n<p>88,80 en lugar de <del>105,70<\/del><br \/>\n<em><br \/>\n  <strong>Contiene<\/strong><br \/>\n<\/em>:<\/p>\n<ul>\n<li>1 tarro de Vainilla Bourbon de Madagascar en polvo. 0,200 kg.<\/li>\n<li>1 tarro de az\u00facar moreno de vainilla 400 g.<\/li>\n<li>70 g de extracto de vainilla Bourbon equivalente a 300 g de vainas por litro sobre una base de az\u00facar (Valor 16,90 euros)<\/li>\n<\/ul>\n<p style=\"padding-left: 40px;\"><strong>A proposito:<\/strong><br \/>\n<em>Vainilla<\/em> Bourbon de Madagascar <em>en polvo<\/em>: Composici\u00f3n 100% vainas de vainilla molidas no agotadas. Origen de las vainas: Madagascar. Envase tarro de cristal de 0,200 kg netos Dosificaci\u00f3n seg\u00fan receta: 1 cucharada sopera = 1 clavo de olor<\/p>\n<p style=\"padding-left: 40px;\"><strong><a href=\"https:\/\/mondevanille.com\/es\/producto\/azucar-vainilla-madagascar\/\"><em>Az\u00facar moreno de vainilla<\/em> <\/a><\/strong>Composici\u00f3n: az\u00facar de ca\u00f1a sin refinar (90%), vainas de vainilla de Madagascar trituradas (10%). Producto procesado y envasado en Francia.<\/p>\n<p style=\"padding-left: 40px;\"><a href=\"https:\/\/mondevanille.com\/es\/producto\/extracto-de-vainilla-madagascar\/\"><strong><em>Extracto de vainilla<\/em><\/strong><\/a> Composici\u00f3n: jarabe de az\u00facar, extracto de vainilla natural (300 g\/L), semillas de vainilla.<\/p>\n<p>&nbsp;<\/p>\n","protected":false},"excerpt":{"rendered":"<p>Compre 1 tarro de Vainilla de Madagascar en polvo y 1 tarro de Az\u00facar moreno a la vainilla y ll\u00e9vese GRATIS un tubo de 70 g de extracto de vainilla Bourbon de Madagascar.<br \/>\nEl envase de cristal es ideal para tener a mano la vainilla perfectamente conservada.<\/p>\n<p>88,80 en lugar de <del>105,70<\/del><br \/>\n<em><br \/>\n  <strong>Contiene<\/strong><br \/>\n<\/em>:<\/p>\n<ul>\n<li>1 tarro de <a href=\"https:\/\/mondevanille.com\/es\/producto\/vainilla-en-polvo\/\">Vainilla de Madagascar en polvo<\/a>. 0,200 kg.<\/li>\n<li>1 tarro de<a href=\"https:\/\/mondevanille.com\/es\/producto\/azucar-vainilla-madagascar\/\"> az\u00facar moreno de vainilla<\/a> 400 g.<\/li>\n<li>70 g de extracto de vainilla Bourbon equivalente a 300 g de vainas por litro sobre una base de az\u00facar (Valor 16,90 euros)<\/li>\n<\/ul>\n","protected":false},"featured_media":60623,"template":"","meta":[],"product_brand":[],"product_cat":[548,355,324,783],"product_tag":[],"class_list":{"0":"post-53349","1":"product","2":"type-product","3":"status-publish","4":"has-post-thumbnail","6":"product_cat-a-la-venta-es","7":"product_cat-frasco","8":"product_cat-madagascar-es","9":"product_cat-ofrecer","11":"first","12":"instock","13":"sale","14":"taxable","15":"shipping-taxable","16":"purchasable","17":"product-type-simple"},"aioseo_notices":[],"_links":{"self":[{"href":"https:\/\/mondevanille.com\/es\/wp-json\/wp\/v2\/product\/53349","targetHints":{"allow":["GET"]}}],"collection":[{"href":"https:\/\/mondevanille.com\/es\/wp-json\/wp\/v2\/product"}],"about":[{"href":"https:\/\/mondevanille.com\/es\/wp-json\/wp\/v2\/types\/product"}],"wp:featuredmedia":[{"embeddable":true,"href":"https:\/\/mondevanille.com\/es\/wp-json\/wp\/v2\/media\/60623"}],"wp:attachment":[{"href":"https:\/\/mondevanille.com\/es\/wp-json\/wp\/v2\/media?parent=53349"}],"wp:term":[{"taxonomy":"product_brand","embeddable":true,"href":"https:\/\/mondevanille.com\/es\/wp-json\/wp\/v2\/product_brand?post=53349"},{"taxonomy":"product_cat","embeddable":true,"href":"https:\/\/mondevanille.com\/es\/wp-json\/wp\/v2\/product_cat?post=53349"},{"taxonomy":"product_tag","embeddable":true,"href":"https:\/\/mondevanille.com\/es\/wp-json\/wp\/v2\/product_tag?post=53349"}],"curies":[{"name":"wp","href":"https:\/\/api.w.org\/{rel}","templated":true}]}}