{"id":55261,"date":"2024-03-21T11:51:52","date_gmt":"2024-03-21T10:51:52","guid":{"rendered":"https:\/\/mondevanille.com\/produit\/vainilla-marfil\/"},"modified":"2025-08-18T16:24:39","modified_gmt":"2025-08-18T14:24:39","slug":"vainilla-marfil","status":"publish","type":"product","link":"https:\/\/mondevanille.com\/es\/producto\/vainilla-marfil\/","title":{"rendered":"Vainilla escarchada"},"content":{"rendered":"<p>El glaseado que aparece en la vainilla es la expresi\u00f3n de la vainillina presente de forma natural en las vainas.<br \/>\nLos cristales aparecen con el tiempo en vainas perfectamente maduras, lo que garantiza un alto nivel de vainillina. Son especialmente arom\u00e1ticos, ligeramente picantes en el paladar, pero muy avainillados&#8230; la firma de las vainillas de calidad. <\/p>\n<p>Para saber m\u00e1s, lee nuestro art\u00edculo <a href=\"https:\/\/mondevanille.com\/es\/que-vanilla-escoge\/\" target=\"_blank\" rel=\"noopener\"><span style=\"color: #ff0000;\"><strong>&gt;aqu\u00ed&lt;<\/strong><\/span><\/a><\/p>\n","protected":false},"excerpt":{"rendered":"<p>La escarcha que aparece en la vainilla es la expresi\u00f3n de la vainillina presente de forma natural en las vainas.<\/p>\n<p>Los cristales aparecen con el tiempo en las vainas que han experimentado una maduraci\u00f3n \u00f3ptima, lo que garantiza un alto contenido en vainillina, y son especialmente arom\u00e1ticos, ligeramente picantes en el paladar, pero muy vainillados&#8230; la firma de la vainilla de calidad.<\/p>\n","protected":false},"featured_media":60607,"template":"","meta":[],"product_brand":[],"product_cat":[548,783,358],"product_tag":[],"class_list":{"0":"post-55261","1":"product","2":"type-product","3":"status-publish","4":"has-post-thumbnail","6":"product_cat-a-la-venta-es","7":"product_cat-ofrecer","8":"product_cat-tubo","10":"first","11":"instock","12":"taxable","13":"shipping-taxable","14":"purchasable","15":"product-type-variable","16":"wvs-archive-product-wrapper"},"aioseo_notices":[],"_links":{"self":[{"href":"https:\/\/mondevanille.com\/es\/wp-json\/wp\/v2\/product\/55261","targetHints":{"allow":["GET"]}}],"collection":[{"href":"https:\/\/mondevanille.com\/es\/wp-json\/wp\/v2\/product"}],"about":[{"href":"https:\/\/mondevanille.com\/es\/wp-json\/wp\/v2\/types\/product"}],"wp:featuredmedia":[{"embeddable":true,"href":"https:\/\/mondevanille.com\/es\/wp-json\/wp\/v2\/media\/60607"}],"wp:attachment":[{"href":"https:\/\/mondevanille.com\/es\/wp-json\/wp\/v2\/media?parent=55261"}],"wp:term":[{"taxonomy":"product_brand","embeddable":true,"href":"https:\/\/mondevanille.com\/es\/wp-json\/wp\/v2\/product_brand?post=55261"},{"taxonomy":"product_cat","embeddable":true,"href":"https:\/\/mondevanille.com\/es\/wp-json\/wp\/v2\/product_cat?post=55261"},{"taxonomy":"product_tag","embeddable":true,"href":"https:\/\/mondevanille.com\/es\/wp-json\/wp\/v2\/product_tag?post=55261"}],"curies":[{"name":"wp","href":"https:\/\/api.w.org\/{rel}","templated":true}]}}