{"id":55353,"date":"2024-03-26T16:15:40","date_gmt":"2024-03-26T15:15:40","guid":{"rendered":"https:\/\/mondevanille.com\/produit\/special-dealer-vacuum-tube-covers\/"},"modified":"2024-04-05T10:21:05","modified_gmt":"2024-04-05T08:21:05","slug":"special-dealer-vacuum-tube-covers","status":"publish","type":"product","link":"https:\/\/mondevanille.com\/es\/producto\/special-dealer-vacuum-tube-covers\/","title":{"rendered":"MINORISTA ESPECIAL <br>TUBO VAC\u00cdO <br>+ VAINAS"},"content":{"rendered":"<p><strong><u>Nuestra oferta exclusiva de Vainilla para minoristas, puestos y mercados<\/u><\/strong><\/p>\n<p>1 kg de <a href=\"https:\/\/fr.wikipedia.org\/wiki\/Vanille\">Vainilla<\/a> Bourbon de Madagascar 16\/17 cm + 252 tubos de cristal con tap\u00f3n de aluminio que contienen de 1 a 3 vainas (0,60 cts por tubo, IVA no incluido). Los tubos se entregan y embalan sin marcar.<\/p>\n<p>Entrega \u00fanicamente en Francia continental.<\/p>\n<p>&nbsp;<\/p>\n","protected":false},"excerpt":{"rendered":"<p><strong><u>Nuestra oferta exclusiva para minoristas, puestos y mercados<\/u><\/strong><\/p>\n<p><strong><span style=\"color: #ff0000;\"><em>A\u00f1adir autom\u00e1ticamente 1Kg Vainilla Bourbon de Madagascar a su cesta<\/em><\/span><\/strong><br \/>\n1 kg de vainas de vainilla Bourbon de Madagascar de 16\/17 cm + 252 tubos de vidrio con tapones de aluminio que contienen de 1 a 3 vainas (0,60 cts por tubo, sin IVA). Los tubos se entregan y embalan sin marcar.<\/p>\n<p>181,44 \u20ac por los tubos + 149,90 \u20ac IVA incluido por 1 kg de vaina de vainilla Bourbon de Madagascar, es decir, 331,34 \u20ac IVA incluido<\/p>\n<p><em>Detalles de la oferta<\/em>:<\/p>\n<ul>\n<li>252 Tubos de vidrio (h: 18 cm)<\/li>\n<li>Caja de 252 c\u00e1psulas de aluminio<\/li>\n<li>1 Kg Vainilla Bourbon de Madagascar 16\/17 cm. Aproximadamente 250 vainas +\/- 10%.<\/li>\n<\/ul>\n<p>Entrega \u00fanicamente en Francia continental. Toda solicitud de entrega en un pa\u00eds distinto de Francia metropolitana ser\u00e1 sistem\u00e1ticamente anulada.<\/p>\n","protected":false},"featured_media":63588,"template":"","meta":[],"product_brand":[],"product_cat":[548,813,348,670,358],"product_tag":[],"class_list":{"0":"post-55353","1":"product","2":"type-product","3":"status-publish","4":"has-post-thumbnail","6":"product_cat-a-la-venta-es","7":"product_cat-accesorio","8":"product_cat-cajas","9":"product_cat-profesionales","10":"product_cat-tubo","11":"product_shipping_class-francia-solo","13":"first","14":"instock","15":"taxable","16":"shipping-taxable","17":"purchasable","18":"product-type-simple"},"aioseo_notices":[],"_links":{"self":[{"href":"https:\/\/mondevanille.com\/es\/wp-json\/wp\/v2\/product\/55353","targetHints":{"allow":["GET"]}}],"collection":[{"href":"https:\/\/mondevanille.com\/es\/wp-json\/wp\/v2\/product"}],"about":[{"href":"https:\/\/mondevanille.com\/es\/wp-json\/wp\/v2\/types\/product"}],"wp:featuredmedia":[{"embeddable":true,"href":"https:\/\/mondevanille.com\/es\/wp-json\/wp\/v2\/media\/63588"}],"wp:attachment":[{"href":"https:\/\/mondevanille.com\/es\/wp-json\/wp\/v2\/media?parent=55353"}],"wp:term":[{"taxonomy":"product_brand","embeddable":true,"href":"https:\/\/mondevanille.com\/es\/wp-json\/wp\/v2\/product_brand?post=55353"},{"taxonomy":"product_cat","embeddable":true,"href":"https:\/\/mondevanille.com\/es\/wp-json\/wp\/v2\/product_cat?post=55353"},{"taxonomy":"product_tag","embeddable":true,"href":"https:\/\/mondevanille.com\/es\/wp-json\/wp\/v2\/product_tag?post=55353"}],"curies":[{"name":"wp","href":"https:\/\/api.w.org\/{rel}","templated":true}]}}