{"id":61914,"date":"2025-05-28T16:21:36","date_gmt":"2025-05-28T14:21:36","guid":{"rendered":"https:\/\/mondevanille.com\/?post_type=product&#038;p=61914"},"modified":"2026-01-28T11:42:40","modified_gmt":"2026-01-28T10:42:40","slug":"sucre-vanille","status":"publish","type":"product","link":"https:\/\/mondevanille.com\/es\/producto\/sucre-vanille\/","title":{"rendered":"Az\u00facar blanco de vainilla"},"content":{"rendered":"<div id=\"description-produit\">\n<div class=\"container\">\n<p><a href=\"https:\/\/fr.wikipedia.org\/wiki\/Sucre_vanill%C3%A9\" target=\"_blank\" rel=\"nofollow noopener\">Az\u00facar de Vainilla<\/a> Le Monde de la Vanille.<\/p>\n<p>Para aromatizar tus postres y pasteles&#8230; El az\u00facar blanco avainillado Le Monde de la Vanille es una deliciosa mezcla de az\u00facar y vainas de vainilla molidas. \u00a1Y nada m\u00e1s! Sin aromas artificiales ni almid\u00f3n.  <\/p>\n<p><strong><em>Composici\u00f3n<\/em> <\/strong>: az\u00facar blanco (90 %), vainas de vainilla Bourbon Madagascar molidas (10 %)<\/p>\n<p>Producto procesado y envasado en Francia.<\/p>\n<\/div>\n<\/div>\n<div id=\"avis-clients-produit\">\n<div class=\"container\">\n<section id=\"netreviews_reviews_tab\" class=\" \">\n<div id=\"netreviews_rating_section\" data-group-name=\"\" data-url-ajax=\"\/modules\/\" data-idshop=\"1\" data-productid=\"110\" data-current-page=\"1\" data-current-option=\"horodate_DESC\" data-sortbynote=\"0\" data-max-page=\"1\">\n<div class=\"netreviews_rating_header\"><em><strong>Las Fichas T\u00e9cnicas, los Certificados Ecol\u00f3gicos y los Boletines de An\u00e1lisis se encuentran en la secci\u00f3n<a title=\"Fichas t\u00e9cnicas\" href=\"https:\/\/mondevanille.com\/es\/hojas-de-datos\/\">\u00abCOMPROMISO DE CALIDAD<\/a>\u00bb de nuestro sitio web.<\/strong><\/em><\/div>\n<div><img decoding=\"async\" class=\"alignnone wp-image-59785\" src=\"https:\/\/mondevanille.com\/wp-content\/uploads\/2021\/02\/LMDV-LOGO.webp\" alt=\"az\u00facar de vainilla\" width=\"94\" height=\"68\" srcset=\"https:\/\/mondevanille.com\/wp-content\/uploads\/2021\/02\/LMDV-LOGO.webp 150w, https:\/\/mondevanille.com\/wp-content\/uploads\/2021\/02\/LMDV-LOGO-64x46.webp 64w\" sizes=\"(max-width: 94px) 100vw, 94px\" \/><\/div>\n<\/div>\n<\/section>\n<\/div>\n<\/div>\n","protected":false},"excerpt":{"rendered":"<div id=\"description-produit\">\n<div class=\"container\">\n<div id=\"description-produit\">\n<div class=\"container\">\n<p>Az\u00facar de vainilla Le Monde de la Vanille.<\/p>\n<p>Para aromatizar tus postres y pasteles&#8230; El az\u00facar blanco avainillado Le Monde de la Vanille es una deliciosa mezcla de az\u00facar y vainas de vainilla molidas.<\/p>\n<p>\u00a1Y nada m\u00e1s! Sin aromas artificiales ni almid\u00f3n. <\/p>\n<p><strong><em>Composici\u00f3n<\/em> <\/strong>: az\u00facar blanco (90 %), vainas de vainilla Bourbon Madagascar molidas (10 %)<\/p>\n<p>Producto procesado y envasado en Francia.<\/p>\n<p>Tambi\u00e9n disponible en <b><a href=\"https:\/\/mondevanille.com\/es\/producto\/azucar-vainilla-madagascar\/\"><span style=\"color: #ff0000;\"> &gt;Sucre Roux&lt;<\/span>. <\/a><\/b> <\/p>\n<\/div>\n<\/div>\n<\/div>\n<\/div>\n","protected":false},"featured_media":62458,"template":"","meta":[],"product_brand":[],"product_cat":[334],"product_tag":[],"class_list":{"0":"post-61914","1":"product","2":"type-product","3":"status-publish","4":"has-post-thumbnail","6":"product_cat-azucar-de-vainilla","8":"first","9":"instock","10":"taxable","11":"shipping-taxable","12":"purchasable","13":"product-type-variable","14":"has-default-attributes","15":"wvs-archive-product-wrapper"},"aioseo_notices":[],"_links":{"self":[{"href":"https:\/\/mondevanille.com\/es\/wp-json\/wp\/v2\/product\/61914","targetHints":{"allow":["GET"]}}],"collection":[{"href":"https:\/\/mondevanille.com\/es\/wp-json\/wp\/v2\/product"}],"about":[{"href":"https:\/\/mondevanille.com\/es\/wp-json\/wp\/v2\/types\/product"}],"wp:featuredmedia":[{"embeddable":true,"href":"https:\/\/mondevanille.com\/es\/wp-json\/wp\/v2\/media\/62458"}],"wp:attachment":[{"href":"https:\/\/mondevanille.com\/es\/wp-json\/wp\/v2\/media?parent=61914"}],"wp:term":[{"taxonomy":"product_brand","embeddable":true,"href":"https:\/\/mondevanille.com\/es\/wp-json\/wp\/v2\/product_brand?post=61914"},{"taxonomy":"product_cat","embeddable":true,"href":"https:\/\/mondevanille.com\/es\/wp-json\/wp\/v2\/product_cat?post=61914"},{"taxonomy":"product_tag","embeddable":true,"href":"https:\/\/mondevanille.com\/es\/wp-json\/wp\/v2\/product_tag?post=61914"}],"curies":[{"name":"wp","href":"https:\/\/api.w.org\/{rel}","templated":true}]}}