{"id":65776,"date":"2026-04-29T16:27:45","date_gmt":"2026-04-29T14:27:45","guid":{"rendered":"https:\/\/mondevanille.com\/produit\/gousse-de-vanille-qualite-tk-14-16cm\/"},"modified":"2026-04-30T12:07:15","modified_gmt":"2026-04-30T10:07:15","slug":"gousse-de-vanille-qualite-tk-14-16cm","status":"publish","type":"product","link":"https:\/\/mondevanille.com\/es\/producto\/gousse-de-vanille-qualite-tk-14-16cm\/","title":{"rendered":"Vaina de vainilla Bourbon Madagascar <br> Calidad TK 14 - 16cm"},"content":{"rendered":"<p>La vainilla de calidad TK es un intermediario entre la vainilla gourmet y la vainilla roja de <a href=\"https:\/\/mondevanille.com\/es\/?post_type=product&#038;p=54154\">calidad de extracci\u00f3n. La vainilla TK puede presentar un fino moteado rojo en algunas vainas.<\/p>\n<p>Menos h\u00fameda y aceitosa que la de calidad gourmet, la vainilla TK tiene la ventaja de ofrecer m\u00e1s vainas por peso, por lo que es m\u00e1s econ\u00f3mica y se conserva muy bien con el paso del tiempo.<\/p>\n<p>Estas caracter\u00edsticas arom\u00e1ticas se acercan a las de la vainilla gourmet.<\/p>\n<p>Encuentra nuestras vainas de vainilla de calidad de extracci\u00f3n <span style=\"color: #ff0000;\"><strong>&gt;AQU\u00cd&lt;<\/strong><\/span><\/a><\/p>\n","protected":false},"excerpt":{"rendered":"<p>Calidad intermedia entre la vainilla gourmet y la vainilla roja <a href=\"https:\/\/mondevanille.com\/es\/?post_type=product&#038;p=54154\" target=\"_blank\" rel=\"noopener\">de grado de extracci\u00f3n<\/a>, la vainilla TK puede presentar un fino moteado rojo en algunas vainas.<\/p>\n<p>Menos h\u00fameda y aceitosa que la vainilla gourmet, la vainilla TK tiene la ventaja de ofrecer m\u00e1s vainas por peso, por lo que es m\u00e1s econ\u00f3mica y se conserva muy bien con el tiempo.<\/p>\n<p>Sus caracter\u00edsticas arom\u00e1ticas se acercan a las de la vainilla gourmet.<\/p>\n","protected":false},"featured_media":65802,"template":"","meta":[],"product_brand":[],"product_cat":[324,670],"product_tag":[],"class_list":{"0":"post-65776","1":"product","2":"type-product","3":"status-publish","4":"has-post-thumbnail","6":"product_cat-madagascar-es","7":"product_cat-profesionales","9":"first","10":"instock","11":"sale","12":"taxable","13":"shipping-taxable","14":"purchasable","15":"product-type-variable","16":"wvs-archive-product-wrapper"},"aioseo_notices":[],"_links":{"self":[{"href":"https:\/\/mondevanille.com\/es\/wp-json\/wp\/v2\/product\/65776","targetHints":{"allow":["GET"]}}],"collection":[{"href":"https:\/\/mondevanille.com\/es\/wp-json\/wp\/v2\/product"}],"about":[{"href":"https:\/\/mondevanille.com\/es\/wp-json\/wp\/v2\/types\/product"}],"wp:featuredmedia":[{"embeddable":true,"href":"https:\/\/mondevanille.com\/es\/wp-json\/wp\/v2\/media\/65802"}],"wp:attachment":[{"href":"https:\/\/mondevanille.com\/es\/wp-json\/wp\/v2\/media?parent=65776"}],"wp:term":[{"taxonomy":"product_brand","embeddable":true,"href":"https:\/\/mondevanille.com\/es\/wp-json\/wp\/v2\/product_brand?post=65776"},{"taxonomy":"product_cat","embeddable":true,"href":"https:\/\/mondevanille.com\/es\/wp-json\/wp\/v2\/product_cat?post=65776"},{"taxonomy":"product_tag","embeddable":true,"href":"https:\/\/mondevanille.com\/es\/wp-json\/wp\/v2\/product_tag?post=65776"}],"curies":[{"name":"wp","href":"https:\/\/api.w.org\/{rel}","templated":true}]}}