{"id":6823,"date":"2022-03-30T14:35:40","date_gmt":"2022-03-30T12:35:40","guid":{"rendered":"http:\/\/mondevanille.com\/produit\/vainilla-de-santo-tome\/"},"modified":"2026-02-20T15:34:10","modified_gmt":"2026-02-20T14:34:10","slug":"saotome-vainilla","status":"publish","type":"product","link":"https:\/\/mondevanille.com\/es\/producto\/saotome-vainilla\/","title":{"rendered":"Vainilla de Santo Tom\u00e9"},"content":{"rendered":"<p>Vainilla Sao-Tom\u00e9 y Principios<br \/>\nPeque\u00f1o estado insular de \u00c1frica Occidental, recientemente se ha reactivado la producci\u00f3n de vainilla. El resultado es una vainilla fina y muy arom\u00e1tica, rica en peque\u00f1as vainas negras.  el aroma recuerda a la vainilla de las Comoras, con sus notas de azahar. Su sabor a cacao es similar al de la vainilla mexicana.<\/p>\n<p><em><strong>Encuentre las Fichas T\u00e9cnicas, el Certificado Org\u00e1nico y los Boletines de An\u00e1lisis en la pesta\u00f1a \u00abCOMPROMISO DE CALIDAD\u00bb de nuestra web.<\/strong><\/em><\/p>\n","protected":false},"excerpt":{"rendered":"<p>Vanille Sao-Tom\u00e9 &amp; Principes<br \/>\nUna vainilla fina y muy arom\u00e1tica, rica en peque\u00f1as vainas negras. el aroma recuerda a la vainilla de las Comoras, con sus notas de azahar. Su sabor a cacao es similar al de la vainilla mexicana.<\/p>\n","protected":false},"featured_media":6647,"template":"","meta":[],"product_brand":[],"product_cat":[208,210,207,209],"product_tag":[],"class_list":{"0":"post-6823","1":"product","2":"type-product","3":"status-publish","4":"has-post-thumbnail","6":"product_cat-bulto","7":"product_cat-nuestro-confidencial","8":"product_cat-origenes","9":"product_cat-santo-tome","11":"first","12":"outofstock","13":"taxable","14":"shipping-taxable","15":"purchasable","16":"product-type-variable","17":"has-default-attributes","18":"wvs-archive-product-wrapper"},"aioseo_notices":[],"_links":{"self":[{"href":"https:\/\/mondevanille.com\/es\/wp-json\/wp\/v2\/product\/6823","targetHints":{"allow":["GET"]}}],"collection":[{"href":"https:\/\/mondevanille.com\/es\/wp-json\/wp\/v2\/product"}],"about":[{"href":"https:\/\/mondevanille.com\/es\/wp-json\/wp\/v2\/types\/product"}],"wp:featuredmedia":[{"embeddable":true,"href":"https:\/\/mondevanille.com\/es\/wp-json\/wp\/v2\/media\/6647"}],"wp:attachment":[{"href":"https:\/\/mondevanille.com\/es\/wp-json\/wp\/v2\/media?parent=6823"}],"wp:term":[{"taxonomy":"product_brand","embeddable":true,"href":"https:\/\/mondevanille.com\/es\/wp-json\/wp\/v2\/product_brand?post=6823"},{"taxonomy":"product_cat","embeddable":true,"href":"https:\/\/mondevanille.com\/es\/wp-json\/wp\/v2\/product_cat?post=6823"},{"taxonomy":"product_tag","embeddable":true,"href":"https:\/\/mondevanille.com\/es\/wp-json\/wp\/v2\/product_tag?post=6823"}],"curies":[{"name":"wp","href":"https:\/\/api.w.org\/{rel}","templated":true}]}}