{"id":6870,"date":"2022-03-30T15:11:41","date_gmt":"2022-03-30T13:11:41","guid":{"rendered":"http:\/\/mondevanille.com\/produit\/vainilla-de-isla-reunion\/"},"modified":"2026-01-29T13:57:37","modified_gmt":"2026-01-29T12:57:37","slug":"isla-de-la-reunion","status":"publish","type":"product","link":"https:\/\/mondevanille.com\/es\/producto\/isla-de-la-reunion\/","title":{"rendered":"Vainilla de la Isla de la Reuni\u00f3n"},"content":{"rendered":"<p>Vainilla en la Isla de la Reuni\u00f3n<\/p>\n<p>Una calidad muy fina, refinada y arom\u00e1tica, con un sabor t\u00edpico a vainilla Bourbon. Origen garantizado.<\/p>\n<p><em><strong>Encuentre las Fichas T\u00e9cnicas, el Certificado Org\u00e1nico y los Boletines de An\u00e1lisis en la pesta\u00f1a \u00abCOMPROMISO DE CALIDAD\u00bb de nuestra web.<\/strong><\/em><\/p>\n","protected":false},"excerpt":{"rendered":"<p>La vainilla de referencia.<\/p>\n<p>Aplicaci\u00f3n: todo tipo de postres, platos calientes, maceraci\u00f3n.<\/p>\n<p>Un aroma t\u00edpico de vainilla con delicadas notas de cacao y regaliz.<\/p>\n","protected":false},"featured_media":52976,"template":"","meta":[],"product_brand":[],"product_cat":[208,239,210,207,515],"product_tag":[],"class_list":{"0":"post-6870","1":"product","2":"type-product","3":"status-publish","4":"has-post-thumbnail","6":"product_cat-bulto","7":"product_cat-isla-de-la-reunion","8":"product_cat-nuestro-confidencial","9":"product_cat-origenes","10":"product_cat-vainilla-frances","12":"first","13":"instock","14":"featured","15":"taxable","16":"shipping-taxable","17":"purchasable","18":"product-type-variable","19":"has-default-attributes","20":"wvs-archive-product-wrapper"},"aioseo_notices":[],"_links":{"self":[{"href":"https:\/\/mondevanille.com\/es\/wp-json\/wp\/v2\/product\/6870","targetHints":{"allow":["GET"]}}],"collection":[{"href":"https:\/\/mondevanille.com\/es\/wp-json\/wp\/v2\/product"}],"about":[{"href":"https:\/\/mondevanille.com\/es\/wp-json\/wp\/v2\/types\/product"}],"wp:featuredmedia":[{"embeddable":true,"href":"https:\/\/mondevanille.com\/es\/wp-json\/wp\/v2\/media\/52976"}],"wp:attachment":[{"href":"https:\/\/mondevanille.com\/es\/wp-json\/wp\/v2\/media?parent=6870"}],"wp:term":[{"taxonomy":"product_brand","embeddable":true,"href":"https:\/\/mondevanille.com\/es\/wp-json\/wp\/v2\/product_brand?post=6870"},{"taxonomy":"product_cat","embeddable":true,"href":"https:\/\/mondevanille.com\/es\/wp-json\/wp\/v2\/product_cat?post=6870"},{"taxonomy":"product_tag","embeddable":true,"href":"https:\/\/mondevanille.com\/es\/wp-json\/wp\/v2\/product_tag?post=6870"}],"curies":[{"name":"wp","href":"https:\/\/api.w.org\/{rel}","templated":true}]}}