{"id":7053,"date":"2022-03-25T09:49:02","date_gmt":"2022-03-25T08:49:02","guid":{"rendered":"http:\/\/mondevanille.com\/produit\/vainilla-mexicana\/"},"modified":"2025-07-21T11:04:33","modified_gmt":"2025-07-21T09:04:33","slug":"vainilla-de-mexico","status":"publish","type":"product","link":"https:\/\/mondevanille.com\/es\/producto\/vainilla-de-mexico\/","title":{"rendered":"vainilla mexicana"},"content":{"rendered":"<p>La vainilla mexicana es una vaina fina, negra y de color brillante. Las notas arom\u00e1ticas son c\u00e1lidas y sutiles, con matices especiados. Vainilla con los m\u00e1s finos y variados sabores.<\/p>\n<p><em>Lo recomendamos para <\/em> reposter\u00eda, helados y todo tipo de postres, pero tambi\u00e9n para platos calientes (carnes blancas y pescados).<\/p>\n<p><em><strong>Encuentre las Fichas T\u00e9cnicas, el Certificado Org\u00e1nico y los Boletines de An\u00e1lisis en la pesta\u00f1a \u00abCOMPROMISO DE CALIDAD\u00bb de nuestra web.<\/strong><\/em><\/p>\n","protected":false},"excerpt":{"rendered":"<p>Para los puristas la vainilla original. <\/p>\n<p>Las vainas son finas y m\u00e1s o menos parduzcas. Sabor rico y con cuerpo Aplicaci\u00f3n: todo tipo de postres, platos calientes, maceraci\u00f3n Un sabor t\u00edpico a vainilla, con delicadas y sutiles notas de cacao.<\/p>\n","protected":false},"featured_media":60392,"template":"","meta":[],"product_brand":[],"product_cat":[277,210,207],"product_tag":[],"class_list":{"0":"post-7053","1":"product","2":"type-product","3":"status-publish","4":"has-post-thumbnail","6":"product_cat-mexico-es","7":"product_cat-nuestro-confidencial","8":"product_cat-origenes","10":"first","11":"instock","12":"featured","13":"taxable","14":"shipping-taxable","15":"purchasable","16":"product-type-variable","17":"wvs-archive-product-wrapper"},"aioseo_notices":[],"_links":{"self":[{"href":"https:\/\/mondevanille.com\/es\/wp-json\/wp\/v2\/product\/7053","targetHints":{"allow":["GET"]}}],"collection":[{"href":"https:\/\/mondevanille.com\/es\/wp-json\/wp\/v2\/product"}],"about":[{"href":"https:\/\/mondevanille.com\/es\/wp-json\/wp\/v2\/types\/product"}],"wp:featuredmedia":[{"embeddable":true,"href":"https:\/\/mondevanille.com\/es\/wp-json\/wp\/v2\/media\/60392"}],"wp:attachment":[{"href":"https:\/\/mondevanille.com\/es\/wp-json\/wp\/v2\/media?parent=7053"}],"wp:term":[{"taxonomy":"product_brand","embeddable":true,"href":"https:\/\/mondevanille.com\/es\/wp-json\/wp\/v2\/product_brand?post=7053"},{"taxonomy":"product_cat","embeddable":true,"href":"https:\/\/mondevanille.com\/es\/wp-json\/wp\/v2\/product_cat?post=7053"},{"taxonomy":"product_tag","embeddable":true,"href":"https:\/\/mondevanille.com\/es\/wp-json\/wp\/v2\/product_tag?post=7053"}],"curies":[{"name":"wp","href":"https:\/\/api.w.org\/{rel}","templated":true}]}}