{"id":7599,"date":"2022-02-06T13:47:11","date_gmt":"2022-02-06T12:47:11","guid":{"rendered":"http:\/\/mondevanille.com\/produit\/vainilla-de-tahiti\/"},"modified":"2026-05-11T16:44:48","modified_gmt":"2026-05-11T14:44:48","slug":"tahiti-vainilla","status":"publish","type":"product","link":"https:\/\/mondevanille.com\/es\/producto\/tahiti-vainilla\/","title":{"rendered":"vainilla de Tahit\u00ed"},"content":{"rendered":"<p>Reputada como una de las mejores vainas de vainilla del mundo, la vainilla de Tahit\u00ed<strong> <a title=\"\u00bfY las vainillas francesas?\" href=\"https:\/\/mondevanille.com\/es\/quid-des-vanilles-francaises\/\" target=\"_blank\" rel=\"noopener\">vainilla de Tahit\u00ed<\/a> <\/strong>son gordas y con cuerpo, con una fragancia afrutada de ciruelas pasas e higos, y una nota de fondo ligeramente picante y anisada. La vainilla Tahitensis se cultiva en el f\u00e9rtil suelo volc\u00e1nico de Tahit\u00ed, en el coraz\u00f3n del Pac\u00edfico y en las islas principales de Moorea, Tahaa, Bora Bora y Raiatea. Se prepara siguiendo m\u00e9todos tradicionales, lo que garantiza una calidad excepcional.<\/p>\n<p>La fragancia hechizante de las vainas de vainilla <a href=\"https:\/\/fr.wikipedia.org\/wiki\/Tahiti\" target=\"_blank\" rel=\"noopener\">de Tahit\u00ed<\/a> se expresa mejor en postres, helados, flanes, nata montada, masa para crepes, panna cota y bebidas. Tambi\u00e9n se utiliza en cosm\u00e9tica y perfumer\u00eda.<\/p>\n<figure id=\"attachment_8923\" aria-describedby=\"caption-attachment-8923\" style=\"width: 104px\" class=\"wp-caption alignnone\"><img decoding=\"async\" class=\"wp-image-8919\" title=\"Vainilla de Tahit\u00ed\" src=\"https:\/\/mondevanille.com\/wp-content\/uploads\/2022\/05\/tahiti-2-300x296.png\" alt=\"Vainilla de Tahit\u00ed\" width=\"104\" height=\"103\" srcset=\"https:\/\/mondevanille.com\/wp-content\/uploads\/2022\/05\/tahiti-2-300x296.png 300w, https:\/\/mondevanille.com\/wp-content\/uploads\/2022\/05\/tahiti-2-150x150.png 150w, https:\/\/mondevanille.com\/wp-content\/uploads\/2022\/05\/tahiti-2-96x96.png 96w, https:\/\/mondevanille.com\/wp-content\/uploads\/2022\/05\/tahiti-2-42x42.png 42w, https:\/\/mondevanille.com\/wp-content\/uploads\/2022\/05\/tahiti-2-100x100.png 100w, https:\/\/mondevanille.com\/wp-content\/uploads\/2022\/05\/tahiti-2.png 471w\" sizes=\"(max-width: 104px) 100vw, 104px\" \/><figcaption id=\"caption-attachment-8923\" class=\"wp-caption-text\">Vainilla de Tahit\u00ed<\/figcaption><\/figure>\n<p>&nbsp;<\/p>\n<p><em><strong>Encuentre las Fichas T\u00e9cnicas, el Certificado Org\u00e1nico y los Boletines de An\u00e1lisis en la pesta\u00f1a \u00abCOMPROMISO DE CALIDAD\u00bb de nuestra web.<\/strong><\/em><\/p>\n","protected":false},"excerpt":{"rendered":"<p>La vainilla de Tahit\u00ed<em>\u00abVanilla Tahitensis<\/em>\u00bb es un producto excepcional.<br \/>\nVainas gordas, aceitosas, arrugadas, de color brillante, fragancia embriagadora y dulce, notas de ciruelas pasas con un ligero matiz de caramelo seg\u00fan el lote. Muy buena resistencia de las vainas al paso del tiempo con un peso medio muy superior a las variedades \u00abPlanifolia\u00bb. Mejor reservarlo para los postres.<br \/>\n<a href=\"https:\/\/mondevanille.com\/es\/producto\/vainas-de-vainilla-tahitiprofessional\/\" target=\"_blank\" rel=\"noopener\"><img decoding=\"async\" class=\" wp-image-47865\" src=\"https:\/\/mondevanille.com\/wp-content\/uploads\/2022\/12\/boite-carton-tahiti-1.webp\" alt=\"Vainilla TAHITI Mundo de la Vainilla\" width=\"77\" height=\"102\"><\/a><\/p>\n<p style=\"text-align: center;\"><a title=\"Vaina de vainilla de Tahit\u00ed\" href=\"https:\/\/mondevanille.com\/es\/producto\/vainas-de-vainilla-tahitiprofessional\/\"><span style=\"color: #ff0000;\"><strong>&gt;&gt;M\u00e1s informaci\u00f3n sobre nuestras ofertas profesionales aqu\u00ed&lt;&lt;<\/strong><\/span><\/a><\/p>\n","protected":false},"featured_media":60387,"template":"","meta":[],"product_brand":[],"product_cat":[207,315,515],"product_tag":[],"class_list":{"0":"post-7599","1":"product","2":"type-product","3":"status-publish","4":"has-post-thumbnail","6":"product_cat-origenes","7":"product_cat-tahiti-es","8":"product_cat-vainilla-frances","10":"first","11":"instock","12":"sale","13":"featured","14":"taxable","15":"shipping-taxable","16":"purchasable","17":"product-type-variable","18":"wvs-archive-product-wrapper"},"aioseo_notices":[],"_links":{"self":[{"href":"https:\/\/mondevanille.com\/es\/wp-json\/wp\/v2\/product\/7599","targetHints":{"allow":["GET"]}}],"collection":[{"href":"https:\/\/mondevanille.com\/es\/wp-json\/wp\/v2\/product"}],"about":[{"href":"https:\/\/mondevanille.com\/es\/wp-json\/wp\/v2\/types\/product"}],"wp:featuredmedia":[{"embeddable":true,"href":"https:\/\/mondevanille.com\/es\/wp-json\/wp\/v2\/media\/60387"}],"wp:attachment":[{"href":"https:\/\/mondevanille.com\/es\/wp-json\/wp\/v2\/media?parent=7599"}],"wp:term":[{"taxonomy":"product_brand","embeddable":true,"href":"https:\/\/mondevanille.com\/es\/wp-json\/wp\/v2\/product_brand?post=7599"},{"taxonomy":"product_cat","embeddable":true,"href":"https:\/\/mondevanille.com\/es\/wp-json\/wp\/v2\/product_cat?post=7599"},{"taxonomy":"product_tag","embeddable":true,"href":"https:\/\/mondevanille.com\/es\/wp-json\/wp\/v2\/product_tag?post=7599"}],"curies":[{"name":"wp","href":"https:\/\/api.w.org\/{rel}","templated":true}]}}