{"id":7644,"date":"2022-02-06T13:38:20","date_gmt":"2022-02-06T12:38:20","guid":{"rendered":"http:\/\/mondevanille.com\/produit\/vainilla-de-las-comoras\/"},"modified":"2026-04-21T16:26:19","modified_gmt":"2026-04-21T14:26:19","slug":"vanille-des-comores","status":"publish","type":"product","link":"https:\/\/mondevanille.com\/es\/producto\/vanille-des-comores\/","title":{"rendered":"Vainilla de las Comoras"},"content":{"rendered":"<p>Beneficiaria de la denominaci\u00f3n Bourbon, la vainilla de Comoras nos ofrece notas arom\u00e1ticas fuertemente floridas y embriagadoras con un contenido inigualable de vainillina del 2%. Una vainilla vers\u00e1til con un lado menos dulce y m\u00e1s crudo que la de Madagascar, es adecuada para todo tipo de recetas.<br \/>\n<em><strong>Encuentre las Fichas T\u00e9cnicas, el Certificado Org\u00e1nico y los Boletines de An\u00e1lisis en la pesta\u00f1a \u00abCOMPROMISO DE CALIDAD\u00bb de nuestra web.<\/strong><\/em><\/p>\n<figure><a style=\"color: #ff0000;\" title=\"Datos t\u00e9cnicos\" href=\"https:\/\/mondevanille.com\/wp-content\/uploads\/2022\/02\/FT-Comores-2023-LE-MONDE-DE-LA-VANILLE-AS2312-231276VA.pdf\" target=\"_blank\" rel=\"noopener\"><img decoding=\"async\" class=\"alignnone wp-image-52756\" src=\"https:\/\/mondevanille.com\/wp-content\/uploads\/2021\/02\/file.png\" alt=\"\" width=\"70\" height=\"70\" srcset=\"https:\/\/mondevanille.com\/wp-content\/uploads\/2021\/02\/file.png 256w, https:\/\/mondevanille.com\/wp-content\/uploads\/2021\/02\/file-150x150.png 150w, https:\/\/mondevanille.com\/wp-content\/uploads\/2021\/02\/file-100x100.png 100w, https:\/\/mondevanille.com\/wp-content\/uploads\/2021\/02\/file-50x50.png 50w, https:\/\/mondevanille.com\/wp-content\/uploads\/2021\/02\/file-64x64.png 64w\" sizes=\"(max-width: 70px) 100vw, 70px\" \/><\/a><figcaption>Datos t\u00e9cnicos<\/figcaption><\/figure>\n","protected":false},"excerpt":{"rendered":"<p>Situadas al noroeste de Madagascar, las Comoras nos ofrecen una vainilla at\u00edpica con un contenido en vainillina sin igual, del 2% o m\u00e1s.<\/p>\n<p>Las notas arom\u00e1ticas son fuertemente florales y embriagadoras. Producci\u00f3n de unas 40 toneladas al a\u00f1o.<\/p>\n","protected":false},"featured_media":16453,"template":"","meta":[],"product_brand":[],"product_cat":[325,210,207],"product_tag":[],"class_list":{"0":"post-7644","1":"product","2":"type-product","3":"status-publish","4":"has-post-thumbnail","6":"product_cat-comoras","7":"product_cat-nuestro-confidencial","8":"product_cat-origenes","10":"first","11":"instock","12":"taxable","13":"shipping-taxable","14":"purchasable","15":"product-type-variable","16":"wvs-archive-product-wrapper"},"aioseo_notices":[],"_links":{"self":[{"href":"https:\/\/mondevanille.com\/es\/wp-json\/wp\/v2\/product\/7644","targetHints":{"allow":["GET"]}}],"collection":[{"href":"https:\/\/mondevanille.com\/es\/wp-json\/wp\/v2\/product"}],"about":[{"href":"https:\/\/mondevanille.com\/es\/wp-json\/wp\/v2\/types\/product"}],"wp:featuredmedia":[{"embeddable":true,"href":"https:\/\/mondevanille.com\/es\/wp-json\/wp\/v2\/media\/16453"}],"wp:attachment":[{"href":"https:\/\/mondevanille.com\/es\/wp-json\/wp\/v2\/media?parent=7644"}],"wp:term":[{"taxonomy":"product_brand","embeddable":true,"href":"https:\/\/mondevanille.com\/es\/wp-json\/wp\/v2\/product_brand?post=7644"},{"taxonomy":"product_cat","embeddable":true,"href":"https:\/\/mondevanille.com\/es\/wp-json\/wp\/v2\/product_cat?post=7644"},{"taxonomy":"product_tag","embeddable":true,"href":"https:\/\/mondevanille.com\/es\/wp-json\/wp\/v2\/product_tag?post=7644"}],"curies":[{"name":"wp","href":"https:\/\/api.w.org\/{rel}","templated":true}]}}