{"id":7683,"date":"2022-02-06T14:07:26","date_gmt":"2022-02-06T13:07:26","guid":{"rendered":"http:\/\/mondevanille.com\/produit\/azucar-de-vainilla-de-madagascar\/"},"modified":"2026-04-23T09:14:37","modified_gmt":"2026-04-23T07:14:37","slug":"azucar-vainilla-madagascar","status":"publish","type":"product","link":"https:\/\/mondevanille.com\/es\/producto\/azucar-vainilla-madagascar\/","title":{"rendered":"Az\u00facar moreno con vainilla Bourbon de Madagascar"},"content":{"rendered":"<div id=\"description-produit\">\n<div class=\"container\">\n<p>Az\u00facar de vainilla<\/p>\n<p>Descubre el <strong><a title=\"Az\u00facar moreno\" href=\"https:\/\/fr.wikipedia.org\/wiki\/Sucre_roux_de_canne\" target=\"_blank\" rel=\"noopener\">az\u00facar moreno<\/a> a la vainilla<\/strong> elaborado por <em>Le Monde de la Vanille<\/em>. Una creaci\u00f3n gourmet que combina el dulzor natural del az\u00facar moreno con la intensidad arom\u00e1tica de la <strong>vainilla Bourbon de Madagascar<\/strong>. Elaborada con pura vainilla en polvo, esta refinada mezcla realza tus recetas y a\u00f1ade un toque ex\u00f3tico a tus postres, bebidas calientes o reposter\u00eda casera.   La vainilla Bourbon de Madagascar es famosa en todo el mundo por su calidad superior y su fragancia embriagadora y delicada, con sutiles toques de cacao.<\/p>\n<p>Nuestro az\u00facar moreno a la vainilla es ideal para aromatizar el caf\u00e9, condimentar una macedonia, enriquecer tus pasteles o incluso caramelizar tu cr\u00e8me br\u00fbl\u00e9e. Gracias a <strong>la excepcional calidad de la vainilla Bourbon de Madagascar <\/strong>, cada grano de az\u00facar revela una fragancia c\u00e1lida, dulce y hechizante. <\/p>\n<p>Al elegir el az\u00facar moreno de vainilla <em>Le Monde de la Vanille<\/em>, est\u00e1s optando por :<\/p>\n<ul>\n<li>Un producto artesanal<\/li>\n<li>Natural<\/li>\n<li>Sin aromas artificiales.<\/li>\n<li>Dise\u00f1ado para entusiastas de la cocina y amantes de los sabores aut\u00e9nticos.<\/li>\n<\/ul>\n<p><strong><em>Composici\u00f3n<\/em> <\/strong>Az\u00facar de ca\u00f1a sin refinar (90%), vainas de vainilla de Madagascar trituradas (10%).<\/p>\n<p>Producto procesado y envasado en Francia.<\/p>\n<\/div>\n<\/div>\n<div id=\"avis-clients-produit\">\n<div class=\"container\">\n<section id=\"netreviews_reviews_tab\" class=\" \">\n<div id=\"netreviews_rating_section\" data-group-name=\"\" data-url-ajax=\"\/modules\/\" data-idshop=\"1\" data-productid=\"110\" data-current-page=\"1\" data-current-option=\"horodate_DESC\" data-sortbynote=\"0\" data-max-page=\"1\">\n<div class=\"netreviews_rating_header\"><em><strong>Las Fichas T\u00e9cnicas, los Certificados Ecol\u00f3gicos y los Boletines de An\u00e1lisis se encuentran en la secci\u00f3n<a title=\"Fichas t\u00e9cnicas\" href=\"https:\/\/mondevanille.com\/es\/hojas-de-datos\/\">\u00abCOMPROMISO DE CALIDAD<\/a>\u00bb de nuestro sitio web.<\/strong><\/em><\/div>\n<div>\n<h6><strong>\u00bfC\u00f3mo lo utilizas?<\/strong><\/h6>\n<p>Nuestro az\u00facar vainillado tiene muchos usos:<\/p>\n<ul>\n<li>Endulza y aromatiza tu caf\u00e9, t\u00e9 o chocolate caliente<\/li>\n<li>Realza una ensalada de frutas o un yogur<\/li>\n<li>Realza el sabor de tus tortitas, pasteles y bizcochos<\/li>\n<li>Carameliza tu cr\u00e8me br\u00fbl\u00e9e o tus tartas de frutas<\/li>\n<\/ul>\n<\/div>\n<div>\n<p><img decoding=\"async\" class=\" wp-image-51275\" src=\"https:\/\/mondevanille.com\/wp-content\/uploads\/2021\/02\/LOGO-carre.webp\" alt=\"az\u00facar de vainilla\" width=\"85\" height=\"85\"><\/p>\n<p>Nuestra gama incluye vainas de vainilla, vainilla en polvo 100% natural, extractos de vainilla (tambi\u00e9n sin aditivos), pasta de vainilla, vainas de vainilla (o caviar de vainilla) y az\u00facar avainillado. Todos estos productos est\u00e1n disponibles en nuestro sitio web en el formato que mejor se adapte a sus necesidades.<\/p>\n<p>Encarga ahora en l\u00ednea nuestra vainilla de <strong>Madagascar, Tahit\u00ed, Pap\u00faa Nueva Guinea<\/strong>&#8230;<\/p>\n<\/div>\n<\/div>\n<\/section>\n<\/div>\n<\/div>\n","protected":false},"excerpt":{"rendered":"<div id=\"description-produit\">\n<div class=\"container\">\n<p>Az\u00facar moreno con vainilla Bourbon de Madagascar.<br \/>\nIdeal para endulzar y realzar tus postres, bebidas calientes y reposter\u00eda con un aut\u00e9ntico toque gourmet.<\/p>\n<p><em><strong>Composici\u00f3n<\/strong> <\/em>Az\u00facar de ca\u00f1a sin refinar (90%), vainas de vainilla de Madagascar trituradas (10%).<br \/>\n<em><strong>Presentaci\u00f3n<\/strong>: <\/em>Bolsa - Tarro - Tubo.<br \/>\nProducto elaborado y envasado en Francia.<\/p>\n<p>Az\u00facar moreno aromatizado con <strong>vainilla Bourbon de Madagascar<\/strong>, elaborado por <em>Le Monde de la Vanille<\/em>. Ideal para endulzar y realzar tus postres, bebidas calientes y reposter\u00eda con un aut\u00e9ntico toque gourmet. <\/p>\n<p>Tambi\u00e9n disponible en <a title=\"Az\u00facar blanco de vainilla\" href=\"https:\/\/mondevanille.com\/produit\/sucre-blanc-vanille\/\" target=\"_blank\" rel=\"noopener\"><span style=\"color: #ff0000;\"><strong>&gt;Az\u00facar blanco de vainilla&lt;<\/strong><\/span><\/a><\/p>\n<\/div>\n<\/div>\n","protected":false},"featured_media":56229,"template":"","meta":[],"product_brand":[],"product_cat":[334],"product_tag":[],"class_list":{"0":"post-7683","1":"product","2":"type-product","3":"status-publish","4":"has-post-thumbnail","6":"product_cat-azucar-de-vainilla","8":"first","9":"instock","10":"taxable","11":"shipping-taxable","12":"purchasable","13":"product-type-variable","14":"wvs-archive-product-wrapper"},"aioseo_notices":[],"_links":{"self":[{"href":"https:\/\/mondevanille.com\/es\/wp-json\/wp\/v2\/product\/7683","targetHints":{"allow":["GET"]}}],"collection":[{"href":"https:\/\/mondevanille.com\/es\/wp-json\/wp\/v2\/product"}],"about":[{"href":"https:\/\/mondevanille.com\/es\/wp-json\/wp\/v2\/types\/product"}],"wp:featuredmedia":[{"embeddable":true,"href":"https:\/\/mondevanille.com\/es\/wp-json\/wp\/v2\/media\/56229"}],"wp:attachment":[{"href":"https:\/\/mondevanille.com\/es\/wp-json\/wp\/v2\/media?parent=7683"}],"wp:term":[{"taxonomy":"product_brand","embeddable":true,"href":"https:\/\/mondevanille.com\/es\/wp-json\/wp\/v2\/product_brand?post=7683"},{"taxonomy":"product_cat","embeddable":true,"href":"https:\/\/mondevanille.com\/es\/wp-json\/wp\/v2\/product_cat?post=7683"},{"taxonomy":"product_tag","embeddable":true,"href":"https:\/\/mondevanille.com\/es\/wp-json\/wp\/v2\/product_tag?post=7683"}],"curies":[{"name":"wp","href":"https:\/\/api.w.org\/{rel}","templated":true}]}}