{"id":7729,"date":"2022-02-06T14:56:17","date_gmt":"2022-02-06T13:56:17","guid":{"rendered":"http:\/\/mondevanille.com\/produit\/frasco\/"},"modified":"2025-03-26T11:25:01","modified_gmt":"2025-03-26T10:25:01","slug":"frasco","status":"publish","type":"product","link":"https:\/\/mondevanille.com\/es\/producto\/frasco\/","title":{"rendered":"Tarro <br>Vainilla-Polvo-Az\u00facar"},"content":{"rendered":"<p>Para una \u00f3ptima conservaci\u00f3n y almacenaje a mano, el envasado en tarro de cristal es probablemente el envase m\u00e1s adecuado para la vainilla.<\/p>\n<p>Evita la desecaci\u00f3n y permite que la vainilla siga desarrollando sus aromas.<\/p>\n<p>Un formato y una presentaci\u00f3n pr\u00e1cticos para los usuarios habituales de vainilla.<\/p>\n<p><img decoding=\"async\" class=\" wp-image-50716\" src=\"https:\/\/mondevanille.com\/wp-content\/uploads\/2022\/12\/Offre-Speciale-e1696493874358.webp\" alt=\"\" width=\"81\" height=\"34\" srcset=\"https:\/\/mondevanille.com\/wp-content\/uploads\/2022\/12\/Offre-Speciale-e1696493874358.webp 1087w, https:\/\/mondevanille.com\/wp-content\/uploads\/2022\/12\/Offre-Speciale-e1696493874358-600x251.webp 600w, https:\/\/mondevanille.com\/wp-content\/uploads\/2022\/12\/Offre-Speciale-e1696493874358-1024x428.webp 1024w, https:\/\/mondevanille.com\/wp-content\/uploads\/2022\/12\/Offre-Speciale-e1696493874358-768x321.webp 768w, https:\/\/mondevanille.com\/wp-content\/uploads\/2022\/12\/Offre-Speciale-e1696493874358-1000x418.webp 1000w, https:\/\/mondevanille.com\/wp-content\/uploads\/2022\/12\/Offre-Speciale-e1696493874358-64x27.webp 64w\" sizes=\"(max-width: 81px) 100vw, 81px\" \/>  Este producto se beneficia de una promoci\u00f3n   <span style=\"color: #ff0000;\"><br \/>\n  <strong><br \/>\n    <a style=\"color: #ff0000;\" title=\"BOCAUX ESPECIALES - Vainas - Madagascar - Pap\u00faa Nueva Guinea\" href=\"https:\/\/mondevanille.com\/es\/producto\/especial-bocaux-gousses-madagascar-papouasie-nouvelle-guinee\/\"> &gt;&gt;aqu\u00ed&lt;&lt; <\/a><br \/>\n  <\/strong><br \/>\n<\/span>o  <span style=\"color: #ff0000;\"><strong><a style=\"color: #ff0000;\" title=\"BOCAUX ESPECIALES - Madagascar en polvo - - Az\u00facar moreno con vainilla Bourbon -\" href=\"https:\/\/mondevanille.com\/es\/producto\/especial-bocaux-poudre-madagascar-sucre-roux-a-la-vanille-bourbon\/\"> &gt;&gt;aqu\u00ed&lt;&lt;<\/a><\/strong><\/span><\/p>\n<p><em><strong>Encuentre las Fichas T\u00e9cnicas, el Certificado Org\u00e1nico y los Boletines de An\u00e1lisis en la pesta\u00f1a \u00abCOMPROMISO DE CALIDAD\u00bb de nuestra web.<\/strong><\/em><\/p>\n","protected":false},"excerpt":{"rendered":"<p><img decoding=\"async\" class=\" wp-image-50716\" src=\"https:\/\/mondevanille.com\/wp-content\/uploads\/2022\/12\/Offre-Speciale-e1696493874358-600x251.webp\" alt=\"\" width=\"81\" height=\"34\" srcset=\"https:\/\/mondevanille.com\/wp-content\/uploads\/2022\/12\/Offre-Speciale-e1696493874358-600x251.webp 600w, https:\/\/mondevanille.com\/wp-content\/uploads\/2022\/12\/Offre-Speciale-e1696493874358-1024x428.webp 1024w, https:\/\/mondevanille.com\/wp-content\/uploads\/2022\/12\/Offre-Speciale-e1696493874358-768x321.webp 768w, https:\/\/mondevanille.com\/wp-content\/uploads\/2022\/12\/Offre-Speciale-e1696493874358-1000x418.webp 1000w, https:\/\/mondevanille.com\/wp-content\/uploads\/2022\/12\/Offre-Speciale-e1696493874358-64x27.webp 64w, https:\/\/mondevanille.com\/wp-content\/uploads\/2022\/12\/Offre-Speciale-e1696493874358.webp 1087w\" sizes=\"(max-width: 81px) 100vw, 81px\" \/>  Este producto se beneficia de una promoci\u00f3n   <span style=\"color: #ff0000;\"><br \/>\n  <strong><br \/>\n    <a style=\"color: #ff0000;\" title=\"BOCAUX ESPECIALES - Vainas - Madagascar - Pap\u00faa Nueva Guinea\" href=\"https:\/\/mondevanille.com\/es\/producto\/especial-bocaux-gousses-madagascar-papouasie-nouvelle-guinee\/\"> &gt;&gt;aqu\u00ed&lt;&lt; <\/a><br \/>\n  <\/strong><br \/>\n<\/span>o  <span style=\"color: #ff0000;\"><strong><a style=\"color: #ff0000;\" title=\"BOCAUX ESPECIALES - Madagascar en polvo - - Az\u00facar moreno con vainilla Bourbon -\" href=\"https:\/\/mondevanille.com\/es\/producto\/especial-bocaux-poudre-madagascar-sucre-roux-a-la-vanille-bourbon\/\"> &gt;&gt;aqu\u00ed&lt;&lt; <\/a><\/strong><\/span><\/p>\n","protected":false},"featured_media":60940,"template":"","meta":[],"product_brand":[],"product_cat":[346,355,670],"product_tag":[],"class_list":{"0":"post-7729","1":"product","2":"type-product","3":"status-publish","4":"has-post-thumbnail","6":"product_cat-acondicionamiento","7":"product_cat-frasco","8":"product_cat-profesionales","10":"first","11":"instock","12":"sale","13":"taxable","14":"shipping-taxable","15":"purchasable","16":"product-type-variable","17":"wvs-archive-product-wrapper"},"aioseo_notices":[],"_links":{"self":[{"href":"https:\/\/mondevanille.com\/es\/wp-json\/wp\/v2\/product\/7729","targetHints":{"allow":["GET"]}}],"collection":[{"href":"https:\/\/mondevanille.com\/es\/wp-json\/wp\/v2\/product"}],"about":[{"href":"https:\/\/mondevanille.com\/es\/wp-json\/wp\/v2\/types\/product"}],"wp:featuredmedia":[{"embeddable":true,"href":"https:\/\/mondevanille.com\/es\/wp-json\/wp\/v2\/media\/60940"}],"wp:attachment":[{"href":"https:\/\/mondevanille.com\/es\/wp-json\/wp\/v2\/media?parent=7729"}],"wp:term":[{"taxonomy":"product_brand","embeddable":true,"href":"https:\/\/mondevanille.com\/es\/wp-json\/wp\/v2\/product_brand?post=7729"},{"taxonomy":"product_cat","embeddable":true,"href":"https:\/\/mondevanille.com\/es\/wp-json\/wp\/v2\/product_cat?post=7729"},{"taxonomy":"product_tag","embeddable":true,"href":"https:\/\/mondevanille.com\/es\/wp-json\/wp\/v2\/product_tag?post=7729"}],"curies":[{"name":"wp","href":"https:\/\/api.w.org\/{rel}","templated":true}]}}