{"id":7732,"date":"2022-02-06T14:05:53","date_gmt":"2022-02-06T13:05:53","guid":{"rendered":"http:\/\/mondevanille.com\/produit\/vainilla-de-nueva-guinea\/"},"modified":"2026-02-18T16:54:42","modified_gmt":"2026-02-18T15:54:42","slug":"vainilla-de-nueva-guinea","status":"publish","type":"product","link":"https:\/\/mondevanille.com\/es\/producto\/vainilla-de-nueva-guinea\/","title":{"rendered":"Vainilla de Pap\u00faa Nueva Guinea"},"content":{"rendered":"<p>En Pap\u00faa Nueva Guinea se cultivan las variedades Tahitensis y Planifolia. Muy diferente de su hom\u00f3loga tahitiana, la vainilla Tahitensis producida en Nueva Guinea es m\u00e1s picante y especiada, con un toque de hoja de tabaco; algunos lotes tienen una nariz anisada y un sabor a frutos secos tostados al cocinarlos. La expresi\u00f3n de la vainillina natural sigue siendo com\u00fan en las vainas y aparece en forma de manchas blancas. Es una vainilla muy vers\u00e1til, que combina perfectamente con platos calientes, carnes blancas, pescados y salsas.<\/p>\n<p><em><strong>Encuentre las Fichas T\u00e9cnicas, el Certificado Org\u00e1nico y los Boletines de An\u00e1lisis en la pesta\u00f1a \u00abCOMPROMISO DE CALIDAD\u00bb de nuestra web.<\/strong><\/em><\/p>\n","protected":false},"excerpt":{"rendered":"<p>Es una vainilla vers\u00e1til, que se lleva mejor con platos calientes, carnes blancas, pescados y salsas.<br \/>\nProducida a partir de plantas \u00abvainilla Tahitensis\u00bb, igual que la vainilla de Tahit\u00ed, es sin embargo muy diferente de \u00e9sta.<br \/>\nSabor amaderado, especiado, crudo, que recuerda a los frutos secos.<br \/>\nSe conserva muy bien con el tiempo.<\/p>\n<p><a title=\"Vainilla de vainilla de Pap\u00faa Nueva GuineaPROFESSIONAL\" href=\"https:\/\/mondevanille.com\/es\/producto\/gousse-de-nouvelle-guinee-professionnel\/\"><span style=\"color: #ff0000;\"><strong>&gt;&gt;Encuentra aqu\u00ed nuestras ofertas profesionales&lt;&lt;<\/strong><\/span><\/a><\/p>\n","protected":false},"featured_media":60408,"template":"","meta":[],"product_brand":[],"product_cat":[354,207],"product_tag":[],"class_list":{"0":"post-7732","1":"product","2":"type-product","3":"status-publish","4":"has-post-thumbnail","6":"product_cat-nueva-guinea","7":"product_cat-origenes","9":"first","10":"instock","11":"sale","12":"featured","13":"taxable","14":"shipping-taxable","15":"purchasable","16":"product-type-variable","17":"wvs-archive-product-wrapper"},"aioseo_notices":[],"_links":{"self":[{"href":"https:\/\/mondevanille.com\/es\/wp-json\/wp\/v2\/product\/7732","targetHints":{"allow":["GET"]}}],"collection":[{"href":"https:\/\/mondevanille.com\/es\/wp-json\/wp\/v2\/product"}],"about":[{"href":"https:\/\/mondevanille.com\/es\/wp-json\/wp\/v2\/types\/product"}],"wp:featuredmedia":[{"embeddable":true,"href":"https:\/\/mondevanille.com\/es\/wp-json\/wp\/v2\/media\/60408"}],"wp:attachment":[{"href":"https:\/\/mondevanille.com\/es\/wp-json\/wp\/v2\/media?parent=7732"}],"wp:term":[{"taxonomy":"product_brand","embeddable":true,"href":"https:\/\/mondevanille.com\/es\/wp-json\/wp\/v2\/product_brand?post=7732"},{"taxonomy":"product_cat","embeddable":true,"href":"https:\/\/mondevanille.com\/es\/wp-json\/wp\/v2\/product_cat?post=7732"},{"taxonomy":"product_tag","embeddable":true,"href":"https:\/\/mondevanille.com\/es\/wp-json\/wp\/v2\/product_tag?post=7732"}],"curies":[{"name":"wp","href":"https:\/\/api.w.org\/{rel}","templated":true}]}}