{"id":7752,"date":"2022-02-06T14:50:30","date_gmt":"2022-02-06T13:50:30","guid":{"rendered":"http:\/\/mondevanille.com\/produit\/tubo\/"},"modified":"2026-04-08T11:51:50","modified_gmt":"2026-04-08T09:51:50","slug":"tubo","status":"publish","type":"product","link":"https:\/\/mondevanille.com\/es\/producto\/tubo\/","title":{"rendered":"Tubo"},"content":{"rendered":"<p>El tubo de vidrio garantiza <em>una <\/em>conservaci\u00f3n \u00f3ptima de las vainas de vainilla, al tiempo que favorece el desarrollo de los aromas y la escarcha<em>(vainillina)<\/em>.<br \/>\nUna vez abiertas, conserva tus vainas de vainilla protegidas del aire, las variaciones de temperatura y la humedad durante muchos meses.<br \/>\nEl tubo de vidrio se entrega con un tap\u00f3n de aluminio.<br \/>\nTodas nuestras vainas de vainilla se seleccionan y preparan en nuestro taller de envasado de Francia.<\/p>\n<p>Posibles or\u00edgenes sujetos a disponibilidad: Madagascar, Pap\u00faa Nueva Guinea, Tahit\u00ed, M\u00e9xico, Mayotte, Nueva Caledonia, Comoras, Uganda, Isla Reuni\u00f3n, Santo Tom\u00e9&#8230;<\/p>\n<p>Disponible en : Ecol\u00f3gico, Az\u00facar de Vainilla, Vainilla en Polvo, Extracto.<\/p>\n<p>Descubre nuestra oferta <a title=\"Set de regalo Vanilla Discovery\" href=\"https:\/\/mondevanille.com\/es\/producto\/caja-descubrimiento-de-madagascar-vainilla\/\"><strong>\u00abCaja de descubrimiento<\/strong><\/a> <a title=\"Set de regalo Vanilla Discovery\" href=\"https:\/\/mondevanille.com\/es\/producto\/caja-descubrimiento-de-madagascar-vainilla\/\"><span style=\"color: #ff0000;\"><strong>&gt;&gt;AQU\u00cd&lt;&lt;<\/strong><\/span><\/a><\/p>\n<p><em><br \/>\n  <strong>Encuentre las Fichas T\u00e9cnicas, el Certificado Ecol\u00f3gico y los Boletines de An\u00e1lisis en la pesta\u00f1a \u00abCOMPROMISO DE CALIDAD\u00bb de nuestra p\u00e1gina web.<\/strong><br \/>\n<\/em>.<\/p>\n","protected":false},"excerpt":{"rendered":"<p>El tubo de vidrio garantiza <em>una <\/em>conservaci\u00f3n \u00f3ptima de las vainas de vainilla, al tiempo que favorece el desarrollo de los aromas y la escarcha<em>(vainillina)<\/em>.<br \/>\nUna vez abiertas, conserva tus vainas de vainilla protegidas del aire, las variaciones de temperatura y la humedad durante muchos meses.<br \/>\nEl tubo de vidrio se entrega con un tap\u00f3n de aluminio.<br \/>\nTodas nuestras vainas de vainilla se seleccionan y preparan en nuestro taller de envasado de Francia.<\/p>\n<p>Descubre nuestra oferta <a title=\"Set de regalo Vanilla Discovery\" href=\"https:\/\/mondevanille.com\/es\/producto\/caja-descubrimiento-de-madagascar-vainilla\/\"><strong>\u00abCaja de descubrimiento<\/strong><\/a> <a title=\"Set de regalo Vanilla Discovery\" href=\"https:\/\/mondevanille.com\/es\/producto\/caja-descubrimiento-de-madagascar-vainilla\/\"><span style=\"color: #ff0000;\"><strong>&gt;&gt;AQU\u00cd&lt;&lt;<\/strong><\/span><\/a><\/p>\n<p><em><strong>Encuentre las Fichas T\u00e9cnicas, el Certificado Org\u00e1nico y los Boletines de An\u00e1lisis en la pesta\u00f1a \u00abCOMPROMISO DE CALIDAD\u00bb de nuestra web.<\/strong><\/em><\/p>\n","protected":false},"featured_media":14858,"template":"","meta":[],"product_brand":[],"product_cat":[346,358],"product_tag":[],"class_list":{"0":"post-7752","1":"product","2":"type-product","3":"status-publish","4":"has-post-thumbnail","6":"product_cat-acondicionamiento","7":"product_cat-tubo","9":"first","10":"instock","11":"taxable","12":"shipping-taxable","13":"purchasable","14":"product-type-variable","15":"wvs-archive-product-wrapper"},"aioseo_notices":[],"_links":{"self":[{"href":"https:\/\/mondevanille.com\/es\/wp-json\/wp\/v2\/product\/7752","targetHints":{"allow":["GET"]}}],"collection":[{"href":"https:\/\/mondevanille.com\/es\/wp-json\/wp\/v2\/product"}],"about":[{"href":"https:\/\/mondevanille.com\/es\/wp-json\/wp\/v2\/types\/product"}],"wp:featuredmedia":[{"embeddable":true,"href":"https:\/\/mondevanille.com\/es\/wp-json\/wp\/v2\/media\/14858"}],"wp:attachment":[{"href":"https:\/\/mondevanille.com\/es\/wp-json\/wp\/v2\/media?parent=7752"}],"wp:term":[{"taxonomy":"product_brand","embeddable":true,"href":"https:\/\/mondevanille.com\/es\/wp-json\/wp\/v2\/product_brand?post=7752"},{"taxonomy":"product_cat","embeddable":true,"href":"https:\/\/mondevanille.com\/es\/wp-json\/wp\/v2\/product_cat?post=7752"},{"taxonomy":"product_tag","embeddable":true,"href":"https:\/\/mondevanille.com\/es\/wp-json\/wp\/v2\/product_tag?post=7752"}],"curies":[{"name":"wp","href":"https:\/\/api.w.org\/{rel}","templated":true}]}}