{"id":7856,"date":"2022-02-06T15:02:36","date_gmt":"2022-02-06T14:02:36","guid":{"rendered":"http:\/\/mondevanille.com\/produit\/caja-de-carton\/"},"modified":"2026-04-08T11:51:55","modified_gmt":"2026-04-08T09:51:55","slug":"caja-de-carton","status":"publish","type":"product","link":"https:\/\/mondevanille.com\/es\/producto\/caja-de-carton\/","title":{"rendered":"Caja de vainilla <br> Vaina de vainilla<br>+ Cart\u00f3n de embalaje"},"content":{"rendered":"<p><span class=\"titre-a-propos\">La caja de vainilla - Le Monde de la Vanille. <\/span><\/p>\n<p>Tus vainas de vainilla en una bolsa de vac\u00edo, protegidas en una caja de cart\u00f3n, f\u00e1ciles de guardar.<\/p>\n<p><span class=\"titre-a-propos\">Acerca de:<\/span><br \/>\nEnvase caja de cart\u00f3n + subenvasado en bolsa de vac\u00edo<br \/>\nvainas de vainilla calidad negro sin partir<br \/>\nConforme a la norma afnor 5565-1<br \/>\n<em><strong>Puedes encontrar <a title=\"Fichas t\u00e9cnicas\" href=\"https:\/\/mondevanille.com\/es\/hojas-de-datos\/\">las Fichas T\u00e9cnicas<\/a>, el Certificado Ecol\u00f3gico y los Boletines de An\u00e1lisis en la secci\u00f3n \u00abCOMPROMISO DE CALIDAD\u00bb de nuestro sitio web.<\/strong><\/em><\/p>\n","protected":false},"excerpt":{"rendered":"<p>Envasado en una caja de cart\u00f3n + envasado al vac\u00edo en una bolsita Vainas negras de calidad no partidas Cumple la norma afnor 5565-1.<br \/>\n<em><strong>Puedes encontrar las Fichas T\u00e9cnicas, el Certificado Ecol\u00f3gico y los Boletines de An\u00e1lisis en la secci\u00f3n \u00abCOMPROMISO DE CALIDAD\u00bb de nuestro sitio web.<\/strong><\/em><\/p>\n","protected":false},"featured_media":6555,"template":"","meta":[],"product_brand":[],"product_cat":[346,375,348,670],"product_tag":[],"class_list":{"0":"post-7856","1":"product","2":"type-product","3":"status-publish","4":"has-post-thumbnail","6":"product_cat-acondicionamiento","7":"product_cat-caja-de-carton","8":"product_cat-cajas","9":"product_cat-profesionales","11":"first","12":"instock","13":"sale","14":"taxable","15":"shipping-taxable","16":"purchasable","17":"product-type-variable","18":"wvs-archive-product-wrapper"},"aioseo_notices":[],"_links":{"self":[{"href":"https:\/\/mondevanille.com\/es\/wp-json\/wp\/v2\/product\/7856","targetHints":{"allow":["GET"]}}],"collection":[{"href":"https:\/\/mondevanille.com\/es\/wp-json\/wp\/v2\/product"}],"about":[{"href":"https:\/\/mondevanille.com\/es\/wp-json\/wp\/v2\/types\/product"}],"wp:featuredmedia":[{"embeddable":true,"href":"https:\/\/mondevanille.com\/es\/wp-json\/wp\/v2\/media\/6555"}],"wp:attachment":[{"href":"https:\/\/mondevanille.com\/es\/wp-json\/wp\/v2\/media?parent=7856"}],"wp:term":[{"taxonomy":"product_brand","embeddable":true,"href":"https:\/\/mondevanille.com\/es\/wp-json\/wp\/v2\/product_brand?post=7856"},{"taxonomy":"product_cat","embeddable":true,"href":"https:\/\/mondevanille.com\/es\/wp-json\/wp\/v2\/product_cat?post=7856"},{"taxonomy":"product_tag","embeddable":true,"href":"https:\/\/mondevanille.com\/es\/wp-json\/wp\/v2\/product_tag?post=7856"}],"curies":[{"name":"wp","href":"https:\/\/api.w.org\/{rel}","templated":true}]}}