{"id":7862,"date":"2022-02-06T14:29:32","date_gmt":"2022-02-06T13:29:32","guid":{"rendered":"http:\/\/mondevanille.com\/produit\/bolso\/"},"modified":"2025-06-05T14:13:05","modified_gmt":"2025-06-05T12:13:05","slug":"bolso","status":"publish","type":"product","link":"https:\/\/mondevanille.com\/es\/producto\/bolso\/","title":{"rendered":"Bolsita Vainilla"},"content":{"rendered":"<p>Vaina de Vainilla envasada al vac\u00edo<\/p>\n<p>Calidad gourmet, negra, sin partir<\/p>\n<p><a title=\"Vainilla de Madagascar BOURBON 10 vainas 18cm\" href=\"https:\/\/mondevanille.com\/es\/producto\/promo-vanilla-madagascar-bourbon\/\"><strong>Descubre nuestra oferta de 10 vainas de Vainilla Bourbon de Madagascar <span style=\"color: #800000;\">&gt;aqu\u00ed&lt;<\/span><\/strong><\/a><\/p>\n<p>Cumple la norma afnor 5565-1<\/p>\n<p><em><strong>Encuentra las Fichas T\u00e9cnicas, el Certificado Ecol\u00f3gico y los Boletines de An\u00e1lisis en la pesta\u00f1a \u00abCOMPROMISO DE CALIDAD\u00bb de nuestro sitio web.<\/strong><\/em><\/p>\n","protected":false},"excerpt":{"rendered":"<p><strong>Vaina de vainilla envasada al vac\u00edo. Para un mejor uso y conservaci\u00f3n de sus vainas. Entrega gratuita s\u00f3lo en Francia continental.<br \/>\n<\/strong><\/p>\n<p>Vaina de vainilla envasada al vac\u00edo<br \/>\nCalidad gourmet, negra, sin ranuras<br \/>\nCumple la norma afnor 5565-1<\/p>\n","protected":false},"featured_media":61094,"template":"","meta":[],"product_brand":[],"product_cat":[346,377,551],"product_tag":[],"class_list":{"0":"post-7862","1":"product","2":"type-product","3":"status-publish","4":"has-post-thumbnail","6":"product_cat-acondicionamiento","7":"product_cat-bolso","8":"product_cat-entrega-gratuita","9":"product_shipping_class-entrega-gratuita","11":"first","12":"instock","13":"taxable","14":"shipping-taxable","15":"purchasable","16":"product-type-variable","17":"wvs-archive-product-wrapper"},"aioseo_notices":[],"_links":{"self":[{"href":"https:\/\/mondevanille.com\/es\/wp-json\/wp\/v2\/product\/7862","targetHints":{"allow":["GET"]}}],"collection":[{"href":"https:\/\/mondevanille.com\/es\/wp-json\/wp\/v2\/product"}],"about":[{"href":"https:\/\/mondevanille.com\/es\/wp-json\/wp\/v2\/types\/product"}],"wp:featuredmedia":[{"embeddable":true,"href":"https:\/\/mondevanille.com\/es\/wp-json\/wp\/v2\/media\/61094"}],"wp:attachment":[{"href":"https:\/\/mondevanille.com\/es\/wp-json\/wp\/v2\/media?parent=7862"}],"wp:term":[{"taxonomy":"product_brand","embeddable":true,"href":"https:\/\/mondevanille.com\/es\/wp-json\/wp\/v2\/product_brand?post=7862"},{"taxonomy":"product_cat","embeddable":true,"href":"https:\/\/mondevanille.com\/es\/wp-json\/wp\/v2\/product_cat?post=7862"},{"taxonomy":"product_tag","embeddable":true,"href":"https:\/\/mondevanille.com\/es\/wp-json\/wp\/v2\/product_tag?post=7862"}],"curies":[{"name":"wp","href":"https:\/\/api.w.org\/{rel}","templated":true}]}}