{"id":7888,"date":"2022-02-06T14:14:24","date_gmt":"2022-02-06T13:14:24","guid":{"rendered":"http:\/\/mondevanille.com\/produit\/extracto-de-vainilla-de-madagascar\/"},"modified":"2025-08-29T09:50:49","modified_gmt":"2025-08-29T07:50:49","slug":"extracto-de-vainilla-madagascar","status":"publish","type":"product","link":"https:\/\/mondevanille.com\/es\/producto\/extracto-de-vainilla-madagascar\/","title":{"rendered":"Extracto de vainilla<br>de Madagascar"},"content":{"rendered":"<div id=\"description-produit\">\n<div class=\"container\">\n<p><em>Extracto de vainilla<\/em><\/p>\n<p><em>Origen de las vainas<\/em>: Madagascar.<\/p>\n<p><em>Embalaje<\/em>:<\/p>\n<ul>\n<li>Tubo de cristal 70 g de extracto de vainilla<\/li>\n<li>frasco de 25 g de extracto de vainilla<\/li>\n<li>Botella de aluminio (0,100 kg, 0,250 kg, 0,500 Kg)<\/li>\n<li>Latas de pl\u00e1stico (1 kg, 5 kg)<\/li>\n<\/ul>\n<p>Dosifica seg\u00fan la receta (1 cucharada de extracto de vainilla = 1 vaina)<\/p>\n<p style=\"margin: 0cm; text-align: justify; background: white;\"><span style=\"font-size: 10.5pt; font-family: 'Segoe UI',sans-serif; color: black;\">La vainilla <strong>Bourbon de Madagascar<\/strong> es famosa en todo el mundo por su calidad superior, su fragancia embriagadora y delicada y sus sutiles notas de cacao.  <\/span><\/p>\n<p style=\"margin: 0cm; text-align: justify; background: white;\"><span style=\"font-size: 10.5pt; font-family: 'Segoe UI',sans-serif; color: black;\">Cultivadas principalmente en las regiones c\u00e1lidas y h\u00famedas del noroeste de la isla, desde la fertilizaci\u00f3n hasta el envasado, las vainas son cuidadosamente controladas y supervisadas por agricultores locales, que cuentan con una larga tradici\u00f3n en la producci\u00f3n de vainilla de calidad.<\/span><\/p>\n<p style=\"margin: 0cm; text-align: justify; background: white;\"><span style=\"font-size: 10.5pt; font-family: 'Segoe UI',sans-serif; color: black;\">Nuestra empresa se compromete a ofrecerte las mejores vainas de vainilla de <strong>Madagascar<\/strong>, cuidadosamente seleccionadas, recogidas a mano, maduradas al sol y almacenadas despu\u00e9s en troncos para permitir el desarrollo \u00f3ptimo de la vainillina, la principal mol\u00e9cula del sabor. <\/span><span style=\"color: black; font-family: 'Segoe UI', sans-serif; font-size: 10.5pt;\">Trabajamos en estrecha colaboraci\u00f3n con agricultores locales y exportadores reputados de <strong>Madagascar<\/strong> para garantizar que nuestros productos se cultivan de forma ecol\u00f3gica, justa y \u00e9tica.<\/span><\/p>\n<p style=\"margin: 0cm; text-align: justify; background: white;\"><span style=\"font-size: 10.5pt; font-family: 'Segoe UI',sans-serif; color: black;\">Utilice nuestra vainilla <strong>de<\/strong> Madagascar para aromatizar sus postres favoritos, pasteles, helados, cr\u00e8mes br\u00fbl\u00e9es, macarrones y mermeladas o para dar un toque ex\u00f3tico a sus bebidas calientes.  <\/span><\/p>\n<p style=\"margin: 0cm; text-align: justify; background: white;\"><span style=\"font-size: 10.5pt; font-family: 'Segoe UI',sans-serif; color: black;\">Adem\u00e1s de vainas de vainilla, nuestra gama incluye vainilla en polvo 100% natural, extractos de vainilla sin aditivos y az\u00facar avainillado. Todos estos productos est\u00e1n disponibles en nuestro sitio web en el formato que mejor se adapte a sus necesidades.<\/span><\/p>\n<p style=\"margin: 0cm; text-align: justify; background: white;\"><span style=\"font-size: 10.5pt; font-family: 'Segoe UI',sans-serif; color: black;\">Haga ahora su pedido en l\u00ednea y descubra las caracter\u00edsticas de nuestra vainilla de <strong>Madagascar<\/strong>.<\/span><\/p>\n<p><em><strong>Encuentre las Fichas T\u00e9cnicas, el Certificado Org\u00e1nico y los Boletines de An\u00e1lisis en la pesta\u00f1a \u00abCOMPROMISO DE CALIDAD\u00bb de nuestra web.<\/strong><\/em><\/p>\n<p>Tambi\u00e9n disponible en<span style=\"color: #993300;\"> <a style=\"color: #993300;\" title=\"Org\u00e1nica - Vainilla por kilo\" href=\"https:\/\/mondevanille.com\/es\/?post_type=product&#038;p=12057\">&gt;&gt;BIO&lt;&lt;<\/a><\/span><\/p>\n<\/div>\n<\/div>\n","protected":false},"excerpt":{"rendered":"<p><img decoding=\"async\" src=\"https:\/\/mondevanille.com\/wp-content\/uploads\/2022\/12\/Offre-Speciale-e1696493874358.webp\" alt=\"\" width=\"84\" height=\"39\">Este producto tiene un 15% de descuento <a href=\"https:\/\/mondevanille.com\/es\/producto\/extracto-de-vainilla-madagascar\/?attribute_pa_quantite=250g\"><span style=\"color: #ff0000;\"><strong>&gt;&gt;ICI&lt;&lt;<\/strong><\/span><\/a><\/p>\n<p>Composici\u00f3n: jarabe de az\u00facar, extracto de vainilla natural (300 g\/L), semillas de vainilla<\/p>\n<p>Sin conservantes<\/p>\n<p>Origen de las vainas: Madagascar.<\/p>\n<p>Dosificaci\u00f3n seg\u00fan receta 1 a 2 cucharadas soperas<\/p>\n","protected":false},"featured_media":50420,"template":"","meta":[],"product_brand":[],"product_cat":[670,379],"product_tag":[],"class_list":{"0":"post-7888","1":"product","2":"type-product","3":"status-publish","4":"has-post-thumbnail","6":"product_cat-profesionales","7":"product_cat-extracto-de-vainilla","9":"first","10":"instock","11":"taxable","12":"shipping-taxable","13":"purchasable","14":"product-type-variable","15":"wvs-archive-product-wrapper"},"aioseo_notices":[],"_links":{"self":[{"href":"https:\/\/mondevanille.com\/es\/wp-json\/wp\/v2\/product\/7888","targetHints":{"allow":["GET"]}}],"collection":[{"href":"https:\/\/mondevanille.com\/es\/wp-json\/wp\/v2\/product"}],"about":[{"href":"https:\/\/mondevanille.com\/es\/wp-json\/wp\/v2\/types\/product"}],"wp:featuredmedia":[{"embeddable":true,"href":"https:\/\/mondevanille.com\/es\/wp-json\/wp\/v2\/media\/50420"}],"wp:attachment":[{"href":"https:\/\/mondevanille.com\/es\/wp-json\/wp\/v2\/media?parent=7888"}],"wp:term":[{"taxonomy":"product_brand","embeddable":true,"href":"https:\/\/mondevanille.com\/es\/wp-json\/wp\/v2\/product_brand?post=7888"},{"taxonomy":"product_cat","embeddable":true,"href":"https:\/\/mondevanille.com\/es\/wp-json\/wp\/v2\/product_cat?post=7888"},{"taxonomy":"product_tag","embeddable":true,"href":"https:\/\/mondevanille.com\/es\/wp-json\/wp\/v2\/product_tag?post=7888"}],"curies":[{"name":"wp","href":"https:\/\/api.w.org\/{rel}","templated":true}]}}