{"id":7962,"date":"2022-02-06T15:10:26","date_gmt":"2022-02-06T14:10:26","guid":{"rendered":"http:\/\/mondevanille.com\/produit\/organico\/"},"modified":"2025-09-16T12:03:54","modified_gmt":"2025-09-16T10:03:54","slug":"biosheets","status":"publish","type":"product","link":"https:\/\/mondevanille.com\/es\/producto\/biosheets\/","title":{"rendered":"Org\u00e1nico- Vainas - Certificado FR-BIO-10"},"content":{"rendered":"<div id=\"text-top\">\n<div class=\"container\">\n<p>Procedentes de Madagascar, Nueva Guinea o Isla Reuni\u00f3n, nuestras vainas de vainilla est\u00e1n certificadas ecol\u00f3gicas por <a href=\"https:\/\/www.bureauveritas.fr\/nos-marches\/agroalimentaire-agriculture\/production-agroalimentaire\" target=\"_blank\" rel=\"noopener\">Bureau Veritas FR-BIO-10<\/a>.<\/p>\n<p><em><strong>Puedes encontrar las Fichas T\u00e9cnicas, el Certificado Ecol\u00f3gico y los Boletines de An\u00e1lisis en la secci\u00f3n<a href=\"https:\/\/mondevanille.com\/es\/compromiso-de-calidad\/\">\u201cCOMPROMISO DE CALIDAD<\/a>\u201d de nuestro sitio web.<\/strong><\/em><\/p>\n<p><img decoding=\"async\" class=\"size-full wp-image-56426\" src=\"https:\/\/mondevanille.com\/wp-content\/uploads\/2021\/02\/LogoABAurolong-100.webp\" alt=\"vainilla\" width=\"100\" height=\"43\" srcset=\"https:\/\/mondevanille.com\/wp-content\/uploads\/2021\/02\/LogoABAurolong-100.webp 100w, https:\/\/mondevanille.com\/wp-content\/uploads\/2021\/02\/LogoABAurolong-100-64x28.webp 64w\" sizes=\"(max-width: 100px) 100vw, 100px\" \/><\/p>\n<p>&nbsp;<\/p>\n<\/div>\n<\/div>\n","protected":false},"excerpt":{"rendered":"<p>Procedentes de Madagascar, Pap\u00faa Nueva Guinea e Isla Reuni\u00f3n, nuestras vainas y extractos de vainilla est\u00e1n certificados ecol\u00f3gicos por Bureau Veritas FR-BIO-10.<\/p>\n","protected":false},"featured_media":49343,"template":"","meta":[],"product_brand":[],"product_cat":[394],"product_tag":[],"class_list":{"0":"post-7962","1":"product","2":"type-product","3":"status-publish","4":"has-post-thumbnail","6":"product_cat-productos-organicos","8":"first","9":"instock","10":"sale","11":"taxable","12":"shipping-taxable","13":"purchasable","14":"product-type-variable","15":"wvs-archive-product-wrapper"},"aioseo_notices":[],"_links":{"self":[{"href":"https:\/\/mondevanille.com\/es\/wp-json\/wp\/v2\/product\/7962","targetHints":{"allow":["GET"]}}],"collection":[{"href":"https:\/\/mondevanille.com\/es\/wp-json\/wp\/v2\/product"}],"about":[{"href":"https:\/\/mondevanille.com\/es\/wp-json\/wp\/v2\/types\/product"}],"wp:featuredmedia":[{"embeddable":true,"href":"https:\/\/mondevanille.com\/es\/wp-json\/wp\/v2\/media\/49343"}],"wp:attachment":[{"href":"https:\/\/mondevanille.com\/es\/wp-json\/wp\/v2\/media?parent=7962"}],"wp:term":[{"taxonomy":"product_brand","embeddable":true,"href":"https:\/\/mondevanille.com\/es\/wp-json\/wp\/v2\/product_brand?post=7962"},{"taxonomy":"product_cat","embeddable":true,"href":"https:\/\/mondevanille.com\/es\/wp-json\/wp\/v2\/product_cat?post=7962"},{"taxonomy":"product_tag","embeddable":true,"href":"https:\/\/mondevanille.com\/es\/wp-json\/wp\/v2\/product_tag?post=7962"}],"curies":[{"name":"wp","href":"https:\/\/api.w.org\/{rel}","templated":true}]}}