{"id":9789,"date":"2022-06-08T14:13:52","date_gmt":"2022-06-08T12:13:52","guid":{"rendered":"http:\/\/mondevanille.com\/?post_type=product&#038;p=9789"},"modified":"2026-03-31T15:57:15","modified_gmt":"2026-03-31T13:57:15","slug":"bioextracto","status":"publish","type":"product","link":"https:\/\/mondevanille.com\/es\/producto\/bioextracto\/","title":{"rendered":"Ecol\u00f3gico - Extracto de vainilla - Certificado FR-BIO-10"},"content":{"rendered":"<div id=\"text-top\">\n<div class=\"container\">\n<p>Procedentes de Madagascar y Nueva Guinea, nuestros extractos de vainilla est\u00e1n certificados ecol\u00f3gicos por <span style=\"color: #000000;\"><strong><a style=\"color: #000000;\" href=\"https:\/\/www.bureauveritas.fr\/bio\">Bureau Veritas FR-BIO-10<\/a><\/strong><\/span><\/p>\n<p>Extracto concentrado utilizado por nuestros clientes profesionales en la industria pastelera y heladera.<\/p>\n<p><strong><em>A proposito:<\/em><\/strong><br \/>\n<em>Composici\u00f3n<\/em>: jarabe de az\u00facar invertido, jarabe de glucosa, extracto de vainilla (300 g\/L), semillas de vainilla gastadas (+\/- 1%)<\/p>\n<p>Sin conservantes<\/p>\n<p><em>Origen de las vainas<\/em>: Pap\u00faa Nueva Guinea (PNG) \/ Madagascar<\/p>\n<p><em>Embalaje<\/em>:<\/p>\n<p style=\"padding-left: 40px;\">Tubo de vidrio 70g<\/p>\n<p style=\"padding-left: 40px;\">Botella de aluminio (0,100 kg, 0,250 kg)<\/p>\n<p style=\"padding-left: 40px;\">Latas de pl\u00e1stico (1 kg, 5 kg)<\/p>\n<p>Dosificaci\u00f3n seg\u00fan receta (1 cucharada sopera = +\/- 1 clavo)<\/p>\n<p><em><strong><a title=\"Fichas t\u00e9cnicas\" href=\"https:\/\/mondevanille.com\/es\/hojas-de-datos\/\">Las Fichas T\u00e9cnicas<\/a>, los Certificados Ecol\u00f3gicos y los <a title=\"An\u00e1lisis de productos\" href=\"https:\/\/mondevanille.com\/es\/analisis-de-productos\/\">Boletines de An\u00e1lisis<\/a> se encuentran en la secci\u00f3n \u00abCOMPROMISO DE CALIDAD\u00bb de nuestro sitio web.<\/strong><\/em><\/p>\n<\/div>\n<\/div>\n","protected":false},"excerpt":{"rendered":"<p>Procedentes exclusivamente de Madagascar o Nueva Guinea, nuestras vainas y extractos de vainilla est\u00e1n certificados ecol\u00f3gicos por Bureau Veritas FR-BIO-10.<\/p>\n<p><em><strong>Puedes encontrar las Fichas T\u00e9cnicas, el Certificado Ecol\u00f3gico y los Boletines de An\u00e1lisis en la pesta\u00f1a \u00abCOMPROMISO DE CALIDAD\u00bb de nuestro sitio web.<\/strong><\/em><\/p>\n","protected":false},"featured_media":51046,"template":"","meta":[],"product_brand":[],"product_cat":[394,434,379],"product_tag":[],"class_list":{"0":"post-9789","1":"product","2":"type-product","3":"status-publish","4":"has-post-thumbnail","6":"product_cat-productos-organicos","7":"product_cat-productos-transformados","8":"product_cat-extracto-de-vainilla","10":"first","11":"instock","12":"taxable","13":"shipping-taxable","14":"purchasable","15":"product-type-variable","16":"wvs-archive-product-wrapper"},"aioseo_notices":[],"_links":{"self":[{"href":"https:\/\/mondevanille.com\/es\/wp-json\/wp\/v2\/product\/9789","targetHints":{"allow":["GET"]}}],"collection":[{"href":"https:\/\/mondevanille.com\/es\/wp-json\/wp\/v2\/product"}],"about":[{"href":"https:\/\/mondevanille.com\/es\/wp-json\/wp\/v2\/types\/product"}],"wp:featuredmedia":[{"embeddable":true,"href":"https:\/\/mondevanille.com\/es\/wp-json\/wp\/v2\/media\/51046"}],"wp:attachment":[{"href":"https:\/\/mondevanille.com\/es\/wp-json\/wp\/v2\/media?parent=9789"}],"wp:term":[{"taxonomy":"product_brand","embeddable":true,"href":"https:\/\/mondevanille.com\/es\/wp-json\/wp\/v2\/product_brand?post=9789"},{"taxonomy":"product_cat","embeddable":true,"href":"https:\/\/mondevanille.com\/es\/wp-json\/wp\/v2\/product_cat?post=9789"},{"taxonomy":"product_tag","embeddable":true,"href":"https:\/\/mondevanille.com\/es\/wp-json\/wp\/v2\/product_tag?post=9789"}],"curies":[{"name":"wp","href":"https:\/\/api.w.org\/{rel}","templated":true}]}}