{"id":9902,"date":"2022-06-08T14:16:45","date_gmt":"2022-06-08T12:16:45","guid":{"rendered":"http:\/\/mondevanille.com\/?post_type=product&#038;p=9902"},"modified":"2025-09-03T11:08:53","modified_gmt":"2025-09-03T09:08:53","slug":"bio-vainilla-en-polvo","status":"publish","type":"product","link":"https:\/\/mondevanille.com\/es\/producto\/bio-vainilla-en-polvo\/","title":{"rendered":"Ecol\u00f3gico - Vainilla en polvo<br>Certificado FR-BIO-10"},"content":{"rendered":"<p>Procedente de Madagascar, nuestros polvos de vainilla est\u00e1n certificados como ecol\u00f3gicos por Bureau Veritas FR-BIO-10<\/p>\n<p style=\"margin: 0cm; text-align: justify; background: white;\"><span style=\"font-size: 10.5pt; font-family: 'Segoe UI',sans-serif; color: black;\"><a href=\"https:\/\/fr.wikipedia.org\/wiki\/Vanille\" target=\"_blank\" rel=\"noopener\">La vainilla<\/a> <strong>Bourbon de Madagascar<\/strong> es famosa en todo el mundo por su calidad superior y su fragancia embriagadora y delicada, con sutiles toques de cacao.  <\/span><\/p>\n<p style=\"margin: 0cm; text-align: justify; background: white;\"><span style=\"font-size: 10.5pt; font-family: 'Segoe UI',sans-serif; color: black;\">Cultivadas principalmente en el c\u00e1lido y h\u00famedo noroeste de la isla, desde la fertilizaci\u00f3n hasta el envasado, las vainas son cuidadosamente controladas y supervisadas por los agricultores locales, que tienen una larga tradici\u00f3n en la producci\u00f3n de vainilla de calidad.  <\/span><\/p>\n<p style=\"margin: 0cm; text-align: justify; background: white;\"><span style=\"font-size: 10.5pt; font-family: 'Segoe UI',sans-serif; color: black;\">Nuestra empresa se compromete a ofrecerte las mejores vainas de vainilla de <strong>Madagascar<\/strong>, cuidadosamente seleccionadas, recogidas a mano, maduradas al sol y almacenadas despu\u00e9s en troncos para permitir el desarrollo \u00f3ptimo de la vainillina, la principal mol\u00e9cula del sabor. <\/span><span style=\"color: black; font-family: 'Segoe UI', sans-serif; font-size: 10.5pt;\">Trabajamos en estrecha colaboraci\u00f3n con agricultores locales y exportadores reputados de <strong>Madagascar<\/strong> para garantizar que nuestros productos se cultivan de forma ecol\u00f3gica, justa y \u00e9tica.<\/span><\/p>\n<p style=\"margin: 0cm; text-align: justify; background: white;\"><span style=\"font-size: 10.5pt; font-family: 'Segoe UI',sans-serif; color: black;\">Utilice nuestra vainilla <strong>de<\/strong> Madagascar para aromatizar sus postres favoritos, pasteles, helados, cr\u00e8mes br\u00fbl\u00e9es, macarrones y mermeladas o para dar un toque ex\u00f3tico a sus bebidas calientes.  <\/span><\/p>\n<p style=\"margin: 0cm; text-align: justify; background: white;\"><span style=\"font-size: 10.5pt; font-family: 'Segoe UI',sans-serif; color: black;\">Adem\u00e1s de vainas de vainilla, nuestra gama incluye vainilla en polvo 100% natural, extractos de vainilla (tambi\u00e9n sin aditivos) y az\u00facar avainillado. Todos estos productos est\u00e1n disponibles en nuestro sitio web en el formato que mejor se adapte a sus necesidades.<\/span><\/p>\n<p style=\"margin: 0cm; text-align: justify; background: white;\"><span style=\"font-size: 10.5pt; font-family: 'Segoe UI',sans-serif; color: black;\">Haga ahora su pedido en l\u00ednea y descubra las caracter\u00edsticas de nuestra vainilla de <strong>Madagascar<\/strong>.<\/span><\/p>\n<p><em><strong>Puedes encontrar Fichas T\u00e9cnicas, Certificados Ecol\u00f3gicos y Boletines de An\u00e1lisis en la secci\u00f3n<a title=\"Compromiso de calidad\" href=\"https:\/\/mondevanille.com\/es\/compromiso-de-calidad\/\" target=\"_blank\" rel=\"noopener\">\u00abCompromiso de Calidad<\/a>\u00bb de nuestro sitio web.<\/strong><\/em><\/p>\n","protected":false},"excerpt":{"rendered":"<p>Procedentes exclusivamente de Madagascar, nuestros polvos de vainilla est\u00e1n certificados como ecol\u00f3gicos por Bureau Veritas FR-BIO-10<\/p>\n<p>100% vainilla en polvo molida \/ desbacterizada procedente de vainas de <a href=\"https:\/\/fr.wikipedia.org\/wiki\/Vanille\" target=\"_blank\" rel=\"noopener\">vainilla<\/a> ecol\u00f3gicas.<\/p>\n<p><strong>Envase<\/strong>: Envase al vac\u00edo \/ Tarro \/ Tubo.<br \/>\n<strong>Dosificaci\u00f3n:<\/strong> Seg\u00fan receta \/ 1 cucharada sopera = 1 vaina.<\/p>\n<p><em><strong>Puedes encontrar las Fichas T\u00e9cnicas, el Certificado Ecol\u00f3gico y los Boletines de An\u00e1lisis en la secci\u00f3n<a title=\"Compromiso de calidad\" href=\"https:\/\/mondevanille.com\/es\/compromiso-de-calidad\/\" target=\"_blank\" rel=\"noopener\">\u00abCOMPROMISO DE CALIDAD<\/a>\u00bb de nuestro sitio web.<\/strong><\/em><\/p>\n","protected":false},"featured_media":49313,"template":"","meta":[],"product_brand":[],"product_cat":[509,394,434],"product_tag":[],"class_list":{"0":"post-9902","1":"product","2":"type-product","3":"status-publish","4":"has-post-thumbnail","6":"product_cat-polvo","7":"product_cat-productos-organicos","8":"product_cat-productos-transformados","10":"first","11":"instock","12":"taxable","13":"shipping-taxable","14":"purchasable","15":"product-type-variable","16":"wvs-archive-product-wrapper"},"aioseo_notices":[],"_links":{"self":[{"href":"https:\/\/mondevanille.com\/es\/wp-json\/wp\/v2\/product\/9902","targetHints":{"allow":["GET"]}}],"collection":[{"href":"https:\/\/mondevanille.com\/es\/wp-json\/wp\/v2\/product"}],"about":[{"href":"https:\/\/mondevanille.com\/es\/wp-json\/wp\/v2\/types\/product"}],"wp:featuredmedia":[{"embeddable":true,"href":"https:\/\/mondevanille.com\/es\/wp-json\/wp\/v2\/media\/49313"}],"wp:attachment":[{"href":"https:\/\/mondevanille.com\/es\/wp-json\/wp\/v2\/media?parent=9902"}],"wp:term":[{"taxonomy":"product_brand","embeddable":true,"href":"https:\/\/mondevanille.com\/es\/wp-json\/wp\/v2\/product_brand?post=9902"},{"taxonomy":"product_cat","embeddable":true,"href":"https:\/\/mondevanille.com\/es\/wp-json\/wp\/v2\/product_cat?post=9902"},{"taxonomy":"product_tag","embeddable":true,"href":"https:\/\/mondevanille.com\/es\/wp-json\/wp\/v2\/product_tag?post=9902"}],"curies":[{"name":"wp","href":"https:\/\/api.w.org\/{rel}","templated":true}]}}