{"id":16211,"date":"2022-10-17T14:01:47","date_gmt":"2022-10-17T12:01:47","guid":{"rendered":"https:\/\/mondevanille.com\/informativa-sulla-privacy-2\/"},"modified":"2023-10-19T14:45:01","modified_gmt":"2023-10-19T12:45:01","slug":"informativa-sulla-privacy","status":"publish","type":"page","link":"https:\/\/mondevanille.com\/it\/informativa-sulla-privacy\/","title":{"rendered":"Informativa sulla privacy"},"content":{"rendered":"\t\t<div data-elementor-type=\"wp-page\" data-elementor-id=\"16211\" class=\"elementor elementor-16211 elementor-16102\" data-elementor-post-type=\"page\">\n\t\t\t\t<div class=\"elementor-element elementor-element-3c06490 e-flex e-con-boxed e-con e-parent\" data-id=\"3c06490\" data-element_type=\"container\" data-e-type=\"container\">\n\t\t\t\t\t<div class=\"e-con-inner\">\n\t\t\t\t<div class=\"elementor-element elementor-element-3ec2686 elementor-widget elementor-widget-text-editor\" data-id=\"3ec2686\" data-element_type=\"widget\" data-e-type=\"widget\" data-widget_type=\"text-editor.default\">\n\t\t\t\t<div class=\"elementor-widget-container\">\n\t\t\t\t\t\t\t\t\t<p>1. Ente responsabile del trattamento dei dati<\/p>\n<p style=\"padding-left: 40px;\">Il mondo della vaniglia<\/p>\n<p style=\"padding-left: 40px;\">Il signor AUBRUN Bruno \u00e8 presidente della societ\u00e0 Le Monde de la Vanille.<\/p>\n<p style=\"padding-left: 40px;\">La sede centrale di questa societ\u00e0 si trova attualmente a Le Clos des Perdrix 76700 GAINNEVILLE.<\/p>\n<p style=\"padding-left: 40px;\">SIRET : 44784534800021<\/p>\n<p><b>Tipo di dati personali e finalit\u00e0 della raccolta<\/b><\/p>\n<p>Le informazioni che raccogliamo attraverso questo sito, e con il vostro consenso, sono :<\/p>\n<p>2.1. Dati personali raccolti dal modulo di contatto sul nostro sito web:<\/p>\n<p style=\"padding-left: 40px;\">Questi dati sono riservati esclusivamente alla gestione della vostra richiesta. I dati in questione sono: cognome, nome, indirizzo e-mail, oggetto, messaggio e altri dati che avete indicato come facoltativi.<\/p>\n<p style=\"padding-left: 40px;\">Si precisa che il mancato conferimento di tali dati potrebbe impedire in tutto o in parte il trattamento del contatto.<\/p>\n<p>2.2. Dati tecnici di natura personale<\/p>\n<p style=\"padding-left: 40px;\">Questi dati sono dati di sessione: nome del sito web visitato, data e ora della visita, quantit\u00e0 di dati trasferiti, tipo di browser e versione. Questi dati vengono utilizzati a fini statistici per analizzare il comportamento di utilizzo del nostro sito web al fine di ottimizzarne il funzionamento. Su questo sito web lo strumento di analisi utilizzato \u00e8 Google Analytics (vedi &#8220;Utilizzo di Google Analytics&#8221;).<\/p>\n<p><b>Durata della conservazione dei dati<\/b><\/p>\n<p>3.1. Dati personali raccolti dal modulo di contatto sul nostro sito web:<\/p>\n<p style=\"padding-left: 40px;\">I dati personali raccolti nell&#8217;ambito di un contatto saranno conservati per un massimo di 365 giorni, a meno che l&#8217;utente non richieda diversamente, e dopo questo periodo saranno distrutti.<\/p>\n<p>3.2. Dati tecnici di natura personale<\/p>\n<p style=\"padding-left: 40px;\">I dati tecnici di natura personale sono conservati per un massimo di 365 giorni, salvo diversa richiesta dell&#8217;utente, e, trascorso tale periodo, saranno distrutti.<\/p>\n<p><b>Destinatari dei dati personali<\/b><\/p>\n<p>I dati personali raccolti possono essere trasmessi a :<\/p>\n<p>4.1. Dati personali raccolti dal modulo di contatto sul nostro sito web:<\/p>\n<p style=\"padding-left: 40px;\">Ai servizi amministrativi<\/p>\n<p style=\"padding-left: 40px;\">Le Monde de la Vanille per potervi contattare e rispondere alle vostre richieste inviate tramite il modulo di contatto.<\/p>\n<p>4.2. Dati personali raccolti dal modulo di contatto nel footer del vostro sito web:<\/p>\n<p style=\"padding-left: 40px;\">Ai servizi amministrativi<\/p>\n<p style=\"padding-left: 40px;\">Le Monde de la Vanille per potervi contattare e rispondere alle vostre richieste inviate tramite il modulo di contatto.<\/p>\n<p>4.3. Per i dati tecnici di natura personale<\/p>\n<p style=\"padding-left: 40px;\">Al servizio web di Le Monde de la Vanille incaricato della gestione di questo sito e, se necessario, a un fornitore di servizi autorizzato per il suo utilizzo. Il fornitore di servizi utilizzer\u00e0 i dati in conformit\u00e0 alle disposizioni della normativa vigente in materia di dati personali.<\/p>\n<p><b>Utilizzo di Google Analytics<\/b><\/p>\n<p style=\"padding-left: 40px;\"><span style=\"font-size: 0.875rem; background-color: var(--site-bg-color); color: var(--site-text-color); font-family: var(--site-main-font);\">Sul<\/span>sito web di Le Monde de la Vanille <span style=\"font-size: 0.875rem; background-color: var(--site-bg-color); color: var(--site-text-color); font-family: var(--site-main-font);\">viene utilizzato Google Analytics<\/span>. Google Analytics \u00e8 un servizio di analisi web fornito da Google per aiutarci a capire come gli utenti utilizzano i nostri siti e servizi. Google Analytics raccoglie informazioni, ad esempio, sulla frequenza con cui gli utenti visitano i siti web, su quali pagine visitano e su quali altri siti hanno visitato in precedenza. Google utilizza i dati raccolti per tracciare e analizzare l&#8217;utilizzo dei siti web, per redigere rapporti sulle attivit\u00e0 dei siti web e per condividere i dati raccolti con altri servizi di Google.<\/p>\n<p style=\"padding-left: 40px;\">Google pu\u00f2 anche utilizzare i dati raccolti per adattare e personalizzare i contenuti delle proprie reti pubblicitarie.<\/p>\n<p style=\"padding-left: 40px;\">Per proteggere la vostra privacy, Google Analytics su questo sito web \u00e8 impostato per memorizzare solo indirizzi IP anonimi (indirizzi con l&#8217;ultimo byte rimosso prima della memorizzazione).<\/p>\n<p style=\"padding-left: 40px;\">La possibilit\u00e0 di Google di utilizzare e condividere le informazioni raccolte tramite Google Analytics sulle visite al sito web dell&#8217;utente \u00e8 limitata dai Termini di servizio di Google Analytics e dall&#8217;Informativa sulla privacy di Google. Google offre un meccanismo di revoca del consenso su internet, disponibile <a href=\"https:\/\/support.google.com\/analytics\/answer\/9976101?hl=fr\"><br \/>\n  <u>qui<\/u><br \/>\n<\/a>.<\/p>\n<p><b>Utilizzo dei cookie<\/b><\/p>\n<p>6.1. Generale<\/p>\n<p style=\"padding-left: 40px;\">Per offrire una buona esperienza ai visitatori del nostro sito e per consentire l&#8217;utilizzo di determinate funzioni, utilizziamo i cookie in alcune pagine. Un cookie \u00e8 un file che registra informazioni sulla navigazione del vostro computer sul sito web (ad es. numero di visite, numero di pagine visualizzate, ecc.) e viene utilizzato per facilitare le vostre visite al sito.<\/p>\n<p style=\"padding-left: 40px;\">Potete cancellare in qualsiasi momento i &#8220;cookie&#8221; installati sul vostro computer, opporvi alla registrazione di nuovi &#8220;cookie&#8221; e ricevere una notifica prima dell&#8217;installazione di un nuovo cookie configurando il vostro strumento di navigazione.<\/p>\n<p>6.2. Come si configura il browser?<\/p>\n<p>\u00c8 possibile disattivare i cookie accedendo alle impostazioni del browser. Ecco alcuni link per i browser pi\u00f9 comuni per guidarvi in questo processo:<\/p>\n<p style=\"padding-left: 40px;\"><u><a href=\"https:\/\/support.google.com\/accounts\/answer\/61416?hl=fr&amp;co=GENIE.Platform%3DAndroid\">Google Chrome<br \/><\/a><a href=\"https:\/\/support.mozilla.org\/fr\/kb\/bloquer-cookies-firefox-focus-android\">Mozilla Firefox<br \/><\/a><a href=\"https:\/\/www.apple.com\/legal\/privacy\/fr-ww\/cookies\/#:~:text=Utilisation%20des%20cookies%20par%20Apple&amp;text=Si%20vous%20souhaitez%20d%C3%A9sactiver%20les,puis%20dans%20la%20section%20Cookies.\">Safari<br \/><\/a><a href=\"https:\/\/www.ionos.fr\/digitalguide\/sites-internet\/creation-de-sites-internet\/supprimer-les-cookies\/\">Opera<\/a><br \/><a href=\"https:\/\/support.microsoft.com\/fr-fr\/microsoft-edge\/supprimer-les-cookies-dans-microsoft-edge-63947406-40ac-c3b8-57b9-2a946a29ae09#:~:text=Dans%20Edge%2C%20s%C3%A9lectionnez%20Param%C3%A8tres%20et%20autres%20%3E%20Param%C3%A8tres%20%3E%20cookies%20et,vous%20souhaitez%20supprimer%20les%20cookies.\">Bordo<\/a><\/u><\/p>\n<p>Si noti che la mancata autorizzazione dei cookie pu\u00f2 impedire, in tutto o in parte, il corretto funzionamento del sito web https:\/\/www.mondevanille.com\/.<\/p>\n<p>6.3. Tipi di cookie utilizzati<\/p>\n<p style=\"padding-left: 40px;\">Vengono utilizzati vari tipi di cookie:<\/p>\n<p style=\"padding-left: 40px;\">Cookie destinati a gestire globalmente la visita dell&#8217;utente: sessione, accesso al sito, servizio richiesto e registrazione della scelta dell&#8217;utente in merito ai cookie.<br \/>Cookie offerti da terze parti che consentono l&#8217;accesso a particolari funzioni (mappatura, social network&#8230;.)<br \/>Cookie a fini statistici.<\/p>\n<p>6.4. Elenco dei cookie utilizzati e durata della loro conservazione:<\/p>\n<p style=\"padding-left: 40px;\">In particolare, utilizziamo i cookie elencati di seguito.<\/p>\n<p style=\"padding-left: 40px;\">Se l&#8217;utente non lo cancella, il cookie viene memorizzato per tutto il tempo in cui viene utilizzato (vedere la descrizione nella tabella sottostante). Viene quindi cancellato automaticamente entro un periodo che varia da 30 a 365 giorni a seconda del tipo di cookie generato.<\/p>\n<p>Diritti di accesso ai dati personali<\/p>\n<p>Ai sensi della legge sulla protezione dei dati personali del 6 gennaio 1978 e del Regolamento UE 2016\/679 del 27 aprile 2016, e a condizione di poter dimostrare la propria identit\u00e0 e se le condizioni di tali diritti sono soddisfatte, \u00e8 possibile esercitare i propri diritti:<\/p>\n<ul>\n<li style=\"list-style-type: none;\">\n<ul>\n<li>accesso ;<\/li>\n<li>di rettifica ;<\/li>\n<li>cancellazione ;<\/li>\n<li>limitazione ;<\/li>\n<li>portabilit\u00e0 ;<\/li>\n<li>per cancellare i vostri dati personali;<\/li>\n<li>di revocare il consenso in qualsiasi momento, senza pregiudicare la liceit\u00e0 del trattamento basato sul consenso prestato prima della revoca.<\/li>\n<\/ul>\n<\/li>\n<\/ul>\n<p>Tutti i diritti dell&#8217;utente possono essere esercitati contattando il nostro responsabile della protezione dei dati al seguente indirizzo: <a href=\"mailto:donneespersonnelles@mondevanille.com\">donneespersonnelles@mondevanille.com<\/a><\/p>\n<p>Avete inoltre il diritto di presentare un reclamo alla CNIL.<\/p>\n<p><b>Sicurezza<\/b><\/p>\n<p style=\"padding-left: 40px;\">I vostri dati personali sono ospitati su server sicuri e ci impegniamo al massimo per garantirne la protezione. Tuttavia, anche se il sito Le Monde de la Vanille utilizza il protocollo https, che consente la crittografia dei dati scambiati, Internet rimane un sistema aperto. Le Monde de la Vanille non pu\u00f2 quindi garantire la sicurezza delle informazioni che ci trasmettete via Internet e declina ogni responsabilit\u00e0 in caso di uso illegittimo o fraudolento da parte di terzi non autorizzati.<\/p>\n\t\t\t\t\t\t\t\t<\/div>\n\t\t\t\t<\/div>\n\t\t\t\t\t<\/div>\n\t\t\t\t<\/div>\n\t\t\t\t<\/div>\n\t\t","protected":false},"excerpt":{"rendered":"<p>1. Ente responsabile del trattamento dei dati Il mondo della vaniglia Il signor AUBRUN Bruno \u00e8 presidente della societ\u00e0 Le Monde de la Vanille. La sede centrale di questa societ\u00e0 si trova attualmente a Le Clos des Perdrix 76700 GAINNEVILLE. SIRET : 44784534800021 Tipo di dati personali e finalit\u00e0 della raccolta Le informazioni che raccogliamo attraverso questo sito, e con\u2026<\/p>\n","protected":false},"author":2,"featured_media":0,"parent":0,"menu_order":0,"comment_status":"closed","ping_status":"closed","template":"","meta":{"footnotes":""},"class_list":["post-16211","page","type-page","status-publish","hentry"],"aioseo_notices":[],"_links":{"self":[{"href":"https:\/\/mondevanille.com\/it\/wp-json\/wp\/v2\/pages\/16211","targetHints":{"allow":["GET"]}}],"collection":[{"href":"https:\/\/mondevanille.com\/it\/wp-json\/wp\/v2\/pages"}],"about":[{"href":"https:\/\/mondevanille.com\/it\/wp-json\/wp\/v2\/types\/page"}],"author":[{"embeddable":true,"href":"https:\/\/mondevanille.com\/it\/wp-json\/wp\/v2\/users\/2"}],"replies":[{"embeddable":true,"href":"https:\/\/mondevanille.com\/it\/wp-json\/wp\/v2\/comments?post=16211"}],"version-history":[{"count":0,"href":"https:\/\/mondevanille.com\/it\/wp-json\/wp\/v2\/pages\/16211\/revisions"}],"wp:attachment":[{"href":"https:\/\/mondevanille.com\/it\/wp-json\/wp\/v2\/media?parent=16211"}],"curies":[{"name":"wp","href":"https:\/\/api.w.org\/{rel}","templated":true}]}}