{"id":55629,"date":"2021-02-04T09:49:27","date_gmt":"2021-02-04T08:49:27","guid":{"rendered":"https:\/\/mondevanille.com\/kit-predefinito-2\/"},"modified":"2024-04-24T16:43:32","modified_gmt":"2024-04-24T14:43:32","slug":"kit-predefinito-2","status":"publish","type":"page","link":"https:\/\/mondevanille.com\/it\/kit-predefinito-2\/","title":{"rendered":"Politica sui cookie (UE)"},"content":{"rendered":"\t\t<div data-elementor-type=\"wp-page\" data-elementor-id=\"55629\" class=\"elementor elementor-55629 elementor-55627\" data-elementor-post-type=\"page\">\n\t\t\t\t<div class=\"elementor-element elementor-element-0e0c54f e-flex e-con-boxed e-con e-parent\" data-id=\"0e0c54f\" data-element_type=\"container\" data-e-type=\"container\">\n\t\t\t\t\t<div class=\"e-con-inner\">\n\t\t\t\t<div class=\"elementor-element elementor-element-e04ce9c elementor-widget elementor-widget-text-editor\" data-id=\"e04ce9c\" data-element_type=\"widget\" data-e-type=\"widget\" data-widget_type=\"text-editor.default\">\n\t\t\t\t<div class=\"elementor-widget-container\">\n\t\t\t\t\t\t\t\t\t<p>In conformit\u00e0 alle disposizioni degli articoli 6-III e 19 della legge francese n. 2004-575 del 21 giugno 2004 sulla fiducia nell&#8217;economia digitale, di seguito denominata &#8220;L.C.E.N.&#8221;, gli utenti e i visitatori, di seguito denominati &#8220;Utenti&#8221;, sono informati dei termini e delle condizioni di utilizzo del Sito.<strong>Utente&#8221;<\/strong>sul sito web https:\/\/www.mondevanille.com, di seguito indicato come il &#8220;<strong>Sito web<\/strong>&#8220;Questi avvisi legali.<br \/>La connessione e la navigazione nel Sito da parte dell&#8217;Utente implica l&#8217;accettazione integrale e senza riserve della presente nota legale.<br \/>Questi sono disponibili sul Sito alla voce <strong>&#8220;Informazioni legali<\/strong> &#8220;.<\/p>\n<h2>ARTICOLO 1 - L&#8217;EDITORE<\/h2>\n<p>Il Sito \u00e8 pubblicato da AROM&#8217;ESSENCE SASU con capitale di 107700,00 euro, iscritta al Registre du Commerce et des Soci\u00e9t\u00e9s de Gainneville con il numero 447845348, la cui sede legale si trova in ZA LE Clos des Perdrix, Cote des Chataigniers,<br \/>Numero di telefono 0235245220,<br \/>Indirizzo e-mail: contact@mondevanille.com.<br \/>Partita IVA intracomunitaria: FR17447845348<br \/>Il direttore editoriale \u00e8 Bruno AUBRUN<br \/>di seguito l&#8217;<strong>&#8220;Editore<\/strong>&#8220;.<\/p>\n<h2>ARTICOLO 2 - L&#8217;OSPITE<\/h2>\n<p>L&#8217;host del Sito \u00e8 HOSTINGER, la cui sede legale si trova al 143 di Rue Emile Julien, 34070 Montpellier, Francia, <strong>0892977093 <\/strong>, gdpr@hostinger.com.<strong><br \/><\/strong><\/p>\n<h1>  ARTICOLO 3 - ACCESSO AL SITO<\/h1>\n<p>Il Sito \u00e8 accessibile in ogni momento, 7 giorni su 7, 24 ore su 24, salvo in caso di forza maggiore, di interruzione programmata o non programmata o di necessit\u00e0 di manutenzione.<br \/>In caso di modifica, interruzione o sospensione del Sito, l&#8217;Editore non sar\u00e0 ritenuto responsabile.<\/p>\n<h2>ARTICOLO 4 - RACCOLTA DEI DATI<\/h2>\n<p>Il Sito garantisce che i dati personali dell&#8217;Utente siano raccolti e trattati in conformit\u00e0 con la legge francese sulla protezione dei dati personali n. 78-17 del 6 gennaio 1978.<br \/>Ai sensi della legge francese sulla protezione dei dati personali del 6 gennaio 1978, gli utenti hanno il diritto di accedere, rettificare, cancellare e opporsi ai propri dati personali. L&#8217;Utente esercita questo diritto:<\/p>\n<ul>\n<li>via e-mail a rgpd@mondevanille.com<\/li>\n<li>per posta a ZA Le Clos des Perdrix - C\u00f4te des Ch\u00e2taigniers 76700 Gainneville - FRANCIA;<\/li>\n<\/ul>\n<p>Qualsiasi utilizzo, riproduzione, distribuzione, commercializzazione o modifica di tutto o parte del Sito senza l&#8217;autorizzazione dell&#8217;Editore \u00e8 vietata e pu\u00f2 comportare azioni legali come previsto dal Codice della Propriet\u00e0 Intellettuale francese e dal Codice Civile francese.<br \/>Per ulteriori informazioni, ti invitiamo a consultare i Termini e le Condizioni del sito web <a href=\"https:\/\/mondevanille.com\/it\/\">https:\/\/www.mondevanille.com<\/a>, consultabili alla voce &#8220;<span style=\"color: #000000;\"><br \/>\n  <strong><br \/>\n    <a style=\"color: #000000;\" title=\"Termini e Condizioni\" href=\"https:\/\/mondevanille.com\/it\/cgv\/\">GTC<\/a><br \/>\n  <\/strong><br \/>\n<\/span>&#8220;<\/p>\n\t\t\t\t\t\t\t\t<\/div>\n\t\t\t\t<\/div>\n\t\t\t\t\t<\/div>\n\t\t\t\t<\/div>\n\t\t\t\t<\/div>\n\t\t","protected":false},"excerpt":{"rendered":"<p>In conformit\u00e0 alle disposizioni degli articoli 6-III e 19 della legge francese n. 2004-575 del 21 giugno 2004 sulla fiducia nell&#8217;economia digitale, di seguito denominata &#8220;L.C.E.N.&#8221;, gli utenti e i visitatori, di seguito denominati &#8220;Utenti&#8221;, sono informati dei termini e delle condizioni di utilizzo del Sito.Utente&#8221;sul sito web https:\/\/www.mondevanille.com, di seguito indicato come il &#8220;Sito web&#8220;Questi avvisi legali.La connessione e\u2026<\/p>\n","protected":false},"author":0,"featured_media":0,"parent":0,"menu_order":0,"comment_status":"closed","ping_status":"closed","template":"","meta":{"footnotes":""},"class_list":["post-55629","page","type-page","status-publish","hentry"],"aioseo_notices":[],"_links":{"self":[{"href":"https:\/\/mondevanille.com\/it\/wp-json\/wp\/v2\/pages\/55629","targetHints":{"allow":["GET"]}}],"collection":[{"href":"https:\/\/mondevanille.com\/it\/wp-json\/wp\/v2\/pages"}],"about":[{"href":"https:\/\/mondevanille.com\/it\/wp-json\/wp\/v2\/types\/page"}],"replies":[{"embeddable":true,"href":"https:\/\/mondevanille.com\/it\/wp-json\/wp\/v2\/comments?post=55629"}],"version-history":[{"count":0,"href":"https:\/\/mondevanille.com\/it\/wp-json\/wp\/v2\/pages\/55629\/revisions"}],"wp:attachment":[{"href":"https:\/\/mondevanille.com\/it\/wp-json\/wp\/v2\/media?parent=55629"}],"curies":[{"name":"wp","href":"https:\/\/api.w.org\/{rel}","templated":true}]}}