{"id":6745,"date":"2022-04-27T11:21:53","date_gmt":"2022-04-27T09:21:53","guid":{"rendered":"http:\/\/mondevanille.com\/termini-e-condizioni\/"},"modified":"2025-10-29T16:44:45","modified_gmt":"2025-10-29T15:44:45","slug":"cgv","status":"publish","type":"page","link":"https:\/\/mondevanille.com\/it\/cgv\/","title":{"rendered":"Termini e Condizioni"},"content":{"rendered":"\t\t<div data-elementor-type=\"wp-page\" data-elementor-id=\"6745\" class=\"elementor elementor-6745 elementor-4758\" data-elementor-post-type=\"page\">\n\t\t\t\t<div class=\"elementor-element elementor-element-f74fd8b e-flex e-con-boxed e-con e-parent\" data-id=\"f74fd8b\" data-element_type=\"container\" data-e-type=\"container\">\n\t\t\t\t\t<div class=\"e-con-inner\">\n\t\t\t\t<div class=\"elementor-element elementor-element-64ddfd1 elementor-widget elementor-widget-woocommerce-breadcrumb\" data-id=\"64ddfd1\" data-element_type=\"widget\" data-e-type=\"widget\" data-widget_type=\"woocommerce-breadcrumb.default\">\n\t\t\t\t<div class=\"elementor-widget-container\">\n\t\t\t\t\t<nav class=\"woocommerce-breadcrumb\">Home<\/nav>\t\t\t\t<\/div>\n\t\t\t\t<\/div>\n\t\t\t\t\t<\/div>\n\t\t\t\t<\/div>\n\t\t\t\t<div class=\"elementor-section elementor-top-section elementor-element elementor-element-f7362dc elementor-section-boxed elementor-section-height-default elementor-section-height-default\" data-id=\"f7362dc\" data-element_type=\"section\" data-e-type=\"section\">\n\t\t\t\t\t\t<div class=\"elementor-container elementor-column-gap-default\">\n\t\t\t\t\t<div class=\"elementor-column elementor-col-100 elementor-top-column elementor-element elementor-element-928f3e2\" data-id=\"928f3e2\" data-element_type=\"column\" data-e-type=\"column\">\n\t\t\t<div class=\"elementor-widget-wrap elementor-element-populated\">\n\t\t\t\t\t\t<div class=\"elementor-element elementor-element-891e985 elementor-widget elementor-widget-text-editor\" data-id=\"891e985\" data-element_type=\"widget\" data-e-type=\"widget\" data-widget_type=\"text-editor.default\">\n\t\t\t\t<div class=\"elementor-widget-container\">\n\t\t\t\t\t\t\t\t\t<p>L&#8217;ACCETTAZIONE DELLE NOSTRE OFFERTE E DELLE NOSTRE FORNITURE IMPLICA L&#8217;ACCETTAZIONE DELLE CONDIZIONI GENERALI DI VENDITA DI SEGUITO INDICATE.<\/p>\n<p><b>PREZZO<\/b><\/p>\n<p>I prezzi indicati sono comprensivi di IVA (tutte le tasse incluse) ed escluse le spese di spedizione (salvo promozioni o indicazioni specifiche).<\/p>\n<p>Costi di spedizione solo per Francia e Corsica:<br>Per ordini inferiori a 50,00 euro IVA inclusa, vengono applicate spese di spedizione fisse di 5,90 euro IVA inclusa. Gli ordini pari o superiori a 50,00 euro IVA inclusa beneficiano della spedizione gratuita. Gli ordini o gli articoli con spedizione gratuita (bustine) sono previsti solo per consegne in Francia metropolitana e Corsica. I prezzi indicati sono validi solo il giorno della registrazione del vostro ordine e possono essere modificati senza preavviso da parte nostra. &nbsp;<\/p>\n<p><b>TEMPI E CONDIZIONI DI CONSEGNA<\/b><\/p>\n<p>Confermiamo la ricezione del tuo ordine tramite e-mail di ritorno (campo obbligatorio per risponderti). Gli ordini sono gestiti nell&#8217;ordine di arrivo e nella misura della disponibilit\u00e0 dei prodotti regolarmente offerti in vendita. Gli ordini vengono spediti entro 24\/48 ore (giorni lavorativi) dalla conferma e convalida del pagamento. I tempi di consegna variano dalle 24 alle 72 ore. Le scadenze che indichiamo sono soggette a ritardo derivante da casi di forza maggiore e al di fuori del nostro controllo (sciopero, danno, ecc.).<\/p>\n<p>I pacchi vengono spediti per posta (collissimo seguito) o tramite corriere privato. In caso di assenza dell&#8217;acquirente al momento della consegna, il vettore comunica il suo passaggio tramite bollettino e informa dei termini di ritiro da parte del cliente o del suo successivo passaggio. &nbsp;&nbsp;<br>Se il corriere non \u00e8 in grado di consegnare la merce per motivi legati al cliente (assenza, indirizzo errato, informazioni insufficienti, ecc.) e dopo due visite infruttuose, LE MONDE DE LA VANILLE non potr\u00e0 essere ritenuta responsabile per il ritardo nella consegna In caso di temporanea mancanza di scorte, informeremo il cliente, che potr\u00e0 annullare l&#8217;acquisto in qualsiasi momento.<br>In questo caso, ci impegniamo a rimborsare al cliente l&#8217;intero importo pagato. I prodotti vengono consegnati all&#8217;indirizzo indicato dal cliente al momento dell&#8217;ordine. <\/p>\n<p>&nbsp;Lettere raccomandate \/\/ Collissimo consegnato senza firma \/\/ Consegna in cassetta delle lettere senza firma :<\/p>\n<p>Spetta al cliente garantire la compatibilit\u00e0 di questo metodo di consegna con la sicurezza della sua casella di posta (con accesso limitato).<\/p>\n<p>Le informazioni fornite dal corriere sono autentiche (lampeggiante e tracciabilit\u00e0 del pacco).<\/p>\n<p>In caso di controversie, la nostra responsabilit\u00e0 non pu\u00f2 essere messa in discussione. Il nostro intervento si limita a mettere in contatto il cliente con il servizio clienti del vettore. &nbsp;&nbsp;&nbsp;&nbsp;La responsabilit\u00e0 del venditore cessa nel momento in cui il consumatore entra in possesso dei beni (confezione indicata come &#8220;consegnata&#8221;), e i rischi di perdita o danno sono trasferiti al consumatore.<\/p>\n<p>&nbsp;Se il vettore si rifiuta di pagare il risarcimento, ti ricordiamo gli articoli L133-3 e L.224-65 del Codice del Consumo per rivolgerti contro il fornitore di servizi incaricato del trasporto della merce e le relative responsabilit\u00e0.<\/p>\n<p><b>RECESSO - GARANZIA - RESO DELLA MERCE - DOCUMENTAZIONE.<\/b><\/p>\n<p>Qualsiasi pretesa di ammissibilit\u00e0 deve essere avanzata entro 48 ore dal ricevimento della merce (per iscritto).<\/p>\n<p>\u00c8 responsabilit\u00e0 del cliente segnalare eventuali anomalie (pacco danneggiato, danneggiamento, fuoriuscita di liquidi, ecc.) sulla bolla di consegna al ricevimento del proprio pacco.<\/p>\n<p>&nbsp;Il cliente dovr\u00e0 confermare l&#8217;anomalia al corriere entro 48 ore tramite raccomandata, allegando una copia della dichiarazione a MONDE DE LA VANILLE.<\/p>\n<p>L&#8217;acquirente ha una garanzia di qualit\u00e0. Ci impegniamo a rimborsare o sostituire i prodotti non conformi. <br><br>&nbsp;&nbsp;La non conformit\u00e0 si basa su criteri oggettivi: &#8220;muffa, danni, odore anomalo come quello del creosoto, cialde che non corrispondono alla descrizione fornita al momento della vendita&#8221;. Le confezioni aperte e le cialde usate non possono essere rimborsate. Per qualsiasi restituzione di merce di cui MONDE DE LA VANILLE \u00e8 responsabile, ci faremo carico delle spese di restituzione della merce. Per ogni altro reso, le spese di rispedizione presso la nostra sede rimarranno a carico del cliente.<\/p>\n<p>Il rimborso dell&#8217;ordine viene inviato all&#8217;acquirente entro due settimane dalla restituzione della merce. &nbsp;Articolo L.121-20-2 del Codice del Consumo francese: il periodo di riflessione di 7 giorni non si applica alla fornitura di prodotti alimentari.<\/p>\n<p><br>&nbsp;l&#8217;invio di documenti relativi a un ordine \u00e8 limitato alla sola fornitura della fattura e dei documenti tecnici in nostro possesso al momento dell&#8217;ordine (scheda tecnica, bollettini di analisi se disponibili). Il cliente non pu\u00f2 richiedere ad AROM&#8217;ESSENCE - LMDV l&#8217;invio di informazioni e\/o questionari di qualit\u00e0 diversi da quelli relativi alla nostra documentazione e al nostro marchio.<\/p>\n<p><b>CONTROVERSIA \u2013 CONTROVERSIA<\/b><\/p>\n<p>&nbsp;&nbsp;Qualsiasi controversia, qualunque sia la sua natura o la sua causa, sar\u00e0 esclusivamente soggetta alla giurisdizione del Tribunale Commerciale di &#8221; LE HAVRE &#8220;, anche in caso di richiesta di garanzia o di pluralit\u00e0 di convenuti.<\/p>\n<p>&nbsp;&nbsp;&nbsp;&#8221; In conformit\u00e0 alle disposizioni del Codice del Consumo relative alla risoluzione amichevole delle controversie, AROM&#8217;ESSENCE SARL con il nome commerciale &#8220;le monde de la vanille&#8221; porta all&#8217;attenzione dei suoi clienti :<\/p>\n<p>La mediazione dei consumatori \u00e8 soggetta a normative specifiche, in particolare nel Codice del Consumo e in una direttiva europea. Di seguito le principali normative vigenti:<\/p>\n<p>L&#8217;articolo L152-1 del Codice del Consumo specifica che ogni consumatore ha diritto di ricorrere gratuitamente a un mediatore del consumo in vista della risoluzione amichevole della controversia tra lui e un professionista. <br>Il professionista pu\u00f2 istituire un proprio sistema di mediazione o proporre l&#8217;utilizzo di un mediatore per i consumatori. Gli articoli da R612-1 a R612-5 del Codice del Consumo stabiliscono come funziona la mediazione. In particolare, il sistema di mediazione deve essere facilmente accessibile, gratuito e l&#8217;esito della mediazione deve avvenire entro 90 giorni.<br>L&#8217;articolo L221-5 del Codice del Consumo prevede, tra l&#8217;altro, che il professionista debba comunicare al consumatore le informazioni relative alle modalit\u00e0 di risoluzione delle controversie prima della conclusione di un contratto di vendita o di prestazione di servizi.<br>L&#8217;articolo L221-3 del Codice del Consumo prevede che, al momento della conclusione di qualsiasi contratto scritto, il consumatore sia informato dal professionista della possibilit\u00e0 di ricorrere, in caso di controversia, alla procedura di mediazione del consumatore.<br>Ordinanza n. 2015-1033 del 20 agosto 2015 relativa alla composizione extragiudiziale delle controversie dei consumatori, che recepisce la Direttiva 2013\/11\/UE che funge da riferimento in tema di normativa sulla mediazione per tutti gli Stati dell&#8217;Unione Europea . Tale ordinanza \u00e8 recepita dal decreto attuativo del 30 ottobre 2015.<\/p>\n<p>&nbsp;&nbsp; Previa richiesta scritta da parte dei consumatori ad AROM&#8217;ESSENCE SARL &#8220;le monde de la vanille&#8221;, ZA le clos des perdrix - c\u00f4te des Chataigniers - 76700 gainneville, il Servizio di Mediazione pu\u00f2 essere contattato per qualsiasi controversia di consumo per la quale la risoluzione interna di AROM&#8217;ESSENCE - LMDV non abbia avuto successo. Per sapere come contattare il Mediatore, clicca qui:<strong><span style=\"color: #ff0000;\">&nbsp;<span style=\"color: #800000;\"><a style=\"color: #800000;\" href=\"https:\/\/ec.europa.eu\/consumers\/odr\/main\/index.cfm?event=main.home2.show&amp;lng=FR\" target=\"_blank\" rel=\"noopener\">ec.europa.eu\/consumatori\/odr<\/a>&nbsp;<\/span><\/span><\/strong>&nbsp;&nbsp;. &#8221; <\/p>\n<p><b>PAGAMENTO<\/b><\/p>\n<p>Il pagamento viene effettuato secondo le condizioni previste al momento dell&#8217;ordine:<\/p>\n<p><br><br>Pagamento online con carta di credito; l&#8217;ordine sar\u00e0 spedito non appena ricevuto il pagamento. Il pagamento con assegno non sar\u00e0 pi\u00f9 possibile dal 1\u00b0 gennaio 2025. Con bonifico bancario (l&#8217;ordine sar\u00e0 spedito non appena il pagamento sar\u00e0 confermato):<\/p>\n<p>IBAN :&nbsp; &nbsp; &nbsp; &nbsp; &nbsp; &nbsp; &nbsp; &nbsp; &nbsp; &nbsp;  FR76 1830 6000 6511 8202 5070 660<br>Addebito diretto&nbsp;:&nbsp; &nbsp;  CREDITO AGRICOLO&nbsp;  - GONFREVILLE L&#8217;ORCHER<br>BIC (swift) :&nbsp; &nbsp; &nbsp; &nbsp; &nbsp;  AGRIFRPP883<br>Titolo :&nbsp; &nbsp; &nbsp; &nbsp; &nbsp; &nbsp; &nbsp; &nbsp;  AROM&#8217;ESSENCE - IL MONDO DELLA VANIGLIA<\/p>\n<p><br><br>ZA du clos des Perdrix C\u00f4te des Ch\u00e2taigniers 76700 Gainneville - Francia<\/p>\t\t\t\t\t\t\t\t<\/div>\n\t\t\t\t<\/div>\n\t\t\t\t\t<\/div>\n\t\t<\/div>\n\t\t\t\t\t<\/div>\n\t\t<\/div>\n\t\t\t\t<\/div>\n\t\t","protected":false},"excerpt":{"rendered":"<p>L&#8217;ACCETTAZIONE DELLE NOSTRE OFFERTE E DELLE NOSTRE FORNITURE IMPLICA L&#8217;ACCETTAZIONE DELLE CONDIZIONI GENERALI DI VENDITA DI SEGUITO INDICATE. PREZZO I prezzi indicati sono comprensivi di IVA (tutte le tasse incluse) ed escluse le spese di spedizione (salvo promozioni o indicazioni specifiche). Costi di spedizione solo per Francia e Corsica:Per ordini inferiori a 50,00 euro IVA inclusa, vengono applicate spese di\u2026<\/p>\n","protected":false},"author":3,"featured_media":0,"parent":0,"menu_order":0,"comment_status":"closed","ping_status":"closed","template":"","meta":{"footnotes":""},"class_list":["post-6745","page","type-page","status-publish","hentry"],"aioseo_notices":[],"_links":{"self":[{"href":"https:\/\/mondevanille.com\/it\/wp-json\/wp\/v2\/pages\/6745","targetHints":{"allow":["GET"]}}],"collection":[{"href":"https:\/\/mondevanille.com\/it\/wp-json\/wp\/v2\/pages"}],"about":[{"href":"https:\/\/mondevanille.com\/it\/wp-json\/wp\/v2\/types\/page"}],"author":[{"embeddable":true,"href":"https:\/\/mondevanille.com\/it\/wp-json\/wp\/v2\/users\/3"}],"replies":[{"embeddable":true,"href":"https:\/\/mondevanille.com\/it\/wp-json\/wp\/v2\/comments?post=6745"}],"version-history":[{"count":0,"href":"https:\/\/mondevanille.com\/it\/wp-json\/wp\/v2\/pages\/6745\/revisions"}],"wp:attachment":[{"href":"https:\/\/mondevanille.com\/it\/wp-json\/wp\/v2\/media?parent=6745"}],"curies":[{"name":"wp","href":"https:\/\/api.w.org\/{rel}","templated":true}]}}