{"id":6758,"date":"2022-04-27T12:28:28","date_gmt":"2022-04-27T10:28:28","guid":{"rendered":"http:\/\/mondevanille.com\/avviso-legale\/"},"modified":"2025-10-27T16:40:24","modified_gmt":"2025-10-27T15:40:24","slug":"mentions-legales","status":"publish","type":"page","link":"https:\/\/mondevanille.com\/it\/mentions-legales\/","title":{"rendered":"Avviso legale"},"content":{"rendered":"\t\t<div data-elementor-type=\"wp-page\" data-elementor-id=\"6758\" class=\"elementor elementor-6758 elementor-4774\" data-elementor-post-type=\"page\">\n\t\t\t\t\t\t<div class=\"elementor-section elementor-top-section elementor-element elementor-element-7ff7400 elementor-section-boxed elementor-section-height-default elementor-section-height-default\" data-id=\"7ff7400\" data-element_type=\"section\" data-e-type=\"section\">\n\t\t\t\t\t\t<div class=\"elementor-container elementor-column-gap-default\">\n\t\t\t\t\t<div class=\"elementor-column elementor-col-100 elementor-top-column elementor-element elementor-element-e56f842\" data-id=\"e56f842\" data-element_type=\"column\" data-e-type=\"column\">\n\t\t\t<div class=\"elementor-widget-wrap elementor-element-populated\">\n\t\t\t\t\t\t<div class=\"elementor-element elementor-element-c0cb5ab elementor-widget elementor-widget-text-editor\" data-id=\"c0cb5ab\" data-element_type=\"widget\" data-e-type=\"widget\" data-widget_type=\"text-editor.default\">\n\t\t\t\t<div class=\"elementor-widget-container\">\n\t\t\t\t\t\t\t\t\t<p>Il sito web <span style=\"text-decoration: underline;\"><a href=\"https:\/\/www.mondevanille.com\">www.mondevanille.com<\/a><\/span> \u00e8 pubblicato da :<\/p><p>AROM&#8217;ESSENCE SARL<br>ZA le Clos des Perdrix - C\u00f4te des Ch\u00e2taigniers<br>76700 GAINNEVILLE<\/p><p>LE Monde de la Vanille&#8221; \u00e8 un marchio registrato presso l&#8217;INPI con il numero 3300705.<\/p><p>In conformit\u00e0 con le disposizioni della legge francese n. 2004-575 del 21 giugno 2004 sulla fiducia nell&#8217;economia digitale, gli utenti e i visitatori (di seguito denominati &#8220;Utente&#8221;) del sito web https:\/\/www.mondevanille.com (di seguito denominato &#8220;Sito&#8221;) sono informati del presente avviso legale.<br>La connessione e la navigazione nel Sito da parte dell&#8217;Utente implica l&#8217;accettazione integrale e senza riserve del presente avviso legale.<\/p><p>Questi sono disponibili sul Sito alla voce &#8220;Informazioni legali&#8221;.<\/p><h3>EDIZIONE DEL SITO<\/h3><p>Il Sito \u00e8 pubblicato dalla societ\u00e0 AROM&#8217;ESSENCE, LE MONDE DE LA VANILLE con un capitale di 107700 euro, iscritta al Registro del Commercio e delle Imprese di Le Havre B con il numero 447845348, la cui sede legale si trova presso ZA LE Clos des Perdrix, Cote des Ch\u00e2taigniers 76700 Gainneville,<\/p><p>&gt; <strong>Numero di telefono<\/strong>: 0235245220<\/p><p>&gt; <strong>Indirizzo e-mail<\/strong>: contact@mondevanille.com.<\/p><p>&gt; <strong>Partita IVA intracomunitaria<\/strong>: FR17447845348<\/p><p>&gt; <strong>Responsabile della pubblicazione<\/strong>: Bruno AUBRUN<\/p><p>di seguito l&#8217;<strong>&#8220;Editore<\/strong>&#8220;.<\/p><p><span style=\"color: var(--site-heading-color); font-family: var(--site-secondary-font); font-size: 2.1rem; background-color: var(--site-bg-color);\">WEBMASTER<\/span><\/p><p><span style=\"font-size: inherit; background-color: var(--site-bg-color); color: var(--site-text-color); font-family: var(--site-main-font);\">Il Sito \u00e8 ospitato da EASYHOSTER, la cui sede legale si trova presso Unit B, 3\/F, Kai Wan House, 146 Tung Choi Street, Mongkok, Kowloon 999077 Hong Kong.<\/span><\/p><h3><span style=\"color: var(--site-heading-color); font-family: var(--site-secondary-font); font-size: 2.1rem; background-color: var(--site-bg-color);\">ACCESSO AL SITO<\/span><\/h3><p>Il Sito \u00e8 normalmente accessibile all&#8217;Utente in qualsiasi momento. Tuttavia, l&#8217;Editore pu\u00f2, in qualsiasi momento, sospendere, limitare o interrompere il Sito al fine, in particolare, di aggiornarne o modificarne il contenuto. L&#8217;Editore non potr\u00e0 in alcun caso essere ritenuto responsabile delle possibili conseguenze di tale indisponibilit\u00e0 sulle attivit\u00e0 dell&#8217;Utente.  <\/p><h3>RACCOLTA DATI<\/h3><p>Il Sito assicura che i dati personali dell&#8217;Utente sono raccolti e trattati nel rispetto della privacy in conformit\u00e0 con la legge n. 78-17 del 6 gennaio 1978 sul trattamento dei dati, degli archivi e delle libert\u00e0 individuali e in conformit\u00e0 con i regolamenti applicabili al trattamento dei dati personali ai sensi del Regolamento (UE) 2016\/679 del Parlamento europeo e del Consiglio del 27 aprile 2016 (di seguito, insieme, i<strong>&#8220;Regolamenti applicabili in materia di protezione dei dati personali<\/strong>&#8220;).<\/p><p>In conformit\u00e0 alla normativa vigente in materia di protezione dei dati personali, gli Utenti hanno il diritto di accedere, rettificare, cancellare e opporsi ai propri dati personali. L&#8217;Utente pu\u00f2 esercitare tale diritto: <\/p><ul><li>via e-mail a rgpd@mondevanille.com<\/li><li>dal modulo di contatto;<\/li><li>dal tuo spazio personale;<\/li><\/ul><p>Qualsiasi utilizzo, riproduzione, distribuzione, commercializzazione o modifica di tutto o parte del Sito senza l&#8217;espressa autorizzazione dell&#8217;Editore \u00e8 vietata e pu\u00f2 comportare azioni e procedimenti legali come previsto dalla normativa vigente.<\/p><p>Per ulteriori informazioni, si prega di consultare i Termini e le Condizioni del sito web https:\/\/www.mondevanille.com, accessibile dalla sezione &#8220;Termini e Condizioni&#8221;.<\/p><p>Per ulteriori informazioni sulla protezione dei dati personali, ti invitiamo a consultare la Carta sulla protezione dei dati personali sul sito web https:\/\/www.mondevanille.com, accessibile dalla sezione &#8220;Dati personali&#8221;.<\/p><p>Per ulteriori informazioni sui cookie, ti invitiamo a consultare la Carta dei Cookie del sito web https:\/\/www.mondevanille.com, accessibile alla voce &#8220;Cookie&#8221;.<\/p><h3 style=\"font-family: Raleway, sans-serif; line-height: 1.1; color: #333333; margin-top: 20px; margin-bottom: 10px; font-size: 26px;\">Contatto<\/h3><p style=\"margin-bottom: 10px; color: #333333; font-family: Rokkitt, serif; font-size: 14px;\">Email : <a style=\"color: #502811;\" href=\"mailto:contact@mondevanille.com\">contact@mondevanille.com<br><\/a><\/p><h2 style=\"font-family: Raleway, sans-serif; line-height: 1.1; color: #333333; margin-top: 20px; margin-bottom: 10px; font-size: 26px;\"><span style=\"font-size: 12pt;\">Host e <span style=\"color: inherit; font-family: inherit;\">Registrar<\/span><\/span><\/h2><p style=\"margin-bottom: 10px; color: #333333; font-family: Rokkitt, serif; font-size: 14px;\">L&#8217;intero contenuto del sito (testi, suoni, immagini, fotografie, diagrammi, loghi, marchi, ecc.) \u00e8 protetto dalla legge sulla propriet\u00e0 intellettuale.<br>Fatte salve le eccezioni legali previste dal Codice della Propriet\u00e0 Intellettuale, qualsiasi riproduzione e\/o comunicazione di tutto o parte del contenuto del sito \u00e8 soggetta alla preventiva ed espressa autorizzazione di SASU AROM&#8217;ESSENCE.<\/p><p style=\"margin-bottom: 10px; color: #333333; font-family: Rokkitt, serif; font-size: 14px;\">Questo sito utilizza Google Analytics, un servizio di analisi web fornito da Google Inc. (&#8220;Google&#8221;). Google Analytics utilizza i cookie, che sono file di testo che vengono depositati sul vostro computer, per consentire al sito web di analizzare come gli utenti utilizzano il sito. I dati generati dai cookie relativi al tuo utilizzo del sito (compreso il tuo indirizzo IP) saranno trasmessi e conservati da Google su server ubicati negli Stati Uniti. Google utilizzer\u00e0 queste informazioni allo scopo di esaminare il tuo utilizzo del sito, compilare report sull&#8217;attivit\u00e0 del sito per il proprio editore e fornire altri servizi relativi all&#8217;attivit\u00e0 del sito e all&#8217;utilizzo del sito. Google pu\u00f2 comunicare questi dati a terzi in caso di obbligo legale o laddove tali terzi trattino questi dati per conto di Google, tra cui in particolare l&#8217;editore di questo sito. Google non combiner\u00e0 il tuo indirizzo IP con nessun altro dato posseduto da Google. Puoi disabilitare l&#8217;uso dei cookie selezionando le impostazioni appropriate sul tuo browser. Tuttavia, tale disattivazione potrebbe impedire l&#8217;utilizzo di alcune funzionalit\u00e0 di questo sito. Utilizzando questo sito web, acconsenti espressamente al trattamento dei tuoi dati personali da parte di Google alle condizioni e per le finalit\u00e0 sopra descritte.<\/p>\t\t\t\t\t\t\t\t<\/div>\n\t\t\t\t<\/div>\n\t\t\t\t\t<\/div>\n\t\t<\/div>\n\t\t\t\t\t<\/div>\n\t\t<\/div>\n\t\t\t\t<\/div>\n\t\t","protected":false},"excerpt":{"rendered":"<p>Il sito web www.mondevanille.com \u00e8 pubblicato da : AROM&#8217;ESSENCE SARLZA le Clos des Perdrix - C\u00f4te des Ch\u00e2taigniers76700 GAINNEVILLE LE Monde de la Vanille&#8221; \u00e8 un marchio registrato presso l&#8217;INPI con il numero 3300705. In conformit\u00e0 con le disposizioni della legge francese n. 2004-575 del 21 giugno 2004 sulla fiducia nell&#8217;economia digitale, gli utenti e i visitatori (di seguito denominati\u2026<\/p>\n","protected":false},"author":3,"featured_media":0,"parent":0,"menu_order":0,"comment_status":"closed","ping_status":"closed","template":"","meta":{"footnotes":""},"class_list":["post-6758","page","type-page","status-publish","hentry"],"aioseo_notices":[],"_links":{"self":[{"href":"https:\/\/mondevanille.com\/it\/wp-json\/wp\/v2\/pages\/6758","targetHints":{"allow":["GET"]}}],"collection":[{"href":"https:\/\/mondevanille.com\/it\/wp-json\/wp\/v2\/pages"}],"about":[{"href":"https:\/\/mondevanille.com\/it\/wp-json\/wp\/v2\/types\/page"}],"author":[{"embeddable":true,"href":"https:\/\/mondevanille.com\/it\/wp-json\/wp\/v2\/users\/3"}],"replies":[{"embeddable":true,"href":"https:\/\/mondevanille.com\/it\/wp-json\/wp\/v2\/comments?post=6758"}],"version-history":[{"count":0,"href":"https:\/\/mondevanille.com\/it\/wp-json\/wp\/v2\/pages\/6758\/revisions"}],"wp:attachment":[{"href":"https:\/\/mondevanille.com\/it\/wp-json\/wp\/v2\/media?parent=6758"}],"curies":[{"name":"wp","href":"https:\/\/api.w.org\/{rel}","templated":true}]}}