{"id":46398,"date":"2022-12-23T10:51:07","date_gmt":"2022-12-23T09:51:07","guid":{"rendered":"https:\/\/mondevanille.com\/?post_type=product&#038;p=46398"},"modified":"2025-07-03T08:36:49","modified_gmt":"2025-07-03T06:36:49","slug":"gousse-de-nouvelle-guinee-professionale","status":"publish","type":"product","link":"https:\/\/mondevanille.com\/it\/prodotto\/gousse-de-nouvelle-guinee-professionale\/","title":{"rendered":"<br><br>Baccello di vaniglia Papua Nuova Guinea PROFESSIONALE"},"content":{"rendered":"<p>In Papua Nuova Guinea si coltivano le variet\u00e0 Tahitensis e Planifolia. Molto diversa dalla sua controparte tahitiana, la Vanilla Tahitensis prodotta in Nuova Guinea \u00e8 pi\u00f9 piccante e speziata, con alcuni lotti che hanno un naso di anice e un sapore di noci tostate in cottura. L&#8217;espressione della vanillina naturale \u00e8 ancora comune sui baccelli e si presenta come macchie bianche. Vaniglia versatile, d\u00e0 il meglio di s\u00e9 con piatti caldi, carni bianche, pesce e salse.<\/p>\n<p><em><strong>Le schede tecniche, il certificato biologico e i bollettini di analisi sono disponibili nella scheda &#8220;IMPEGNO DI QUALIT\u00c0&#8221; del nostro sito web.<\/strong><\/em><\/p>\n","protected":false},"excerpt":{"rendered":"<p>\u00c8 una vaniglia versatile, ideale per accompagnare piatti caldi, carni bianche, pesce e salse, oltre che per aromatizzare tutti i tipi di dessert.<br \/>\nConfezione economica in sacchi sottovuoto da 0,250 kg a 25 kg.<br \/>\nOrigine garantita. Conforme allo standard AFNOR 5565-1.<br \/>\nI nostri prezzi sono comprensivi di IVA - consegna gratuita in Francia per ordini superiori a 50 euro.<br \/>\nDisponibile anche in<span style=\"color: #993300;\"> <a style=\"color: #993300;\" title=\"Biologico - Vaniglia al chilo\" href=\"https:\/\/mondevanille.com\/it\/prodotto\/vaniglia-in-un-kilo-bio\/\">&gt;&gt;BIO&lt;&lt;<\/a><\/span> <\/p>\n","protected":false},"featured_media":47854,"template":"","meta":[],"product_brand":[],"product_cat":[669],"product_tag":[],"class_list":{"0":"post-46398","1":"product","2":"type-product","3":"status-publish","4":"has-post-thumbnail","6":"product_cat-professionisti","8":"first","9":"instock","10":"sale","11":"taxable","12":"shipping-taxable","13":"purchasable","14":"product-type-variable","15":"wvs-archive-product-wrapper"},"aioseo_notices":[],"_links":{"self":[{"href":"https:\/\/mondevanille.com\/it\/wp-json\/wp\/v2\/product\/46398","targetHints":{"allow":["GET"]}}],"collection":[{"href":"https:\/\/mondevanille.com\/it\/wp-json\/wp\/v2\/product"}],"about":[{"href":"https:\/\/mondevanille.com\/it\/wp-json\/wp\/v2\/types\/product"}],"wp:featuredmedia":[{"embeddable":true,"href":"https:\/\/mondevanille.com\/it\/wp-json\/wp\/v2\/media\/47854"}],"wp:attachment":[{"href":"https:\/\/mondevanille.com\/it\/wp-json\/wp\/v2\/media?parent=46398"}],"wp:term":[{"taxonomy":"product_brand","embeddable":true,"href":"https:\/\/mondevanille.com\/it\/wp-json\/wp\/v2\/product_brand?post=46398"},{"taxonomy":"product_cat","embeddable":true,"href":"https:\/\/mondevanille.com\/it\/wp-json\/wp\/v2\/product_cat?post=46398"},{"taxonomy":"product_tag","embeddable":true,"href":"https:\/\/mondevanille.com\/it\/wp-json\/wp\/v2\/product_tag?post=46398"}],"curies":[{"name":"wp","href":"https:\/\/api.w.org\/{rel}","templated":true}]}}