{"id":50316,"date":"2023-04-11T16:40:03","date_gmt":"2023-04-11T14:40:03","guid":{"rendered":"https:\/\/mondevanille.com\/produit\/vaniglia-comoro-mayotte\/"},"modified":"2025-07-18T15:47:55","modified_gmt":"2025-07-18T13:47:55","slug":"vaniglia-comoro-mayotte","status":"publish","type":"product","link":"https:\/\/mondevanille.com\/it\/prodotto\/vaniglia-comoro-mayotte\/","title":{"rendered":"Vaniglia delle Comore - <br>MAYOTTE<br>"},"content":{"rendered":"<p>Mayotte \u00e8 un arcipelago dell&#8217;Oceano Indiano situato tra il Madagascar e le coste del Mozambico. \u00c8 un dipartimento e una regione francese, anche se la cultura tradizionale di Mayotte \u00e8 pi\u00f9 vicina a quella delle vicine isole Comore.<\/p>\n<p>Il colore e l&#8217;aroma sono quelli classici della vaniglia Bourbon dell&#8217;Oceano Indiano, ma meno cioccolatosi rispetto alla produzione del Madagascar.<br \/>\nLe note di testa calde e caramellate e la leggera base floreale rendono questa vaniglia finissima un accompagnamento perfetto per un dessert (crema pasticcera) o un piatto principale (carne bianca, pesce).<\/p>\n<p>Origine garantita. Conforme a Afnor 5565-1.<\/p>\n<p>I nostri prezzi sono comprensivi di IVA - spedizione gratuita in Francia per ordini pari o superiori a 50 euro.<\/p>\n","protected":false},"excerpt":{"rendered":"<p>Il colore e l&#8217;aroma sono quelli classici della Vaniglia Bourbon dell&#8217;Oceano Indiano, ma meno <em>cioccolatosi<\/em> rispetto alla produzione malgascia.<br \/>\nNote di testa calde e caramellate e una leggera base floreale fanno di questa pregiata Vaniglia un perfetto accompagnamento per un dessert (crema pasticcera) o un piatto principale (carne bianca, pesce).<\/p>\n","protected":false},"featured_media":50399,"template":"","meta":[],"product_brand":[],"product_cat":[822,514],"product_tag":[],"class_list":{"0":"post-50316","1":"product","2":"type-product","3":"status-publish","4":"has-post-thumbnail","6":"product_cat-mayotte-it","7":"product_cat-vaniglia-francese","9":"first","10":"outofstock","11":"taxable","12":"shipping-taxable","13":"purchasable","14":"product-type-variable","15":"wvs-archive-product-wrapper"},"aioseo_notices":[],"_links":{"self":[{"href":"https:\/\/mondevanille.com\/it\/wp-json\/wp\/v2\/product\/50316","targetHints":{"allow":["GET"]}}],"collection":[{"href":"https:\/\/mondevanille.com\/it\/wp-json\/wp\/v2\/product"}],"about":[{"href":"https:\/\/mondevanille.com\/it\/wp-json\/wp\/v2\/types\/product"}],"wp:featuredmedia":[{"embeddable":true,"href":"https:\/\/mondevanille.com\/it\/wp-json\/wp\/v2\/media\/50399"}],"wp:attachment":[{"href":"https:\/\/mondevanille.com\/it\/wp-json\/wp\/v2\/media?parent=50316"}],"wp:term":[{"taxonomy":"product_brand","embeddable":true,"href":"https:\/\/mondevanille.com\/it\/wp-json\/wp\/v2\/product_brand?post=50316"},{"taxonomy":"product_cat","embeddable":true,"href":"https:\/\/mondevanille.com\/it\/wp-json\/wp\/v2\/product_cat?post=50316"},{"taxonomy":"product_tag","embeddable":true,"href":"https:\/\/mondevanille.com\/it\/wp-json\/wp\/v2\/product_tag?post=50316"}],"curies":[{"name":"wp","href":"https:\/\/api.w.org\/{rel}","templated":true}]}}