{"id":65775,"date":"2026-04-29T16:27:45","date_gmt":"2026-04-29T14:27:45","guid":{"rendered":"https:\/\/mondevanille.com\/produit\/gousse-de-vanille-qualite-tk-14-16cm\/"},"modified":"2026-04-30T12:07:22","modified_gmt":"2026-04-30T10:07:22","slug":"gousse-de-vanille-qualite-tk-14-16cm","status":"publish","type":"product","link":"https:\/\/mondevanille.com\/it\/prodotto\/gousse-de-vanille-qualite-tk-14-16cm\/","title":{"rendered":"Baccello di vaniglia del Madagascar <br> Qualit\u00e0 TK 14 - 16cm"},"content":{"rendered":"<p>La vaniglia di qualit\u00e0 TK \u00e8 una via di mezzo tra la vaniglia gourmet e la vaniglia rossa di estrazione. La vaniglia TK pu\u00f2 presentare sottili chiazze rosse su alcuni baccelli.<\/p>\n<p>Meno umida e oleosa della qualit\u00e0 gourmet, la vaniglia TK ha il vantaggio di offrire un maggior numero di baccelli in peso, quindi \u00e8 pi\u00f9 economica e si conserva molto bene nel tempo.<\/p>\n<p>Queste caratteristiche aromatiche si avvicinano a quelle della vaniglia gourmet.<\/p>\n<p>Trova i nostri baccelli di vaniglia <a href=\"https:\/\/mondevanille.com\/it\/?post_type=product&#038;p=54152\">di qualit\u00e0 estrazione <span style=\"color: #ff0000;\"><strong>&gt;&lt;<\/strong><\/span><\/a><\/p>\n","protected":false},"excerpt":{"rendered":"<p>Qualit\u00e0 intermedia tra la vaniglia gourmet e la vaniglia rossa <a href=\"https:\/\/mondevanille.com\/it\/?post_type=product&#038;p=54152\" target=\"_blank\" rel=\"noopener\">da estrazione<\/a>, la vaniglia TK pu\u00f2 presentare delle sottili chiazze rosse su alcuni baccelli.<\/p>\n<p>Meno umida e oleosa della vaniglia gourmet, la vaniglia TK ha il vantaggio di offrire un maggior numero di baccelli in peso, quindi \u00e8 pi\u00f9 economica e si conserva molto bene nel tempo.<\/p>\n<p>Queste caratteristiche aromatiche sono vicine a quelle della vaniglia gourmet.<\/p>\n","protected":false},"featured_media":65801,"template":"","meta":[],"product_brand":[],"product_cat":[305,669],"product_tag":[],"class_list":{"0":"post-65775","1":"product","2":"type-product","3":"status-publish","4":"has-post-thumbnail","6":"product_cat-madagascar-it","7":"product_cat-professionisti","9":"first","10":"instock","11":"sale","12":"taxable","13":"shipping-taxable","14":"purchasable","15":"product-type-variable","16":"wvs-archive-product-wrapper"},"aioseo_notices":[],"_links":{"self":[{"href":"https:\/\/mondevanille.com\/it\/wp-json\/wp\/v2\/product\/65775","targetHints":{"allow":["GET"]}}],"collection":[{"href":"https:\/\/mondevanille.com\/it\/wp-json\/wp\/v2\/product"}],"about":[{"href":"https:\/\/mondevanille.com\/it\/wp-json\/wp\/v2\/types\/product"}],"wp:featuredmedia":[{"embeddable":true,"href":"https:\/\/mondevanille.com\/it\/wp-json\/wp\/v2\/media\/65801"}],"wp:attachment":[{"href":"https:\/\/mondevanille.com\/it\/wp-json\/wp\/v2\/media?parent=65775"}],"wp:term":[{"taxonomy":"product_brand","embeddable":true,"href":"https:\/\/mondevanille.com\/it\/wp-json\/wp\/v2\/product_brand?post=65775"},{"taxonomy":"product_cat","embeddable":true,"href":"https:\/\/mondevanille.com\/it\/wp-json\/wp\/v2\/product_cat?post=65775"},{"taxonomy":"product_tag","embeddable":true,"href":"https:\/\/mondevanille.com\/it\/wp-json\/wp\/v2\/product_tag?post=65775"}],"curies":[{"name":"wp","href":"https:\/\/api.w.org\/{rel}","templated":true}]}}