{"id":7718,"date":"2022-02-06T14:07:26","date_gmt":"2022-02-06T13:07:26","guid":{"rendered":"http:\/\/mondevanille.com\/produit\/zucchero-vanigliato-del-madagascar\/"},"modified":"2025-09-29T14:25:26","modified_gmt":"2025-09-29T12:25:26","slug":"zucchero-vaniglia-madagascar","status":"publish","type":"product","link":"https:\/\/mondevanille.com\/it\/prodotto\/zucchero-vaniglia-madagascar\/","title":{"rendered":"Zucchero di canna alla vaniglia Bourbon del Madagascar"},"content":{"rendered":"<div id=\"description-produit\">\n<div class=\"container\">\n<p>Zucchero vanigliato<\/p>\n<p>Scopri lo <strong><a title=\"Zucchero di canna\" href=\"https:\/\/fr.wikipedia.org\/wiki\/Sucre_roux_de_canne\" target=\"_blank\" rel=\"noopener\">zucchero di canna<\/a> vanigliato<\/strong> preparato da <em>Le Monde de la Vanille<\/em>. Una creazione gourmet che combina la naturale dolcezza dello zucchero di canna con l&#8217;intensit\u00e0 aromatica della <strong>vaniglia Bourbon del Madagascar<\/strong>. Realizzata con pura polvere di vaniglia, questa miscela raffinata esalta le tue ricette e aggiunge un tocco esotico ai tuoi dessert, alle bevande calde o ai dolci fatti in casa. La vaniglia Bourbon del Madagascar \u00e8 rinomata in tutto il mondo per la sua qualit\u00e0 superiore e per il suo profumo inebriante e delicato, con sottili note di cacao.   <\/p>\n<p>Il nostro zucchero di canna vanigliato \u00e8 ideale per aromatizzare il caff\u00e8, insaporire una macedonia, arricchire le tue torte o anche caramellare la tua cr\u00e8me br\u00fbl\u00e9e. Grazie all&#8217;<strong>eccezionale qualit\u00e0 della vaniglia Bourbon del Madagascar <\/strong>, ogni granello di zucchero rivela un profumo caldo, dolce e ammaliante. <\/p>\n<p>Scegliendo lo zucchero di canna vanigliato di <em>Le Monde de la Vanille<\/em>, sceglierai :<\/p>\n<ul>\n<li>Un prodotto artigianale<\/li>\n<li>Naturale<\/li>\n<li>Senza aromi artificiali.<\/li>\n<li>Pensato per gli appassionati di cucina e per gli amanti dei sapori autentici.<\/li>\n<\/ul>\n<p><strong><em>Composizione<\/em> <\/strong>Zucchero di canna non raffinato (90%), bacche di vaniglia schiacciate del Madagascar (10%).<\/p>\n<p>Prodotto lavorato e confezionato in Francia.<\/p>\n<\/div>\n<\/div>\n<div id=\"avis-clients-produit\">\n<div class=\"container\">\n<section id=\"netreviews_reviews_tab\" class=\" \">\n<div id=\"netreviews_rating_section\" data-group-name=\"\" data-url-ajax=\"\/modules\/\" data-idshop=\"1\" data-productid=\"110\" data-current-page=\"1\" data-current-option=\"horodate_DESC\" data-sortbynote=\"0\" data-max-page=\"1\">\n<div class=\"netreviews_rating_header\"><em><strong>Le schede tecniche, i certificati biologici e i bollettini di analisi sono disponibili nella sezione<a title=\"Schede tecniche\" href=\"https:\/\/mondevanille.com\/it\/schede-tecniche\/\">&#8220;IMPEGNO DI QUALIT\u00c0<\/a>&#8221; del nostro sito web.<\/strong><\/em><\/div>\n<div>\n<h6><strong>Come si usa?<\/strong><\/h6>\n<p>Il nostro zucchero vanigliato ha molti usi:<\/p>\n<ul>\n<li>Addolcisci e aromatizza il tuo caff\u00e8, t\u00e8 o cioccolata calda<\/li>\n<li>Valorizza una macedonia o uno yogurt<\/li>\n<li>Esalta il gusto di pancake, torte e biscotti<\/li>\n<li>Caramella la tua cr\u00e8me br\u00fbl\u00e9e o le crostate di frutta<\/li>\n<\/ul>\n<\/div>\n<div>\n<p><img decoding=\"async\" class=\" wp-image-51275\" src=\"https:\/\/mondevanille.com\/wp-content\/uploads\/2021\/02\/LOGO-carre.webp\" alt=\"zucchero vanigliato\" width=\"85\" height=\"85\"><\/p>\n<p>Disponibile in diversi gusti, la nostra gamma comprende anche la vaniglia in polvere naturale al 100%, nonch\u00e9 estratti di vaniglia e zucchero di vaniglia senza additivi. Tutti questi prodotti sono disponibili sul nostro sito web nel formato pi\u00f9 adatto alle vostre esigenze.<\/p>\n<p>Ordina subito online la nostra vaniglia <strong>del Madagascar<\/strong>.<\/p>\n<\/div>\n<\/div>\n<\/section>\n<\/div>\n<\/div>\n","protected":false},"excerpt":{"rendered":"<div id=\"description-produit\">\n<div class=\"container\">\n<p>Zucchero di canna con Vaniglia Bourbon del Madagascar.<br \/>\nIdeale per addolcire ed esaltare dessert, bevande calde e dolci con un autentico tocco gourmet.<\/p>\n<p><em><strong>Composizione<\/strong> <\/em>Zucchero di canna non raffinato (90%), bacche di vaniglia schiacciate del Madagascar (10%).<br \/>\n<em><strong>Presentazione<\/strong>: <\/em>Sacchetto - Barattolo - Tubo.<br \/>\nProdotto lavorato e confezionato in Francia.<\/p>\n<p>Zucchero di canna aromatizzato alla <strong>vaniglia Bourbon del Madagascar<\/strong>, preparato da <em>Le Monde de la Vanille<\/em>. Ideale per addolcire ed esaltare dessert, bevande calde e dolci con un autentico tocco gourmet. <\/p>\n<p>Disponibile anche in <a title=\"Zucchero bianco alla vaniglia\" href=\"https:\/\/mondevanille.com\/produit\/sucre-blanc-vanille\/\" target=\"_blank\" rel=\"noopener\"><span style=\"color: #ff0000;\"><strong>&gt;Zucchero bianco alla vaniglia&lt;<\/strong><\/span><\/a><\/p>\n<\/div>\n<\/div>\n","protected":false},"featured_media":56228,"template":"","meta":[],"product_brand":[],"product_cat":[349],"product_tag":[],"class_list":{"0":"post-7718","1":"product","2":"type-product","3":"status-publish","4":"has-post-thumbnail","6":"product_cat-zucchero-vanigliato","8":"first","9":"instock","10":"taxable","11":"shipping-taxable","12":"purchasable","13":"product-type-variable","14":"wvs-archive-product-wrapper"},"aioseo_notices":[],"_links":{"self":[{"href":"https:\/\/mondevanille.com\/it\/wp-json\/wp\/v2\/product\/7718","targetHints":{"allow":["GET"]}}],"collection":[{"href":"https:\/\/mondevanille.com\/it\/wp-json\/wp\/v2\/product"}],"about":[{"href":"https:\/\/mondevanille.com\/it\/wp-json\/wp\/v2\/types\/product"}],"wp:featuredmedia":[{"embeddable":true,"href":"https:\/\/mondevanille.com\/it\/wp-json\/wp\/v2\/media\/56228"}],"wp:attachment":[{"href":"https:\/\/mondevanille.com\/it\/wp-json\/wp\/v2\/media?parent=7718"}],"wp:term":[{"taxonomy":"product_brand","embeddable":true,"href":"https:\/\/mondevanille.com\/it\/wp-json\/wp\/v2\/product_brand?post=7718"},{"taxonomy":"product_cat","embeddable":true,"href":"https:\/\/mondevanille.com\/it\/wp-json\/wp\/v2\/product_cat?post=7718"},{"taxonomy":"product_tag","embeddable":true,"href":"https:\/\/mondevanille.com\/it\/wp-json\/wp\/v2\/product_tag?post=7718"}],"curies":[{"name":"wp","href":"https:\/\/api.w.org\/{rel}","templated":true}]}}