{"id":7784,"date":"2022-02-06T14:05:53","date_gmt":"2022-02-06T13:05:53","guid":{"rendered":"http:\/\/mondevanille.com\/produit\/vaniglia-della-nuova-guinea\/"},"modified":"2026-02-18T16:54:41","modified_gmt":"2026-02-18T15:54:41","slug":"vaniglia-della-nuova-guinea","status":"publish","type":"product","link":"https:\/\/mondevanille.com\/it\/prodotto\/vaniglia-della-nuova-guinea\/","title":{"rendered":"Papua Nuova Guinea vaniglia"},"content":{"rendered":"<p>In Papua Nuova Guinea si coltivano le variet\u00e0 Tahitensis e Planifolia. Molto diversa dalla sua controparte tahitiana, la vaniglia Tahitensis prodotta in Nuova Guinea \u00e8 pi\u00f9 piccante e speziata, con un sentore di foglia di tabacco; alcuni lotti hanno un profumo di anice e un sapore di noci tostate in cottura. L&#8217;espressione della vanillina naturale \u00e8 ancora comune sui baccelli e si presenta come macchie bianche. Vaniglia versatile, d\u00e0 il meglio di s\u00e9 con piatti caldi, carni bianche, pesce e salse.<\/p>\n<p><em><strong>Le schede tecniche, il certificato biologico e i bollettini di analisi sono disponibili nella scheda &#8220;IMPEGNO DI QUALIT\u00c0&#8221; del nostro sito web.<\/strong><\/em><\/p>\n","protected":false},"excerpt":{"rendered":"<p>\u00c8 una vaniglia versatile, che d\u00e0 il meglio di s\u00e9 con i piatti caldi, le carni bianche, il pesce e le salse.<br \/>\nProdotta da piante di &#8220;vanilla Tahitensis&#8221;, proprio come la vaniglia di Tahiti, \u00e8 tuttavia molto diversa dalla vaniglia di Tahiti.<br \/>\nUn sapore legnoso, speziato, grezzo, che ricorda le noci.<br \/>\nSi conserva molto bene nel tempo.<\/p>\n<p><a title=\"Baccello di vaniglia della Papua Nuova GuineaPROFESSIONALE\" href=\"https:\/\/mondevanille.com\/it\/prodotto\/gousse-de-nouvelle-guinee-professionale\/\"><span style=\"color: #ff0000;\"><strong>&gt;&gt;Trova le nostre offerte professionali qui&lt;&lt;<\/strong><\/span><\/a><\/p>\n","protected":false},"featured_media":60407,"template":"","meta":[],"product_brand":[],"product_cat":[366,198],"product_tag":[],"class_list":{"0":"post-7784","1":"product","2":"type-product","3":"status-publish","4":"has-post-thumbnail","6":"product_cat-nuova-guinea","7":"product_cat-origini","9":"first","10":"instock","11":"sale","12":"featured","13":"taxable","14":"shipping-taxable","15":"purchasable","16":"product-type-variable","17":"wvs-archive-product-wrapper"},"aioseo_notices":[],"_links":{"self":[{"href":"https:\/\/mondevanille.com\/it\/wp-json\/wp\/v2\/product\/7784","targetHints":{"allow":["GET"]}}],"collection":[{"href":"https:\/\/mondevanille.com\/it\/wp-json\/wp\/v2\/product"}],"about":[{"href":"https:\/\/mondevanille.com\/it\/wp-json\/wp\/v2\/types\/product"}],"wp:featuredmedia":[{"embeddable":true,"href":"https:\/\/mondevanille.com\/it\/wp-json\/wp\/v2\/media\/60407"}],"wp:attachment":[{"href":"https:\/\/mondevanille.com\/it\/wp-json\/wp\/v2\/media?parent=7784"}],"wp:term":[{"taxonomy":"product_brand","embeddable":true,"href":"https:\/\/mondevanille.com\/it\/wp-json\/wp\/v2\/product_brand?post=7784"},{"taxonomy":"product_cat","embeddable":true,"href":"https:\/\/mondevanille.com\/it\/wp-json\/wp\/v2\/product_cat?post=7784"},{"taxonomy":"product_tag","embeddable":true,"href":"https:\/\/mondevanille.com\/it\/wp-json\/wp\/v2\/product_tag?post=7784"}],"curies":[{"name":"wp","href":"https:\/\/api.w.org\/{rel}","templated":true}]}}